{"id":779765,"date":"2025-12-30T12:10:05","date_gmt":"2025-12-30T09:10:05","guid":{"rendered":"https:\/\/roveyayinevi.com.tr\/index.php\/urun\/gorunmeyen-machiavelli\/"},"modified":"2026-01-22T03:56:40","modified_gmt":"2026-01-22T00:56:40","slug":"gorunmeyen-machiavelli","status":"publish","type":"product","link":"https:\/\/roveyayinevi.com.tr\/index.php\/urun\/gorunmeyen-machiavelli\/","title":{"rendered":"G\u00f6r\u00fcnmeyen Machiavelli"},"content":{"rendered":"<p>Baz\u0131 eserler \u00f6ylesine \u00fcnlenir ki hem yazar\u0131n\u0131n hem de di\u011fer eserlerinin \u00f6n\u00fcne ge\u00e7er. H\u00fck\u00fcmdar bunlardan biridir ve Machiavelli\u2019nin t\u00fcm yazd\u0131klar\u0131n\u0131 bir yorumlar tekeline mahkum etmi\u015ftir. S\u00f6ylevler de H\u00fck\u00fcmdar\u2019a kar\u015f\u0131t san\u0131lan bir g\u00f6r\u00fc\u015fle, ama ayn\u0131 anlam havuzuna \u00e7ekilerek okunur ve di\u011fer eserleri g\u00f6z ard\u0131 edilince, \u00f6teki Machiavelli de \u2018g\u00f6r\u00fcnmez\u2019 olur. Ezberlerden kurtulmak i\u00e7in, H\u00fck\u00fcmdar ve S\u00f6ylevler, edebi ya da de\u011fil, Machiavelli\u2019nin di\u011fer metinlerine g\u00f6nderilerek yorumlanmal\u0131d\u0131r. B\u00f6ylece s\u0131\u011f bir Makyavelizm saplant\u0131s\u0131n\u0131, H\u00fck\u00fcmdar\u2019da ilkesizce otoriter S\u00f6ylevler\u2019de ise \u00f6zg\u00fcrl\u00fck\u00e7\u00fc san\u0131lan iki ayr\u0131 Machiavelli yan\u0131lsamas\u0131n\u0131, ikincisine yak\u0131\u015ft\u0131r\u0131lan \u2018cumhuriyet\u00e7ili\u011fi\u2019 ya da \u2018halk\u00e7\u0131l\u0131\u011f\u0131\u2019, bunlar\u0131n \u00fcst\u00fcne oturtulan \u2018karma y\u00f6netim\u2019 efsanesini sorgulamak m\u00fcmk\u00fcn olur. Bu yayg\u0131n okumada, Niccol\u00f2 Machiavelli\u2019nin Epikuros\u00e7u-Lucretius\u00e7u yan\u0131 belirir ve idealist-d\u00fcalist-teleolojik-tabii hukuk\u00e7u felsefe kar\u015f\u0131s\u0131ndaki ger\u00e7ek\u00e7ili\u011fi, onu ku\u015fkucular, g\u00f6reciler, belirlenimciler ya da maddecilerle, \u0130bn R\u00fc\u015fd, Vanini, Montaigne, Spinoza, Sade, Darwin, Marx, Nietzsche\u2026 gibi adlarla y\u00f6netim-kar\u015f\u0131t\u0131 bir hat \u00fcst\u00fcne oturtur. Kendi deyimiyle \u2018komik ve trajik tarih\u00e7i\u2019 Nicomaco da oradan her h\u00fck\u00fcmdara ve h\u00fck\u00fcmranl\u0131k d\u00fc\u015fk\u00fcn\u00fc ne alayc\u0131 ve karamsar bakar.<\/p>\n","protected":false},"excerpt":{"rendered":"<p>Baz\u0131 eserler \u00f6ylesine \u00fcnlenir ki hem yazar\u0131n\u0131n hem de di\u011fer eserlerinin \u00f6n\u00fcne ge\u00e7er. H\u00fck\u00fcmdar bunlardan biridir ve Machiavelli\u2019nin t\u00fcm yazd\u0131klar\u0131n\u0131 bir yorumlar tekeline mahkum etmi\u015ftir. S\u00f6ylevler<span class=\"excerpt-hellip\"> [\u2026]<\/span><\/p>\n","protected":false},"featured_media":0,"template":"","meta":{"_monsterinsights_skip_tracking":false,"_monsterinsights_sitenote_active":false,"_monsterinsights_sitenote_note":"","_monsterinsights_sitenote_category":0},"product_brand":[],"product_cat":[15350,17602],"product_tag":[],"class_list":{"0":"post-779765","1":"product","2":"type-product","3":"status-publish","5":"product_cat-hukuk","6":"product_cat-hukuk-uzerine","7":"pa_cilt-ciltsiz","8":"pa_tur-kitap","9":"pa_yayinevi-zoe-kitap","10":"pa_yazar-kolektif","12":"first","13":"instock","14":"sale","15":"shipping-taxable","16":"purchasable","17":"product-type-simple"},"_links":{"self":[{"href":"https:\/\/roveyayinevi.com.tr\/index.php\/wp-json\/wp\/v2\/product\/779765","targetHints":{"allow":["GET"]}}],"collection":[{"href":"https:\/\/roveyayinevi.com.tr\/index.php\/wp-json\/wp\/v2\/product"}],"about":[{"href":"https:\/\/roveyayinevi.com.tr\/index.php\/wp-json\/wp\/v2\/types\/product"}],"wp:attachment":[{"href":"https:\/\/roveyayinevi.com.tr\/index.php\/wp-json\/wp\/v2\/media?parent=779765"}],"wp:term":[{"taxonomy":"product_brand","embeddable":true,"href":"https:\/\/roveyayinevi.com.tr\/index.php\/wp-json\/wp\/v2\/product_brand?post=779765"},{"taxonomy":"product_cat","embeddable":true,"href":"https:\/\/roveyayinevi.com.tr\/index.php\/wp-json\/wp\/v2\/product_cat?post=779765"},{"taxonomy":"product_tag","embeddable":true,"href":"https:\/\/roveyayinevi.com.tr\/index.php\/wp-json\/wp\/v2\/product_tag?post=779765"}],"curies":[{"name":"wp","href":"https:\/\/api.w.org\/{rel}","templated":true}]}}