{"id":779764,"date":"2025-12-30T12:10:03","date_gmt":"2025-12-30T09:10:03","guid":{"rendered":"https:\/\/roveyayinevi.com.tr\/index.php\/urun\/hukukun-yapay-zekayla-imtihani\/"},"modified":"2026-01-22T03:56:40","modified_gmt":"2026-01-22T00:56:40","slug":"hukukun-yapay-zekayla-imtihani","status":"publish","type":"product","link":"https:\/\/roveyayinevi.com.tr\/index.php\/urun\/hukukun-yapay-zekayla-imtihani\/","title":{"rendered":"Hukukun Yapay Zekayla \u0130mtihan\u0131"},"content":{"rendered":"<p>Yapay zek\u00e2 g\u00fcndelik hayat\u0131m\u0131zda gitgide daha fazla yer edinirken hukuk kuram\u0131n\u0131, dogmatik hukukun i\u00e7eri\u011fini ve hukuk uygulamas\u0131n\u0131 d\u00f6n\u00fc\u015ft\u00fcr\u00fcc\u00fc etki yaratmas\u0131 ka\u00e7\u0131n\u0131lmaz. Bu derlemede yapay zek\u00e2n\u0131n biz insanlar a\u00e7\u0131s\u0131ndan bir has\u0131m say\u0131l\u0131p say\u0131lmayaca\u011f\u0131, yapay zek\u00e2 \u00fczerinden \u00f6znelik kavram\u0131n\u0131n yeniden tan\u0131mlan\u0131p tan\u0131mlanmayaca\u011f\u0131, buna ba\u011fl\u0131 olarak hukuki ve cezai sorumlulu\u011fun i\u00e7erik a\u00e7\u0131s\u0131ndan d\u00f6n\u00fc\u015f\u00fcme u\u011fray\u0131p u\u011framayaca\u011f\u0131 gibi tart\u0131\u015fmal\u0131 konular farkl\u0131 hukuk disiplinlerinin g\u00f6zl\u00fc\u011f\u00fcyle inceleniyor. Yapay zek\u00e2n\u0131n hukuk e\u011fitiminde kullan\u0131lmas\u0131 bir di\u011fer inceleme ba\u015fl\u0131\u011f\u0131.<\/p>\n","protected":false},"excerpt":{"rendered":"<p>Yapay zek\u00e2 g\u00fcndelik hayat\u0131m\u0131zda gitgide daha fazla yer edinirken hukuk kuram\u0131n\u0131, dogmatik hukukun i\u00e7eri\u011fini ve hukuk uygulamas\u0131n\u0131 d\u00f6n\u00fc\u015ft\u00fcr\u00fcc\u00fc etki yaratmas\u0131 ka\u00e7\u0131n\u0131lmaz. Bu derlemede yapay zek\u00e2n\u0131n biz<span class=\"excerpt-hellip\"> [\u2026]<\/span><\/p>\n","protected":false},"featured_media":0,"template":"","meta":{"_monsterinsights_skip_tracking":false,"_monsterinsights_sitenote_active":false,"_monsterinsights_sitenote_note":"","_monsterinsights_sitenote_category":0},"product_brand":[],"product_cat":[15350,17602],"product_tag":[],"class_list":{"0":"post-779764","1":"product","2":"type-product","3":"status-publish","5":"product_cat-hukuk","6":"product_cat-hukuk-uzerine","7":"pa_cilt-ciltsiz","8":"pa_tur-kitap","9":"pa_yayinevi-zoe-kitap","10":"pa_yazar-kolektif","12":"first","13":"instock","14":"sale","15":"shipping-taxable","16":"purchasable","17":"product-type-simple"},"_links":{"self":[{"href":"https:\/\/roveyayinevi.com.tr\/index.php\/wp-json\/wp\/v2\/product\/779764","targetHints":{"allow":["GET"]}}],"collection":[{"href":"https:\/\/roveyayinevi.com.tr\/index.php\/wp-json\/wp\/v2\/product"}],"about":[{"href":"https:\/\/roveyayinevi.com.tr\/index.php\/wp-json\/wp\/v2\/types\/product"}],"wp:attachment":[{"href":"https:\/\/roveyayinevi.com.tr\/index.php\/wp-json\/wp\/v2\/media?parent=779764"}],"wp:term":[{"taxonomy":"product_brand","embeddable":true,"href":"https:\/\/roveyayinevi.com.tr\/index.php\/wp-json\/wp\/v2\/product_brand?post=779764"},{"taxonomy":"product_cat","embeddable":true,"href":"https:\/\/roveyayinevi.com.tr\/index.php\/wp-json\/wp\/v2\/product_cat?post=779764"},{"taxonomy":"product_tag","embeddable":true,"href":"https:\/\/roveyayinevi.com.tr\/index.php\/wp-json\/wp\/v2\/product_tag?post=779764"}],"curies":[{"name":"wp","href":"https:\/\/api.w.org\/{rel}","templated":true}]}}