{"id":779763,"date":"2025-12-30T12:10:01","date_gmt":"2025-12-30T09:10:01","guid":{"rendered":"https:\/\/roveyayinevi.com.tr\/index.php\/urun\/birimiz-hep-uyanik\/"},"modified":"2026-04-15T03:44:19","modified_gmt":"2026-04-15T00:44:19","slug":"birimiz-hep-uyanik","status":"publish","type":"product","link":"https:\/\/roveyayinevi.com.tr\/index.php\/urun\/birimiz-hep-uyanik\/","title":{"rendered":"Birimiz Hep Uyan\u0131k"},"content":{"rendered":"<p>Sedef \u00d6zkan, Ninnik\u00e2busninni ve Ayn\u0131 Yaprakta Olmak adl\u0131 \u00f6yk\u00fc kitaplar\u0131ndan sonra Birimiz Hep Uyan\u0131k ile y\u0131llar s\u00fcren sessizli\u011fini bozuyor. R\u00fcya ile hakikatin i\u00e7 i\u00e7e ge\u00e7ti\u011fi s\u00f6zc\u00fcklerinin aras\u0131ndan bizleri y\u0131lankavi yollara, yolculuklara s\u00fcr\u00fckleyip i\u00e7imizdeki suskunluklara bir ses, bir ten oluyor.***Y\u0131lanlar masal verir, masal ister.Dedelerin be\u015fikleri t\u0131ng\u0131r m\u0131ng\u0131r sallan\u0131r\u2026 Beste biriktirir yarasalar.Bulutlar resim yapar, ku\u015flar imza atar.En b\u00fcy\u00fck kedi g\u00fcle g\u00fcle giderken ruhu t\u00fcm damlalar\u0131 kucaklar. \u015eak\u0131r \u015fak\u0131r g\u00fcl\u00fcc\u00fckler\u2026Yapraklar ninni s\u00f6yler, seni uyutur\u2026 R\u00fcyanda say\u0131klarken \u201cKaybolma benden\u2026\u201d Sonra bir yaprak do\u011far.Hayattan uykumuzu alamasak da birimiz hep uyan\u0131k.<\/p>\n","protected":false},"excerpt":{"rendered":"<p>Sedef \u00d6zkan, Ninnik\u00e2busninni ve Ayn\u0131 Yaprakta Olmak adl\u0131 \u00f6yk\u00fc kitaplar\u0131ndan sonra Birimiz Hep Uyan\u0131k ile y\u0131llar s\u00fcren sessizli\u011fini bozuyor. R\u00fcya ile hakikatin i\u00e7 i\u00e7e ge\u00e7ti\u011fi s\u00f6zc\u00fcklerinin<span class=\"excerpt-hellip\"> [\u2026]<\/span><\/p>\n","protected":false},"featured_media":0,"template":"","meta":{"_monsterinsights_skip_tracking":false,"_monsterinsights_sitenote_active":false,"_monsterinsights_sitenote_note":"","_monsterinsights_sitenote_category":0},"product_brand":[],"product_cat":[12291,18202],"product_tag":[],"class_list":{"0":"post-779763","1":"product","2":"type-product","3":"status-publish","5":"product_cat-edebiyat","6":"product_cat-hikaye","7":"pa_cilt-ciltsiz","8":"pa_tur-kitap","9":"pa_yayinevi-yitik-ulke-yayinlari","10":"pa_yazar-sedef-ozkan","12":"first","13":"instock","14":"sale","15":"shipping-taxable","16":"purchasable","17":"product-type-simple"},"_links":{"self":[{"href":"https:\/\/roveyayinevi.com.tr\/index.php\/wp-json\/wp\/v2\/product\/779763","targetHints":{"allow":["GET"]}}],"collection":[{"href":"https:\/\/roveyayinevi.com.tr\/index.php\/wp-json\/wp\/v2\/product"}],"about":[{"href":"https:\/\/roveyayinevi.com.tr\/index.php\/wp-json\/wp\/v2\/types\/product"}],"wp:attachment":[{"href":"https:\/\/roveyayinevi.com.tr\/index.php\/wp-json\/wp\/v2\/media?parent=779763"}],"wp:term":[{"taxonomy":"product_brand","embeddable":true,"href":"https:\/\/roveyayinevi.com.tr\/index.php\/wp-json\/wp\/v2\/product_brand?post=779763"},{"taxonomy":"product_cat","embeddable":true,"href":"https:\/\/roveyayinevi.com.tr\/index.php\/wp-json\/wp\/v2\/product_cat?post=779763"},{"taxonomy":"product_tag","embeddable":true,"href":"https:\/\/roveyayinevi.com.tr\/index.php\/wp-json\/wp\/v2\/product_tag?post=779763"}],"curies":[{"name":"wp","href":"https:\/\/api.w.org\/{rel}","templated":true}]}}