{"id":779759,"date":"2025-12-30T12:09:51","date_gmt":"2025-12-30T09:09:51","guid":{"rendered":"https:\/\/roveyayinevi.com.tr\/index.php\/urun\/bir-gok-gurultusu\/"},"modified":"2026-04-15T03:44:19","modified_gmt":"2026-04-15T00:44:19","slug":"bir-gok-gurultusu","status":"publish","type":"product","link":"https:\/\/roveyayinevi.com.tr\/index.php\/urun\/bir-gok-gurultusu\/","title":{"rendered":"Bir G\u00f6k G\u00fcr\u00fclt\u00fcs\u00fc"},"content":{"rendered":"<p>Y\u0131l 2055. Zaman Safarisi A.\u015e. m\u00fc\u015fterilerine benzersiz bir deneyim sunuyor: Zaman Makinesi\u2019yle ge\u00e7mi\u015fe yolculuk edip herhangi bir tarih\u00f6ncesi yarat\u0131\u011f\u0131, hatta bir Tyrannosaurus rex\u2019i bile avlayabilirsiniz! Tek ve basit bir kural var: Yol\u2019dan asla \u00e7\u0131kmay\u0131n.\u201cKelebek etkisi\u201d fikrine esin kayna\u011f\u0131 olmu\u015f bu unutulmaz \u00f6yk\u00fc, zaman yolculu\u011funun b\u00fcy\u00fcleyici ihtimallerini ve bunun insanl\u0131k i\u00e7in do\u011furaca\u011f\u0131 sonu\u00e7lar\u0131 anlat\u0131rken, ayn\u0131 zamanda en k\u00fc\u00e7\u00fck eylemlerimizin bile d\u00fcnyay\u0131 nas\u0131l d\u00f6n\u00fc\u015ft\u00fcrebilece\u011fini hat\u0131rlat\u0131yor.Bilimkurgu edebiyat\u0131n\u0131n \u00f6nde gelen dergilerinden Locus\u2019un t\u00fcr tarihinin en \u00f6nemli \u00f6yk\u00fcs\u00fc olarak nitelendirdi\u011fi Bir G\u00f6k G\u00fcr\u00fclt\u00fcs\u00fc, Elena Ferr\u00e1ndiz\u2019in g\u00f6z al\u0131c\u0131 ill\u00fcstrasyonlar\u0131 ve Ayberk Erkay\u2019\u0131n usta i\u015fi \u00e7evirisiyle T\u00fcrk\u00e7ede.\u201cRay Bradbury \u00fc\u00e7 harika roman ve \u00fc\u00e7 y\u00fcz harika \u00f6yk\u00fc yazd\u0131. Bu \u00f6yk\u00fclerden biri de Bir G\u00f6k G\u00fcr\u00fclt\u00fcs\u00fc\u2019yd\u00fc. Bug\u00fcn duydu\u011fum ses, kaybolup giden bir devin ayak sesleriydi. Ama romanlar ve \u00f6yk\u00fcler kaybolmaz; tuhaf g\u00fczellikleriyle yank\u0131lanmay\u0131 s\u00fcrd\u00fcr\u00fcrler.\u201dStephen King <\/p>\n","protected":false},"excerpt":{"rendered":"<p>Y\u0131l 2055. Zaman Safarisi A.\u015e. m\u00fc\u015fterilerine benzersiz bir deneyim sunuyor: Zaman Makinesi\u2019yle ge\u00e7mi\u015fe yolculuk edip herhangi bir tarih\u00f6ncesi yarat\u0131\u011f\u0131, hatta bir Tyrannosaurus rex\u2019i bile avlayabilirsiniz! Tek<span class=\"excerpt-hellip\"> [\u2026]<\/span><\/p>\n","protected":false},"featured_media":0,"template":"","meta":{"_monsterinsights_skip_tracking":false,"_monsterinsights_sitenote_active":false,"_monsterinsights_sitenote_note":"","_monsterinsights_sitenote_category":0},"product_brand":[],"product_cat":[12540,12291],"product_tag":[],"class_list":{"0":"post-779759","1":"product","2":"type-product","3":"status-publish","5":"product_cat-bilim-kurgu","6":"product_cat-edebiyat","7":"pa_cilt-ciltsiz","8":"pa_tur-kitap","9":"pa_yayinevi-inka-yayinlari","10":"pa_yazar-ray-bradbury","12":"first","13":"instock","14":"sale","15":"shipping-taxable","16":"purchasable","17":"product-type-simple"},"_links":{"self":[{"href":"https:\/\/roveyayinevi.com.tr\/index.php\/wp-json\/wp\/v2\/product\/779759","targetHints":{"allow":["GET"]}}],"collection":[{"href":"https:\/\/roveyayinevi.com.tr\/index.php\/wp-json\/wp\/v2\/product"}],"about":[{"href":"https:\/\/roveyayinevi.com.tr\/index.php\/wp-json\/wp\/v2\/types\/product"}],"wp:attachment":[{"href":"https:\/\/roveyayinevi.com.tr\/index.php\/wp-json\/wp\/v2\/media?parent=779759"}],"wp:term":[{"taxonomy":"product_brand","embeddable":true,"href":"https:\/\/roveyayinevi.com.tr\/index.php\/wp-json\/wp\/v2\/product_brand?post=779759"},{"taxonomy":"product_cat","embeddable":true,"href":"https:\/\/roveyayinevi.com.tr\/index.php\/wp-json\/wp\/v2\/product_cat?post=779759"},{"taxonomy":"product_tag","embeddable":true,"href":"https:\/\/roveyayinevi.com.tr\/index.php\/wp-json\/wp\/v2\/product_tag?post=779759"}],"curies":[{"name":"wp","href":"https:\/\/api.w.org\/{rel}","templated":true}]}}