{"id":779757,"date":"2025-12-30T12:09:48","date_gmt":"2025-12-30T09:09:48","guid":{"rendered":"https:\/\/roveyayinevi.com.tr\/index.php\/urun\/bir-fincan-felsefe-dogru-yoksa-geriye-ne-kalir\/"},"modified":"2026-04-15T03:44:19","modified_gmt":"2026-04-15T00:44:19","slug":"bir-fincan-felsefe-dogru-yoksa-geriye-ne-kalir","status":"publish","type":"product","link":"https:\/\/roveyayinevi.com.tr\/index.php\/urun\/bir-fincan-felsefe-dogru-yoksa-geriye-ne-kalir\/","title":{"rendered":"Bir Fincan Felsefe &#8211; Do\u011fru yoksa geriye ne kal\u0131r?"},"content":{"rendered":"<p>\u201cSorunun tam olarak ne oldu\u011funu bildi\u011finiz zaman, cevab\u0131n ne anlama geldi\u011fini de anlayacaks\u0131n\u0131z.\u201d Douglas Adams, Otostop\u00e7unun Galaksi Rehberi Homo sapiens\u2019in tarih boyunca varolu\u015funu anlamland\u0131rma \u00e7abas\u0131n\u0131n kalbi olan bilme meselesi, ger\u00e7e\u011fin aktar\u0131m\u0131ndaki sapma ile bir anlam \u00fcretse dahi hakikate denk d\u00fc\u015fmeyebilir. Biliyoruz ama neyi biliyoruz? Neden ve nas\u0131l biliyoruz? Dahas\u0131, bildi\u011fimizi d\u00fc\u015f\u00fcnd\u00fcklerimiz ger\u00e7ekten bilgi mi? Bir Fincan Felsefe\u2019de kitap boyunca bu sorular\u0131n izini s\u00fcrece\u011fiz ama bunu teorik bir egzersiz olarak de\u011fil, yazarla kahve sohbetine oturan bir d\u00fc\u015f\u00fcn arkeolo\u011fu gibi yapaca\u011f\u0131z. Neyi bildi\u011fimizi de\u011fil, nas\u0131l bildi\u011fimizi sorgulayaca\u011f\u0131z. Ve o soruyu birlikte soraca\u011f\u0131z: Bilmek h\u00e2l\u00e2 m\u00fcmk\u00fcn m\u00fc? Ve e\u011fer m\u00fcmk\u00fcnse, hangi hakikat u\u011fruna? \u201cBu kitap bir harita de\u011fildir. Bir pusula da de\u011fildir. Bu kitap bir \u00e7atlakt\u0131r; haritan\u0131n tam ortas\u0131nda beliren, ger\u00e7e\u011fin h\u00e2l\u00e2 nefes alabilece\u011fi ince bir yar\u0131k. Bir d\u00fc\u015f\u00fcncenin, bir \u015f\u00fcphenin, bir \u2018acaba?\u2019 teredd\u00fcd\u00fcn\u00fcn girebilece\u011fi kadar ince ama bir d\u00fcnyan\u0131n de\u011fi\u015febilece\u011fi kadar derin\u2026\u201d<\/p>\n","protected":false},"excerpt":{"rendered":"<p>\u201cSorunun tam olarak ne oldu\u011funu bildi\u011finiz zaman, cevab\u0131n ne anlama geldi\u011fini de anlayacaks\u0131n\u0131z.\u201d Douglas Adams, Otostop\u00e7unun Galaksi Rehberi Homo sapiens\u2019in tarih boyunca varolu\u015funu anlamland\u0131rma \u00e7abas\u0131n\u0131n kalbi<span class=\"excerpt-hellip\"> [\u2026]<\/span><\/p>\n","protected":false},"featured_media":0,"template":"","meta":{"_monsterinsights_skip_tracking":false,"_monsterinsights_sitenote_active":false,"_monsterinsights_sitenote_note":"","_monsterinsights_sitenote_category":0},"product_brand":[],"product_cat":[12389,12388],"product_tag":[],"class_list":{"0":"post-779757","1":"product","2":"type-product","3":"status-publish","5":"product_cat-diger-felsefe","6":"product_cat-felsefe","7":"pa_cilt-ciltsiz","8":"pa_tur-kitap","9":"pa_yayinevi-literatur-yayinevi","10":"pa_yazar-omer-faik-anli","12":"first","13":"instock","14":"sale","15":"shipping-taxable","16":"purchasable","17":"product-type-simple"},"_links":{"self":[{"href":"https:\/\/roveyayinevi.com.tr\/index.php\/wp-json\/wp\/v2\/product\/779757","targetHints":{"allow":["GET"]}}],"collection":[{"href":"https:\/\/roveyayinevi.com.tr\/index.php\/wp-json\/wp\/v2\/product"}],"about":[{"href":"https:\/\/roveyayinevi.com.tr\/index.php\/wp-json\/wp\/v2\/types\/product"}],"wp:attachment":[{"href":"https:\/\/roveyayinevi.com.tr\/index.php\/wp-json\/wp\/v2\/media?parent=779757"}],"wp:term":[{"taxonomy":"product_brand","embeddable":true,"href":"https:\/\/roveyayinevi.com.tr\/index.php\/wp-json\/wp\/v2\/product_brand?post=779757"},{"taxonomy":"product_cat","embeddable":true,"href":"https:\/\/roveyayinevi.com.tr\/index.php\/wp-json\/wp\/v2\/product_cat?post=779757"},{"taxonomy":"product_tag","embeddable":true,"href":"https:\/\/roveyayinevi.com.tr\/index.php\/wp-json\/wp\/v2\/product_tag?post=779757"}],"curies":[{"name":"wp","href":"https:\/\/api.w.org\/{rel}","templated":true}]}}