{"id":779756,"date":"2025-12-30T12:09:46","date_gmt":"2025-12-30T09:09:46","guid":{"rendered":"https:\/\/roveyayinevi.com.tr\/index.php\/urun\/gec-fasizm\/"},"modified":"2026-04-15T03:44:19","modified_gmt":"2026-04-15T00:44:19","slug":"gec-fasizm","status":"publish","type":"product","link":"https:\/\/roveyayinevi.com.tr\/index.php\/urun\/gec-fasizm\/","title":{"rendered":"Ge\u00e7 Fa\u015fizm"},"content":{"rendered":"<p>Bu \u00e7al\u0131\u015fma, fa\u015fizmi, birbiriyle \u00f6rt\u00fc\u015fen \u00e7oklu krizlerle yar\u0131lm\u0131\u015f ve sars\u0131lm\u0131\u015f bir d\u00fcnyaya musallat olan bir s\u00fcre\u00e7 olarak ele al\u0131p \u00e7\u00f6z\u00fcmleme \u00e7abas\u0131n\u0131n \u00fcr\u00fcn\u00fcd\u00fcr. Anti-fa\u015fist d\u00fc\u015f\u00fcncenin zengin ar\u015fivlerinden yararlanarak toplumsal hareketleri, rejimleri, bireyleri adland\u0131rmak ya da s\u0131n\u0131fland\u0131rmaktan ziyade fa\u015fizmin toplumsal ve ideolojik dinamiklerini, k\u00fclt\u00fcrlerini ve zamansall\u0131klar\u0131n\u0131 incelemektedir.  \u201cToscano&#8217;nun geni\u015f kapsaml\u0131, derinlikli \u00e7al\u0131\u015fmas\u0131 teorik a\u00e7\u0131dan tatmin edici oldu\u011fu kadar politik a\u00e7\u0131dan da ufuk a\u00e7\u0131c\u0131 niteli\u011fiyle g\u00fcn\u00fcm\u00fczde fa\u015fizmi ve fa\u015fizm kar\u015f\u0131t\u0131 politikalar\u0131 yeniden d\u00fc\u015f\u00fcnmek i\u00e7in temel bir referans.\u201d \u2014Michael Hardt, Y\u0131k\u0131c\u0131 Yetmi\u015fler kitab\u0131n\u0131n yazar\u0131 \u201cToscano, anti-fa\u015fist d\u00fc\u015f\u00fcn\u00fcrlere y\u00f6nelerek onlar\u0131n s\u00f6m\u00fcrgecilik kar\u015f\u0131t\u0131, \u0131rk\u00e7\u0131l\u0131k kar\u015f\u0131t\u0131 ve kapitalizm kar\u015f\u0131t\u0131 m\u00fccadelelere dayanan yakla\u015f\u0131mlar\u0131yla bize liberalizmin fa\u015fizme d\u00fc\u015fman olmad\u0131\u011f\u0131n\u0131, fa\u015fistlerin kapitalizmin sera ortam\u0131nda b\u00fcy\u00fcy\u00fcp serpildi\u011fini hat\u0131rlat\u0131yor.\u201d \u2014Robin D. G. Kelley, \u00d6zg\u00fcrl\u00fck D\u00fc\u015fleri: Siyah Radikal Tahayy\u00fcl kitab\u0131n\u0131n yazar\u0131 \u201cBu \u00e7ok \u00f6nemli kitapta yazar\u0131n her c\u00fcmlenin politik sonu\u00e7lar\u0131n\u0131 enine boyuna d\u00fc\u015f\u00fcnd\u00fc\u011f\u00fcn\u00fc hissediyorsunuz. Ge\u00e7 Fa\u015fizm, s\u00f6m\u00fcrgeci modernitenin ba\u015flang\u0131c\u0131ndan yirminci y\u00fczy\u0131l\u0131n ortalar\u0131na ve g\u00fcn\u00fcm\u00fcze kadar uzanan fa\u015fizmin \u00e7e\u015fitli tarihsel ba\u011flamlar\u0131n\u0131 ve tekerr\u00fcrlerini titizlikle ele al\u0131yor, farkl\u0131la\u015ft\u0131r\u0131yor ve birbirine ba\u011fl\u0131yor.\u201d \u2014 Jordy Rosenberg, Tilkinin \u0130tiraflar\u0131 kitab\u0131n\u0131n yazar\u0131<\/p>\n","protected":false},"excerpt":{"rendered":"<p>Bu \u00e7al\u0131\u015fma, fa\u015fizmi, birbiriyle \u00f6rt\u00fc\u015fen \u00e7oklu krizlerle yar\u0131lm\u0131\u015f ve sars\u0131lm\u0131\u015f bir d\u00fcnyaya musallat olan bir s\u00fcre\u00e7 olarak ele al\u0131p \u00e7\u00f6z\u00fcmleme \u00e7abas\u0131n\u0131n \u00fcr\u00fcn\u00fcd\u00fcr. Anti-fa\u015fist d\u00fc\u015f\u00fcncenin zengin ar\u015fivlerinden<span class=\"excerpt-hellip\"> [\u2026]<\/span><\/p>\n","protected":false},"featured_media":0,"template":"","meta":{"_monsterinsights_skip_tracking":false,"_monsterinsights_sitenote_active":false,"_monsterinsights_sitenote_note":"","_monsterinsights_sitenote_category":0},"product_brand":[],"product_cat":[13590,12337],"product_tag":[],"class_list":{"0":"post-779756","1":"product","2":"type-product","3":"status-publish","5":"product_cat-arastirma-inceleme-politika-siyaset","6":"product_cat-politika-siyaset","7":"pa_cilt-ciltsiz","8":"pa_tur-kitap","9":"pa_yayinevi-dipnot-yayinlari","10":"pa_yazar-sebnem-oguz","12":"first","13":"instock","14":"sale","15":"shipping-taxable","16":"purchasable","17":"product-type-simple"},"_links":{"self":[{"href":"https:\/\/roveyayinevi.com.tr\/index.php\/wp-json\/wp\/v2\/product\/779756","targetHints":{"allow":["GET"]}}],"collection":[{"href":"https:\/\/roveyayinevi.com.tr\/index.php\/wp-json\/wp\/v2\/product"}],"about":[{"href":"https:\/\/roveyayinevi.com.tr\/index.php\/wp-json\/wp\/v2\/types\/product"}],"wp:attachment":[{"href":"https:\/\/roveyayinevi.com.tr\/index.php\/wp-json\/wp\/v2\/media?parent=779756"}],"wp:term":[{"taxonomy":"product_brand","embeddable":true,"href":"https:\/\/roveyayinevi.com.tr\/index.php\/wp-json\/wp\/v2\/product_brand?post=779756"},{"taxonomy":"product_cat","embeddable":true,"href":"https:\/\/roveyayinevi.com.tr\/index.php\/wp-json\/wp\/v2\/product_cat?post=779756"},{"taxonomy":"product_tag","embeddable":true,"href":"https:\/\/roveyayinevi.com.tr\/index.php\/wp-json\/wp\/v2\/product_tag?post=779756"}],"curies":[{"name":"wp","href":"https:\/\/api.w.org\/{rel}","templated":true}]}}