{"id":779754,"date":"2025-12-30T12:09:42","date_gmt":"2025-12-30T09:09:42","guid":{"rendered":"https:\/\/roveyayinevi.com.tr\/index.php\/urun\/dag-2\/"},"modified":"2026-04-15T03:44:19","modified_gmt":"2026-04-15T00:44:19","slug":"dag-2","status":"publish","type":"product","link":"https:\/\/roveyayinevi.com.tr\/index.php\/urun\/dag-2\/","title":{"rendered":"Da\u011f"},"content":{"rendered":"<p>Ay\u0131ya g\u00f6re da\u011flar yemye\u015fil, koyuna g\u00f6re \u00e7i\u00e7eklerle s\u00fcsl\u00fc, da\u011f ke\u00e7isisine g\u00f6re dik ve kayal\u0131klarla dolu, ahtapota g\u00f6re ise sularla \u00e7evrili bir ya\u015fam alan\u0131! Peki ama hangisi hakl\u0131? Yoksa koca da\u011flar,     hepimize farkl\u0131 m\u0131 g\u00f6r\u00fcn\u00fcyor?     Etkileyici \u00e7izimleriyle bir tabloyu an\u0131msatan bu hik\u00e2ye, okurlar\u0131n\u0131 hem birlikte ke\u015ffetmeye hem de farkl\u0131 bak\u0131\u015f a\u00e7\u0131lar\u0131n\u0131 anlamaya davet ediyor!     K\u00fc\u00e7\u00fck b\u00fcy\u00fck herkes i\u00e7in; ke\u015ffetmenin, dinlemenin ve ba\u015fkas\u0131n\u0131n g\u00f6z\u00fcnden bakabilmenin \u00f6nemini hat\u0131rlatan s\u0131cac\u0131k bir macera! <\/p>\n","protected":false},"excerpt":{"rendered":"<p>Ay\u0131ya g\u00f6re da\u011flar yemye\u015fil, koyuna g\u00f6re \u00e7i\u00e7eklerle s\u00fcsl\u00fc, da\u011f ke\u00e7isisine g\u00f6re dik ve kayal\u0131klarla dolu, ahtapota g\u00f6re ise sularla \u00e7evrili bir ya\u015fam alan\u0131! Peki ama hangisi<span class=\"excerpt-hellip\"> [\u2026]<\/span><\/p>\n","protected":false},"featured_media":0,"template":"","meta":{"_monsterinsights_skip_tracking":false,"_monsterinsights_sitenote_active":false,"_monsterinsights_sitenote_note":"","_monsterinsights_sitenote_category":0},"product_brand":[],"product_cat":[12274,12284],"product_tag":[],"class_list":{"0":"post-779754","1":"product","2":"type-product","3":"status-publish","5":"product_cat-cocuk-ve-genclik-kitaplari","6":"product_cat-hikayeler","7":"pa_cilt-ciltsiz","8":"pa_tur-kitap","9":"pa_yayinevi-ucan-fil-yayinlari","10":"pa_yazar-rebecca-gugger-simon-rothlisberger","12":"first","13":"instock","14":"sale","15":"shipping-taxable","16":"purchasable","17":"product-type-simple"},"_links":{"self":[{"href":"https:\/\/roveyayinevi.com.tr\/index.php\/wp-json\/wp\/v2\/product\/779754","targetHints":{"allow":["GET"]}}],"collection":[{"href":"https:\/\/roveyayinevi.com.tr\/index.php\/wp-json\/wp\/v2\/product"}],"about":[{"href":"https:\/\/roveyayinevi.com.tr\/index.php\/wp-json\/wp\/v2\/types\/product"}],"wp:attachment":[{"href":"https:\/\/roveyayinevi.com.tr\/index.php\/wp-json\/wp\/v2\/media?parent=779754"}],"wp:term":[{"taxonomy":"product_brand","embeddable":true,"href":"https:\/\/roveyayinevi.com.tr\/index.php\/wp-json\/wp\/v2\/product_brand?post=779754"},{"taxonomy":"product_cat","embeddable":true,"href":"https:\/\/roveyayinevi.com.tr\/index.php\/wp-json\/wp\/v2\/product_cat?post=779754"},{"taxonomy":"product_tag","embeddable":true,"href":"https:\/\/roveyayinevi.com.tr\/index.php\/wp-json\/wp\/v2\/product_tag?post=779754"}],"curies":[{"name":"wp","href":"https:\/\/api.w.org\/{rel}","templated":true}]}}