{"id":779750,"date":"2025-12-30T12:09:34","date_gmt":"2025-12-30T09:09:34","guid":{"rendered":"https:\/\/roveyayinevi.com.tr\/index.php\/urun\/yap-islet-devret-projelerine-devletin-cebinden-buyuk-simbiyoz\/"},"modified":"2026-04-15T03:44:19","modified_gmt":"2026-04-15T00:44:19","slug":"yap-islet-devret-projelerine-devletin-cebinden-buyuk-simbiyoz","status":"publish","type":"product","link":"https:\/\/roveyayinevi.com.tr\/index.php\/urun\/yap-islet-devret-projelerine-devletin-cebinden-buyuk-simbiyoz\/","title":{"rendered":"Yap \u0130\u015flet Devret Projeleri\u2019ne Devletin Cebinden B\u00fcy\u00fck Simbiyoz"},"content":{"rendered":"<p>\u201cDevletin kendine \u00f6zg\u00fc s\u0131rlar\u0131, devlet s\u0131rr\u0131 hukuki rejimine tabidir, devletin kurgusal yap\u0131s\u0131 gere\u011fi ticari s\u0131rr\u0131 olmaz.\u201d (Avukat Mustafa G\u00f6khan Tek\u015fen) \u201cElinizde tuttu\u011funuz \u2018Devletin Cebinden\u2019 kitab\u0131, ihale sisteminin ara\u00e7salla\u015ft\u0131r\u0131lmas\u0131 yoluyla kamu kaynaklar\u0131na yap\u0131lan tasallutu anlatt\u0131\u011f\u0131m\u0131z serinin \u00fc\u00e7\u00fcnc\u00fcs\u00fc. Ula\u015ft\u0131rma alan\u0131nda K\u00d6\u0130 modeliyle yapt\u0131r\u0131lan otoyol, t\u00fcnel, havaliman\u0131 projelerinin ekopolitik \u00f6yk\u00fcleri bu kitab\u0131n konusu. Bu kitapta \u2018ticari s\u0131r\u2019 gerek\u00e7esiyle y\u0131llard\u0131r TBMM\u2019den ka\u00e7\u0131r\u0131lan, Say\u0131\u015ftay denet\u00e7ilerinin dahi zor ula\u015ft\u0131\u011f\u0131 Yap-\u0130\u015flet-Devret (Y\u0130D) uygulama s\u00f6zle\u015fmelerinden baz\u0131lar\u0131n\u0131n metinlerine -kimi taslak format\u0131nda- yer veriyoruz. Devlet kurumlar\u0131n\u0131n \u00f6zel sekt\u00f6r \u015firketleri ile yapt\u0131\u011f\u0131 s\u00f6zle\u015fmeleri vatanda\u015f\u0131n bilmesi gerekti\u011fi inanc\u0131yla yapt\u0131k bunu.  Bunu yaparken gazetecilik eylemine yol g\u00f6steren temel soru \u015fudur:  Devlet bizlere seneye, ondan sonraki seneye, \u00fc\u00e7, be\u015f, on y\u0131l sonra salaca\u011f\u0131 vergilere g\u00fcvenmese bu garantileri verebilir mi? Hay\u0131r.  O halde ben de r\u0131zam olmadan bana sorulmadan bor\u00e7land\u0131r\u0131ld\u0131\u011f\u0131m s\u00f6zle\u015fmeleri okuma hakk\u0131na sahibim.\u201d  \u00c7i\u011fdem Toker, bu kitapta, adaletten ekonomiye, e\u011fitimden istihdama, sa\u011fl\u0131ktan gelecek kayg\u0131s\u0131na dek umudunu yitirmi\u015f milyonlar\u0131n ve u\u00e7urum kenar\u0131nda bir \u00fclkenin neden buraya geldi\u011finin resmini \u00e7iziyor. G\u00fc\u00e7l\u00fc kalemi ve derinlikli analizleriyle, \u0131srarla ve b\u00fcy\u00fck bir cesaretle 22 y\u0131l boyunca s\u00fcrd\u00fcrd\u00fc\u011f\u00fc fikri takiple gazetecili\u011fin hakk\u0131n\u0131 da veren Toker, buradan \u00e7\u0131k\u0131\u015f\u0131n nas\u0131l olaca\u011f\u0131n\u0131 bize g\u00f6sterirken; h\u00fck\u00fcm s\u00fcren bu devrin neden bitmedi\u011fini de anlat\u0131yor: Politik ve Ekonomik Simbiyoz\u2026   Bu kitap, \u00c7i\u011fdem Toker\u2019in, Ola\u011fan \u0130\u015fler ve Milletin Cebinden kitaplar\u0131n\u0131n ard\u0131ndan \u00f6nce okura, sonra \u00fclkemize ve en \u00e7ok da gelece\u011fimize ve \u00e7ocuklar\u0131m\u0131za b\u0131rakt\u0131\u011f\u0131 tarihi de\u011ferde bir arma\u011fand\u0131r. <\/p>\n","protected":false},"excerpt":{"rendered":"<p>\u201cDevletin kendine \u00f6zg\u00fc s\u0131rlar\u0131, devlet s\u0131rr\u0131 hukuki rejimine tabidir, devletin kurgusal yap\u0131s\u0131 gere\u011fi ticari s\u0131rr\u0131 olmaz.\u201d (Avukat Mustafa G\u00f6khan Tek\u015fen) \u201cElinizde tuttu\u011funuz \u2018Devletin Cebinden\u2019 kitab\u0131, ihale<span class=\"excerpt-hellip\"> [\u2026]<\/span><\/p>\n","protected":false},"featured_media":0,"template":"","meta":{"_monsterinsights_skip_tracking":false,"_monsterinsights_sitenote_active":false,"_monsterinsights_sitenote_note":"","_monsterinsights_sitenote_category":0},"product_brand":[],"product_cat":[13590,12337],"product_tag":[],"class_list":{"0":"post-779750","1":"product","2":"type-product","3":"status-publish","5":"product_cat-arastirma-inceleme-politika-siyaset","6":"product_cat-politika-siyaset","7":"pa_cilt-ciltsiz","8":"pa_tur-kitap","9":"pa_yayinevi-tekin-yayinevi","10":"pa_yazar-cigdem-toker","12":"first","13":"instock","14":"sale","15":"shipping-taxable","16":"purchasable","17":"product-type-simple"},"_links":{"self":[{"href":"https:\/\/roveyayinevi.com.tr\/index.php\/wp-json\/wp\/v2\/product\/779750","targetHints":{"allow":["GET"]}}],"collection":[{"href":"https:\/\/roveyayinevi.com.tr\/index.php\/wp-json\/wp\/v2\/product"}],"about":[{"href":"https:\/\/roveyayinevi.com.tr\/index.php\/wp-json\/wp\/v2\/types\/product"}],"wp:attachment":[{"href":"https:\/\/roveyayinevi.com.tr\/index.php\/wp-json\/wp\/v2\/media?parent=779750"}],"wp:term":[{"taxonomy":"product_brand","embeddable":true,"href":"https:\/\/roveyayinevi.com.tr\/index.php\/wp-json\/wp\/v2\/product_brand?post=779750"},{"taxonomy":"product_cat","embeddable":true,"href":"https:\/\/roveyayinevi.com.tr\/index.php\/wp-json\/wp\/v2\/product_cat?post=779750"},{"taxonomy":"product_tag","embeddable":true,"href":"https:\/\/roveyayinevi.com.tr\/index.php\/wp-json\/wp\/v2\/product_tag?post=779750"}],"curies":[{"name":"wp","href":"https:\/\/api.w.org\/{rel}","templated":true}]}}