{"id":779749,"date":"2025-12-30T12:09:31","date_gmt":"2025-12-30T09:09:31","guid":{"rendered":"https:\/\/roveyayinevi.com.tr\/index.php\/urun\/anlatilmayan-oykuler-2\/"},"modified":"2026-04-15T03:44:19","modified_gmt":"2026-04-15T00:44:19","slug":"anlatilmayan-oykuler-2","status":"publish","type":"product","link":"https:\/\/roveyayinevi.com.tr\/index.php\/urun\/anlatilmayan-oykuler-2\/","title":{"rendered":"Anlat\u0131lmayan \u00d6yk\u00fcler 2"},"content":{"rendered":"<p>Her insan\u0131n anlatmak istedi\u011fi, anlatmaya ihtiya\u00e7 duydu\u011fu \u00f6yk\u00fcleri vard\u0131r. Bu \u00f6yk\u00fcler adeta bilin\u00e7alt\u0131n\u0131n derinliklerinde, ya\u015fanm\u0131\u015fl\u0131klar sand\u0131\u011f\u0131n\u0131n kuytu k\u00f6\u015felerinde biraz mahcup biraz da \u00e7ekingen \u015fekilde dola\u015f\u0131p durur, anlat\u0131lacaklar\u0131 an\u0131 hasretle beklerler. \u00d6yk\u00fc yolculu\u011fumuz ge\u00e7ti\u011fimiz may\u0131s ay\u0131nda bas\u0131lan Anlat\u0131lmayan \u00d6yk\u00fcler kitab\u0131n\u0131n ard\u0131ndan ikinci at\u00f6lye kat\u0131l\u0131mc\u0131lar\u0131n\u0131n yazd\u0131\u011f\u0131 \u00f6yk\u00fclerden olu\u015fan Anlat\u0131lmayan \u00d6yk\u00fcler 2 ile devam ediyor. Edebiyat\u0131m\u0131z a\u00e7\u0131s\u0131ndan emek ve umutla yo\u011frulmu\u015f do\u011fal ve s\u0131cac\u0131k metinlerin okura sunulmas\u0131n\u0131n yan\u0131 s\u0131ra, bir yazarl\u0131k at\u00f6lyesinin meyvelerini vermesi a\u00e7\u0131s\u0131ndan da \u00e7ok anlaml\u0131 ve k\u0131ymetli nadir \u00f6rneklerdendir. Anlat\u0131lmayan \u00d6yk\u00fcler 2 \u00f6yk\u00fc se\u00e7kisinde; Asl\u0131 \u015eebnem Do\u011faneli, Ay\u015fe \u00d6zt\u00fcrk, Burcu Selek Akba\u015f, Ceylin Canuyar, Duygu Ubay, G\u00f6n\u00fcl Bayer, Orhan \u00c7atma, Se\u00e7ilya Bi\u00e7er, Seltan Sara\u00e7o\u011flu, Semra Y\u0131lmaz, \u00dclkem Mavi \u00d6zazar, Ye\u015fim Taranc\u0131o\u011flu ve Zafer G\u00fcner\u2019in birbirinden g\u00fczel \u00f6yk\u00fcleri bir araya geliyor.Kitaptaki \u00f6yk\u00fcler 2025 y\u0131l\u0131n\u0131n \u015eubat-Haziran aylar\u0131 aras\u0131nda AASSM M\u00fczik K\u00fct\u00fcphanesi\u2019nde 16 hafta s\u00fcren, keman sanat\u00e7\u0131s\u0131, yazar G\u00fcnd\u00fcz \u00d6\u011f\u00fct\u2019le \u201c2. Anlat\u0131lmayan \u00d6yk\u00fcler &#8211; M\u00fczikli Yazma At\u00f6lyesi\u201dne kat\u0131lan 13 ki\u015finin yazd\u0131\u011f\u0131 \u00f6yk\u00fclerden olu\u015fuyor. Elinizdeki se\u00e7kide \u00f6yk\u00fcleri yer alan 13 yazar, 4 ayl\u0131k at\u00f6lye s\u00fcrecinde yazd\u0131klar\u0131yla \u00f6nce kendilerini, daha sonra da \u00e7evrelerindeki insanlar\u0131 \u015fa\u015f\u0131rtmaya, yazman\u0131n i\u00e7sel bir yolculuk ve ayd\u0131nlanma vesilesi oldu\u011funu kan\u0131tlamaya devam ediyorlar.<\/p>\n","protected":false},"excerpt":{"rendered":"<p>Her insan\u0131n anlatmak istedi\u011fi, anlatmaya ihtiya\u00e7 duydu\u011fu \u00f6yk\u00fcleri vard\u0131r. Bu \u00f6yk\u00fcler adeta bilin\u00e7alt\u0131n\u0131n derinliklerinde, ya\u015fanm\u0131\u015fl\u0131klar sand\u0131\u011f\u0131n\u0131n kuytu k\u00f6\u015felerinde biraz mahcup biraz da \u00e7ekingen \u015fekilde dola\u015f\u0131p durur,<span class=\"excerpt-hellip\"> [\u2026]<\/span><\/p>\n","protected":false},"featured_media":0,"template":"","meta":{"_monsterinsights_skip_tracking":false,"_monsterinsights_sitenote_active":false,"_monsterinsights_sitenote_note":"","_monsterinsights_sitenote_category":0},"product_brand":[],"product_cat":[12291,18202],"product_tag":[],"class_list":{"0":"post-779749","1":"product","2":"type-product","3":"status-publish","5":"product_cat-edebiyat","6":"product_cat-hikaye","7":"pa_cilt-ciltsiz","8":"pa_tur-kitap","9":"pa_yayinevi-potkal-kitap","10":"pa_yazar-gunduz-ogut","12":"first","13":"instock","14":"sale","15":"shipping-taxable","16":"purchasable","17":"product-type-simple"},"_links":{"self":[{"href":"https:\/\/roveyayinevi.com.tr\/index.php\/wp-json\/wp\/v2\/product\/779749","targetHints":{"allow":["GET"]}}],"collection":[{"href":"https:\/\/roveyayinevi.com.tr\/index.php\/wp-json\/wp\/v2\/product"}],"about":[{"href":"https:\/\/roveyayinevi.com.tr\/index.php\/wp-json\/wp\/v2\/types\/product"}],"wp:attachment":[{"href":"https:\/\/roveyayinevi.com.tr\/index.php\/wp-json\/wp\/v2\/media?parent=779749"}],"wp:term":[{"taxonomy":"product_brand","embeddable":true,"href":"https:\/\/roveyayinevi.com.tr\/index.php\/wp-json\/wp\/v2\/product_brand?post=779749"},{"taxonomy":"product_cat","embeddable":true,"href":"https:\/\/roveyayinevi.com.tr\/index.php\/wp-json\/wp\/v2\/product_cat?post=779749"},{"taxonomy":"product_tag","embeddable":true,"href":"https:\/\/roveyayinevi.com.tr\/index.php\/wp-json\/wp\/v2\/product_tag?post=779749"}],"curies":[{"name":"wp","href":"https:\/\/api.w.org\/{rel}","templated":true}]}}