{"id":779748,"date":"2025-12-30T12:09:28","date_gmt":"2025-12-30T09:09:28","guid":{"rendered":"https:\/\/roveyayinevi.com.tr\/index.php\/urun\/kumorin-hevessiz-bir-melek-1\/"},"modified":"2026-04-15T03:44:19","modified_gmt":"2026-04-15T00:44:19","slug":"kumorin-hevessiz-bir-melek-1","status":"publish","type":"product","link":"https:\/\/roveyayinevi.com.tr\/index.php\/urun\/kumorin-hevessiz-bir-melek-1\/","title":{"rendered":"Kumorin: Hevessiz Bir Melek 1"},"content":{"rendered":"<p>&#8220;\u015eANSSIZLIK SEN\u0130NLE OLSUN!&#8221;   Herkesin bir \u015fans mele\u011fi vard\u0131r\u2026 Peki ya sizin \u015fans mele\u011finiz, ayaklar\u0131n\u0131 uzat\u0131p patlam\u0131\u015f m\u0131s\u0131r e\u015fli\u011finde talihsizliklerinizi keyifle izliyorsa? Lise \u00f6\u011frencisi Riki, \u00e7ocuklu\u011fundan beri pe\u015fini b\u0131rakmayan u\u011fursuzlu\u011funu yenmek i\u00e7in ne denediyse sonu\u00e7 alamam\u0131\u015ft\u0131r. Son bir umutla gizemli bir rit\u00fcel yaparak koruyucu mele\u011fini bu d\u00fcnyaya \u00e7a\u011f\u0131rmaya karar verir. Ancak kar\u015f\u0131s\u0131na \u00e7\u0131kan \u201ckoruyucu melek\u201d Kumorin, y\u0131llard\u0131r tembellik edip Riki\u2019nin talihsizlikleriyle e\u011flenen umursamaz bir melektir! \u015eimdi Kumorin ger\u00e7ek d\u00fcnyaya indi\u011fine g\u00f6re\u2026 Acaba i\u015fler sonunda Riki\u2019nin lehine mi d\u00f6necek, yoksa \u015fanss\u0131zl\u0131klar\u0131 bamba\u015fka bir seviyeye mi ula\u015facak? <\/p>\n","protected":false},"excerpt":{"rendered":"<p>&#8220;\u015eANSSIZLIK SEN\u0130NLE OLSUN!&#8221; Herkesin bir \u015fans mele\u011fi vard\u0131r\u2026 Peki ya sizin \u015fans mele\u011finiz, ayaklar\u0131n\u0131 uzat\u0131p patlam\u0131\u015f m\u0131s\u0131r e\u015fli\u011finde talihsizliklerinizi keyifle izliyorsa? Lise \u00f6\u011frencisi Riki, \u00e7ocuklu\u011fundan beri<span class=\"excerpt-hellip\"> [\u2026]<\/span><\/p>\n","protected":false},"featured_media":0,"template":"","meta":{"_monsterinsights_skip_tracking":false,"_monsterinsights_sitenote_active":false,"_monsterinsights_sitenote_note":"","_monsterinsights_sitenote_category":0},"product_brand":[],"product_cat":[12291,12711],"product_tag":[],"class_list":{"0":"post-779748","1":"product","2":"type-product","3":"status-publish","5":"product_cat-edebiyat","6":"product_cat-roman-oyku","7":"pa_cilt-ciltsiz","8":"pa_tur-kitap","9":"pa_yayinevi-athica-yayinlari","10":"pa_yazar-kamisaka","12":"first","13":"instock","14":"sale","15":"shipping-taxable","16":"purchasable","17":"product-type-simple"},"_links":{"self":[{"href":"https:\/\/roveyayinevi.com.tr\/index.php\/wp-json\/wp\/v2\/product\/779748","targetHints":{"allow":["GET"]}}],"collection":[{"href":"https:\/\/roveyayinevi.com.tr\/index.php\/wp-json\/wp\/v2\/product"}],"about":[{"href":"https:\/\/roveyayinevi.com.tr\/index.php\/wp-json\/wp\/v2\/types\/product"}],"wp:attachment":[{"href":"https:\/\/roveyayinevi.com.tr\/index.php\/wp-json\/wp\/v2\/media?parent=779748"}],"wp:term":[{"taxonomy":"product_brand","embeddable":true,"href":"https:\/\/roveyayinevi.com.tr\/index.php\/wp-json\/wp\/v2\/product_brand?post=779748"},{"taxonomy":"product_cat","embeddable":true,"href":"https:\/\/roveyayinevi.com.tr\/index.php\/wp-json\/wp\/v2\/product_cat?post=779748"},{"taxonomy":"product_tag","embeddable":true,"href":"https:\/\/roveyayinevi.com.tr\/index.php\/wp-json\/wp\/v2\/product_tag?post=779748"}],"curies":[{"name":"wp","href":"https:\/\/api.w.org\/{rel}","templated":true}]}}