{"id":779745,"date":"2025-12-30T12:09:17","date_gmt":"2025-12-30T09:09:17","guid":{"rendered":"https:\/\/roveyayinevi.com.tr\/index.php\/urun\/iyi-ruhlar\/"},"modified":"2026-04-15T03:44:19","modified_gmt":"2026-04-15T00:44:19","slug":"iyi-ruhlar","status":"publish","type":"product","link":"https:\/\/roveyayinevi.com.tr\/index.php\/urun\/iyi-ruhlar\/","title":{"rendered":"\u0130yi Ruhlar"},"content":{"rendered":"<p>Aral\u0131\u011f\u0131n ilk g\u00fcn\u00fc evren bana birka\u00e7 arma\u011fan verdi. Bir dizi \u015fanss\u0131zl\u0131k ve g\u00f6r\u00fcn\u00fc\u015fe bak\u0131l\u0131rsa bir de\u2026 hayalet.   Ge\u00e7mi\u015f Noellerin Hayaleti Nolan Callahan, bu seneki g\u00f6revinin de her zamanki gibi s\u0131radan ge\u00e7ece\u011fini san\u0131yordu: Ortaya \u00e7\u0131k, korkut ve ard\u0131ndan \u00f6b\u00fcr d\u00fcnyaya geri d\u00f6n. Ancak Harriet York\u2019la tan\u0131\u015fmak her \u015feyi tepetaklak edecekti. Kar\u015f\u0131s\u0131ndaki kad\u0131n o kadar tatl\u0131yd\u0131 ki Nolan ilk kez bir gelece\u011fi olsun istiyordu. Harriet York\u2019unsa bir hayaletin ona neden musallat oldu\u011funa dair hi\u00e7bir fikri yoktu. K\u00f6t\u00fc biri de\u011fildi ya da en az\u0131ndan elinden geleni yapmaya \u00e7al\u0131\u015f\u0131yordu. Fakat kaderine raz\u0131 olup Nolan\u2019la birlikte ge\u00e7mi\u015fini ke\u015ffetmeye ba\u015flad\u0131klar\u0131nda onlar\u0131 birbirine ba\u011flayan g\u00f6r\u00fcnmez ba\u011flar birer birer ortaya \u00e7\u0131kacakt\u0131. Belki de hayatta yolunu bulmak i\u00e7in ger\u00e7ekten de ge\u00e7mi\u015fle y\u00fczle\u015fmek gerekiyordu. \u201cB.K. Borison\u2019\u0131n kitaplar\u0131n\u0131 okumak, alt\u0131n rengi bir g\u00fcnbat\u0131m\u0131yla sar\u0131l\u0131p sarmalanmak gibi.\u201d \u2013Tessa Bailey   \u201c\u0130yi Ruhlar\u2019da bir Noel roman\u0131nda arad\u0131\u011f\u0131m her \u015fey var.\u201d \u2013Nisha J. Tuli <\/p>\n","protected":false},"excerpt":{"rendered":"<p>Aral\u0131\u011f\u0131n ilk g\u00fcn\u00fc evren bana birka\u00e7 arma\u011fan verdi. Bir dizi \u015fanss\u0131zl\u0131k ve g\u00f6r\u00fcn\u00fc\u015fe bak\u0131l\u0131rsa bir de\u2026 hayalet. Ge\u00e7mi\u015f Noellerin Hayaleti Nolan Callahan, bu seneki g\u00f6revinin de<span class=\"excerpt-hellip\"> [\u2026]<\/span><\/p>\n","protected":false},"featured_media":0,"template":"","meta":{"_monsterinsights_skip_tracking":false,"_monsterinsights_sitenote_active":false,"_monsterinsights_sitenote_note":"","_monsterinsights_sitenote_category":0},"product_brand":[],"product_cat":[12291,12711],"product_tag":[],"class_list":{"0":"post-779745","1":"product","2":"type-product","3":"status-publish","5":"product_cat-edebiyat","6":"product_cat-roman-oyku","7":"pa_cilt-ciltsiz","8":"pa_tur-kitap","9":"pa_yayinevi-nox-yayinlari","10":"pa_yazar-b-k-borison","12":"first","13":"instock","14":"sale","15":"shipping-taxable","16":"purchasable","17":"product-type-simple"},"_links":{"self":[{"href":"https:\/\/roveyayinevi.com.tr\/index.php\/wp-json\/wp\/v2\/product\/779745","targetHints":{"allow":["GET"]}}],"collection":[{"href":"https:\/\/roveyayinevi.com.tr\/index.php\/wp-json\/wp\/v2\/product"}],"about":[{"href":"https:\/\/roveyayinevi.com.tr\/index.php\/wp-json\/wp\/v2\/types\/product"}],"wp:attachment":[{"href":"https:\/\/roveyayinevi.com.tr\/index.php\/wp-json\/wp\/v2\/media?parent=779745"}],"wp:term":[{"taxonomy":"product_brand","embeddable":true,"href":"https:\/\/roveyayinevi.com.tr\/index.php\/wp-json\/wp\/v2\/product_brand?post=779745"},{"taxonomy":"product_cat","embeddable":true,"href":"https:\/\/roveyayinevi.com.tr\/index.php\/wp-json\/wp\/v2\/product_cat?post=779745"},{"taxonomy":"product_tag","embeddable":true,"href":"https:\/\/roveyayinevi.com.tr\/index.php\/wp-json\/wp\/v2\/product_tag?post=779745"}],"curies":[{"name":"wp","href":"https:\/\/api.w.org\/{rel}","templated":true}]}}