{"id":779744,"date":"2025-12-30T12:09:13","date_gmt":"2025-12-30T09:09:13","guid":{"rendered":"https:\/\/roveyayinevi.com.tr\/index.php\/urun\/batman-wayne-ailesi-maceralari-2\/"},"modified":"2026-04-15T03:44:19","modified_gmt":"2026-04-15T00:44:19","slug":"batman-wayne-ailesi-maceralari-2","status":"publish","type":"product","link":"https:\/\/roveyayinevi.com.tr\/index.php\/urun\/batman-wayne-ailesi-maceralari-2\/","title":{"rendered":"Batman: Wayne Ailesi Maceralar\u0131 2"},"content":{"rendered":"<p>BATMAN, D\u00dcNYANIN EN \u0130Y\u0130 DEDEKT\u0130F\u0130! PEK\u0130, \u201cD\u00dcNYANIN EN \u0130Y\u0130 BABASI\u201d UNVANINA DA LAYIK OLAB\u0130LECEK M\u0130?   Evlatl\u0131klar, koruma alt\u0131ndakiler ve biyolojik \u00e7ocuklar&#8230; Baba olmak zaten yeterince zor. Bir de Batman&#8217;seniz ve bir y\u0131\u011f\u0131n s\u00fcper g\u00fc\u00e7l\u00fc ergenle ayn\u0131 \u00e7at\u0131 alt\u0131nda ya\u015f\u0131yorsan\u0131z ev halk\u0131n\u0131 idare edebilmek i\u00e7in akl\u0131n\u0131z\u0131 ba\u015f\u0131n\u0131za iyice toplaman\u0131z gerekiyor&#8230; Wayne Malik\u00e2nesi art\u0131k Nightwing, Batgirl, Red Hood, Orphan, Spoiler, bir y\u0131\u011f\u0131n Robin ve en yenileri olan Duke Thomas, nam\u0131 di\u011fer Signal ile \u00e7alkalan\u0131yor. Bu tayfa sadece nas\u0131l kahraman olunaca\u011f\u0131n\u0131 de\u011fil ayn\u0131 zamanda Bruce Wayne kaykaya bindi\u011finde neler oldu\u011funu da \u00f6\u011freniyor. Aram\u0131zda kals\u0131n, Wayne\u2019in aya\u011f\u0131n\u0131n nas\u0131l k\u0131r\u0131ld\u0131\u011f\u0131n\u0131 kimseye anlatm\u0131yorlar. Serinin devam\u0131nda kadroya Catwoman, Superboy, Impulse, Wonder Girl ve Gotham \u015fehrinin \u00f6tesinden ba\u015fka tan\u0131d\u0131k y\u00fczler de kat\u0131l\u0131yor! Hik\u00e2yeler fl\u00f6rt dramalar\u0131, araba s\u00fcrme \u00e7abalar\u0131, gece devriyelerini anlat\u0131yor ve ergen bir s\u00fcper kahraman\u0131n hayat\u0131n\u0131 g\u00f6zler \u00f6n\u00fcne seriyor!   CRC Payne taraf\u0131ndan yaz\u0131lan, Starbite&#8217;\u0131n \u00e7izimleriyle hayat bulan bu cilt, WEBTOON&#8217;un Eisner \u00d6d\u00fcl\u00fc&#8217;ne aday g\u00f6sterilen serinin 26-51. b\u00f6l\u00fcmlerini bir kitapta topluyor. Ayr\u0131ca serinin yarat\u0131c\u0131lar\u0131n\u0131n daha \u00f6nce hi\u00e7 payla\u015fmad\u0131\u011f\u0131 bonus i\u00e7erikler de burada! <\/p>\n","protected":false},"excerpt":{"rendered":"<p>BATMAN, D\u00dcNYANIN EN \u0130Y\u0130 DEDEKT\u0130F\u0130! PEK\u0130, \u201cD\u00dcNYANIN EN \u0130Y\u0130 BABASI\u201d UNVANINA DA LAYIK OLAB\u0130LECEK M\u0130? Evlatl\u0131klar, koruma alt\u0131ndakiler ve biyolojik \u00e7ocuklar&#8230; Baba olmak zaten yeterince zor.<span class=\"excerpt-hellip\"> [\u2026]<\/span><\/p>\n","protected":false},"featured_media":0,"template":"","meta":{"_monsterinsights_skip_tracking":false,"_monsterinsights_sitenote_active":false,"_monsterinsights_sitenote_note":"","_monsterinsights_sitenote_category":0},"product_brand":[],"product_cat":[12416,12291],"product_tag":[],"class_list":{"0":"post-779744","1":"product","2":"type-product","3":"status-publish","5":"product_cat-cizgi-roman","6":"product_cat-edebiyat","7":"pa_cilt-ciltsiz","8":"pa_tur-kitap","9":"pa_yayinevi-athica-yayinlari","10":"pa_yazar-payne","12":"first","13":"instock","14":"sale","15":"shipping-taxable","16":"purchasable","17":"product-type-simple"},"_links":{"self":[{"href":"https:\/\/roveyayinevi.com.tr\/index.php\/wp-json\/wp\/v2\/product\/779744","targetHints":{"allow":["GET"]}}],"collection":[{"href":"https:\/\/roveyayinevi.com.tr\/index.php\/wp-json\/wp\/v2\/product"}],"about":[{"href":"https:\/\/roveyayinevi.com.tr\/index.php\/wp-json\/wp\/v2\/types\/product"}],"wp:attachment":[{"href":"https:\/\/roveyayinevi.com.tr\/index.php\/wp-json\/wp\/v2\/media?parent=779744"}],"wp:term":[{"taxonomy":"product_brand","embeddable":true,"href":"https:\/\/roveyayinevi.com.tr\/index.php\/wp-json\/wp\/v2\/product_brand?post=779744"},{"taxonomy":"product_cat","embeddable":true,"href":"https:\/\/roveyayinevi.com.tr\/index.php\/wp-json\/wp\/v2\/product_cat?post=779744"},{"taxonomy":"product_tag","embeddable":true,"href":"https:\/\/roveyayinevi.com.tr\/index.php\/wp-json\/wp\/v2\/product_tag?post=779744"}],"curies":[{"name":"wp","href":"https:\/\/api.w.org\/{rel}","templated":true}]}}