{"id":779742,"date":"2025-12-30T12:09:09","date_gmt":"2025-12-30T09:09:09","guid":{"rendered":"https:\/\/roveyayinevi.com.tr\/index.php\/urun\/eski-sovyetlerde-turk-kimligi-ahiskali-turkler\/"},"modified":"2026-04-15T03:44:19","modified_gmt":"2026-04-15T00:44:19","slug":"eski-sovyetlerde-turk-kimligi-ahiskali-turkler","status":"publish","type":"product","link":"https:\/\/roveyayinevi.com.tr\/index.php\/urun\/eski-sovyetlerde-turk-kimligi-ahiskali-turkler\/","title":{"rendered":"Eski Sovyetlerde T\u00fcrk Kimli\u011fi (Ah\u0131skal\u0131 T\u00fcrkler)"},"content":{"rendered":"<p>Siyasi s\u00fcrg\u00fcnler, g\u00f6\u00e7ler ve bask\u0131lar Sovyet halklar\u0131n\u0131n sosyal yap\u0131s\u0131nda, ekonomisinde, k\u00fclt\u00fcr\u00fcnde derin yaralar a\u00e7m\u0131\u015ft\u0131r. Bu yaralar, binlerce dramatik olaylar\u0131n yan\u0131nda binlerce de ba\u015far\u0131l\u0131 \u00f6yk\u00fcy\u00fc i\u00e7ine alan insani bir durumu dile getirmektedir. Her t\u00fcrl\u00fc g\u00f6\u00e7 s\u00fcrecindeki en \u00f6nemli ger\u00e7ek ise, insanlar\u0131n yaln\u0131z bedenleriyle bir yerden bir yere hareketlili\u011fini de\u011fil, k\u00fclt\u00fcrel varl\u0131\u011f\u0131yla da kendisini ifade edebilme g\u00fcc\u00fcd\u00fcr. Yeni medeniyet havzalar\u0131nda k\u00fclt\u00fcrle\u015fme olay\u0131n\u0131 ya\u015fayan topluluklar, zorunlu g\u00f6\u00e7 ve bask\u0131lara kar\u015f\u0131 kendi de\u011ferlerini korumada daha g\u00fc\u00e7l\u00fc duru\u015flar sergiledikleri de bilinmektedir. Sovyetler Birli\u011finin s\u0131n\u0131rlar\u0131nda kalan bir\u00e7ok topluluk gibi Ah\u0131skal\u0131lar da bu zorunlu g\u00f6\u00e7 s\u00fcrecinde kendi k\u00fclt\u00fcrel de\u011ferlerini, dillerini ve dinlerini muhafaza edebilme ba\u015far\u0131s\u0131n\u0131 g\u00f6stermi\u015flerdir. Bu kapsamda ara\u015ft\u0131rma, eski Sovyet \u00fclkelerinde halen g\u00f6\u00e7menlik stat\u00fcs\u00fc devam eden Ah\u0131skal\u0131 T\u00fcrklerin s\u00fcrg\u00fcn s\u00fcrecinde ya\u015fad\u0131klar\u0131 zorlu ya\u015fam deneyimlerini, bulunduklar\u0131 toplumlar\u0131n az\u0131nl\u0131klara yakla\u015f\u0131m\u0131ndaki sorumluluklar\u0131n\u0131 analiz etmeye y\u00f6neliktir. *** Sovyetler Birli\u011fi d\u00f6nemi ve da\u011f\u0131l\u0131m\u0131 sonras\u0131nda farkl\u0131 g\u00f6\u00e7 s\u00fcre\u00e7lerini ya\u015fayan Ah\u0131skal\u0131 T\u00fcrkler, g\u00fc\u00e7l\u00fc kimliksel duyarl\u0131l\u0131klar\u0131yla diasporik bir bilin\u00e7lenme yaratarak etnik ve k\u00fclt\u00fcrel \u00f6zelliklerini devam ettirmi\u015flerdir. T\u00fcrkistan topluluklar\u0131n\u0131n kendi i\u00e7inde bar\u0131nd\u0131rd\u0131klar\u0131 az\u0131nl\u0131klara kar\u015f\u0131 sorumluluklar\u0131n\u0131 sosyo-psikolojik boyutlar\u0131yla ele alan Rasim BAYRAKTAR, bu kitapta farkl\u0131 g\u00f6\u00e7 s\u00fcre\u00e7leriyle ba\u011flant\u0131l\u0131 olan etnik, k\u00fclt\u00fcrel ve dinsel kimliklerin \u00f6zelliklerini \u00f6n plana \u00e7\u0131karmakla okurlara \u00f6nemli bir katk\u0131 sunaca\u011f\u0131 kanaatindeyiz. Dr. Seyfeddin BUNT\u00dcRK <\/p>\n","protected":false},"excerpt":{"rendered":"<p>Siyasi s\u00fcrg\u00fcnler, g\u00f6\u00e7ler ve bask\u0131lar Sovyet halklar\u0131n\u0131n sosyal yap\u0131s\u0131nda, ekonomisinde, k\u00fclt\u00fcr\u00fcnde derin yaralar a\u00e7m\u0131\u015ft\u0131r. Bu yaralar, binlerce dramatik olaylar\u0131n yan\u0131nda binlerce de ba\u015far\u0131l\u0131 \u00f6yk\u00fcy\u00fc i\u00e7ine alan<span class=\"excerpt-hellip\"> [\u2026]<\/span><\/p>\n","protected":false},"featured_media":0,"template":"","meta":{"_monsterinsights_skip_tracking":false,"_monsterinsights_sitenote_active":false,"_monsterinsights_sitenote_note":"","_monsterinsights_sitenote_category":0},"product_brand":[],"product_cat":[12370,12304],"product_tag":[],"class_list":{"0":"post-779742","1":"product","2":"type-product","3":"status-publish","5":"product_cat-arastirma-inceleme","6":"product_cat-tarih","7":"pa_cilt-ciltsiz","8":"pa_tur-kitap","9":"pa_yayinevi-astana-yayinlari","10":"pa_yazar-dr-rasim-bayraktar","12":"first","13":"instock","14":"sale","15":"shipping-taxable","16":"purchasable","17":"product-type-simple"},"_links":{"self":[{"href":"https:\/\/roveyayinevi.com.tr\/index.php\/wp-json\/wp\/v2\/product\/779742","targetHints":{"allow":["GET"]}}],"collection":[{"href":"https:\/\/roveyayinevi.com.tr\/index.php\/wp-json\/wp\/v2\/product"}],"about":[{"href":"https:\/\/roveyayinevi.com.tr\/index.php\/wp-json\/wp\/v2\/types\/product"}],"wp:attachment":[{"href":"https:\/\/roveyayinevi.com.tr\/index.php\/wp-json\/wp\/v2\/media?parent=779742"}],"wp:term":[{"taxonomy":"product_brand","embeddable":true,"href":"https:\/\/roveyayinevi.com.tr\/index.php\/wp-json\/wp\/v2\/product_brand?post=779742"},{"taxonomy":"product_cat","embeddable":true,"href":"https:\/\/roveyayinevi.com.tr\/index.php\/wp-json\/wp\/v2\/product_cat?post=779742"},{"taxonomy":"product_tag","embeddable":true,"href":"https:\/\/roveyayinevi.com.tr\/index.php\/wp-json\/wp\/v2\/product_tag?post=779742"}],"curies":[{"name":"wp","href":"https:\/\/api.w.org\/{rel}","templated":true}]}}