{"id":779741,"date":"2025-12-30T12:09:05","date_gmt":"2025-12-30T09:09:05","guid":{"rendered":"https:\/\/roveyayinevi.com.tr\/index.php\/urun\/kelebek-misali\/"},"modified":"2026-04-15T03:44:19","modified_gmt":"2026-04-15T00:44:19","slug":"kelebek-misali","status":"publish","type":"product","link":"https:\/\/roveyayinevi.com.tr\/index.php\/urun\/kelebek-misali\/","title":{"rendered":"Kelebek Misali"},"content":{"rendered":"<p>Bir kelebek misali gelip ge\u00e7iyor \u00f6mr\u00fcm\u00fcz Ah ile vah ile Ard\u0131m\u0131zdan atl\u0131 geliyor gibi Ko\u015fu\u015fturuyoruz Yeti\u015fmeye \u00e7al\u0131\u015f\u0131yoruz her \u015feye Ama yeti\u015femiyoruz Hep bir \u015feyler yar\u0131m kal\u0131yor Tamamlanam\u0131yor Eksik kal\u0131yor Kendimize zaman ay\u0131ram\u0131yoruz Gezemiyoruz Okuyam\u0131yoruz Ama b\u00f6yle gitmez! Buna dur diyelim Bir yerlerden ba\u015flayal\u0131m Mesela Sizin i\u00e7in yazd\u0131\u011f\u0131m kitab\u0131n\u0131 okuyal\u0131m Kelebek misali gelip ge\u00e7en \u015fu hayat i\u00e7in Bir ad\u0131m atal\u0131m   Mehmet Harun TOPAY <\/p>\n","protected":false},"excerpt":{"rendered":"<p>Bir kelebek misali gelip ge\u00e7iyor \u00f6mr\u00fcm\u00fcz Ah ile vah ile Ard\u0131m\u0131zdan atl\u0131 geliyor gibi Ko\u015fu\u015fturuyoruz Yeti\u015fmeye \u00e7al\u0131\u015f\u0131yoruz her \u015feye Ama yeti\u015femiyoruz Hep bir \u015feyler yar\u0131m kal\u0131yor<span class=\"excerpt-hellip\"> [\u2026]<\/span><\/p>\n","protected":false},"featured_media":0,"template":"","meta":{"_monsterinsights_skip_tracking":false,"_monsterinsights_sitenote_active":false,"_monsterinsights_sitenote_note":"","_monsterinsights_sitenote_category":0},"product_brand":[],"product_cat":[12291,12509],"product_tag":[],"class_list":{"0":"post-779741","1":"product","2":"type-product","3":"status-publish","5":"product_cat-edebiyat","6":"product_cat-siir","7":"pa_cilt-ciltsiz","8":"pa_tur-kitap","9":"pa_yayinevi-omca-yayinlari","10":"pa_yazar-mehmet-harun-topay","12":"first","13":"instock","14":"sale","15":"shipping-taxable","16":"purchasable","17":"product-type-simple"},"_links":{"self":[{"href":"https:\/\/roveyayinevi.com.tr\/index.php\/wp-json\/wp\/v2\/product\/779741","targetHints":{"allow":["GET"]}}],"collection":[{"href":"https:\/\/roveyayinevi.com.tr\/index.php\/wp-json\/wp\/v2\/product"}],"about":[{"href":"https:\/\/roveyayinevi.com.tr\/index.php\/wp-json\/wp\/v2\/types\/product"}],"wp:attachment":[{"href":"https:\/\/roveyayinevi.com.tr\/index.php\/wp-json\/wp\/v2\/media?parent=779741"}],"wp:term":[{"taxonomy":"product_brand","embeddable":true,"href":"https:\/\/roveyayinevi.com.tr\/index.php\/wp-json\/wp\/v2\/product_brand?post=779741"},{"taxonomy":"product_cat","embeddable":true,"href":"https:\/\/roveyayinevi.com.tr\/index.php\/wp-json\/wp\/v2\/product_cat?post=779741"},{"taxonomy":"product_tag","embeddable":true,"href":"https:\/\/roveyayinevi.com.tr\/index.php\/wp-json\/wp\/v2\/product_tag?post=779741"}],"curies":[{"name":"wp","href":"https:\/\/api.w.org\/{rel}","templated":true}]}}