{"id":779738,"date":"2025-12-30T12:08:55","date_gmt":"2025-12-30T09:08:55","guid":{"rendered":"https:\/\/roveyayinevi.com.tr\/index.php\/urun\/yapay-zeka-ve-din-din-gorevlileri-ve-dkab-ogretmenlerinin-perspektifinden-firsatlar-ve-tehditler\/"},"modified":"2026-04-15T03:44:19","modified_gmt":"2026-04-15T00:44:19","slug":"yapay-zeka-ve-din-din-gorevlileri-ve-dkab-ogretmenlerinin-perspektifinden-firsatlar-ve-tehditler","status":"publish","type":"product","link":"https:\/\/roveyayinevi.com.tr\/index.php\/urun\/yapay-zeka-ve-din-din-gorevlileri-ve-dkab-ogretmenlerinin-perspektifinden-firsatlar-ve-tehditler\/","title":{"rendered":"Yapay Zeka Ve Din Din G\u00f6revlileri Ve Dkab \u00d6\u011fretmenlerinin Perspektifinden F\u0131rsatlar Ve Tehditler"},"content":{"rendered":"<p>Din, insanlar\u0131n zihinsel ve duygusal d\u00fcnyalar\u0131n\u0131 \u015fekillendiren, davran\u0131\u015flar\u0131n\u0131 y\u00f6nlendiren ve hayat\u0131 anlamland\u0131rmada \u00f6nemli bir rol \u00fcstlenen bir olgudur. Bu a\u00e7\u0131dan bak\u0131ld\u0131\u011f\u0131nda, yapay zek\u00e2n\u0131n din\u00ee bilgiye eri\u015fim, din \u00f6\u011fretimi, dinin aktar\u0131m\u0131 ve anla\u015f\u0131lmas\u0131 gibi konularda nas\u0131l kullan\u0131labilece\u011fi; bunun yan\u0131nda yanl\u0131\u015f, y\u00fczeysel veya manip\u00fclatif i\u00e7erikler \u00fcretme riskiyle dini alg\u0131 ve ya\u015fay\u0131\u015f\u0131 nas\u0131l etkileyebilece\u011fi \u00fczerinde d\u00fc\u015f\u00fcnmek gerekmektedir. Bu \u00e7al\u0131\u015fma, yapay zek\u00e2n\u0131n dine sundu\u011fu f\u0131rsatlar ve tehditler konusunda Din K\u00fclt\u00fcr\u00fc ve Ahlak Bilgisi (DKAB) \u00f6\u011fretmenleri ile din g\u00f6revlilerinin g\u00f6r\u00fc\u015flerini ele almaktad\u0131r. Ara\u015ft\u0131rmada, kat\u0131l\u0131mc\u0131lar\u0131n yapay zek\u00e2ya ili\u015fkin de\u011ferlendirmeleri incelenerek, yapay zek\u00e2 ile din ili\u015fkisine dair g\u00fcncel bir perspektif ortaya konulmaya \u00e7al\u0131\u015f\u0131lm\u0131\u015ft\u0131r. B\u00f6ylelikle, teknolojik geli\u015fmeler kar\u015f\u0131s\u0131nda din\u00ee alanda ortaya \u00e7\u0131kan imk\u00e2n ve riskler, do\u011frudan sahada g\u00f6rev yapan uzmanlar\u0131n bak\u0131\u015f a\u00e7\u0131lar\u0131yla ele al\u0131nm\u0131\u015ft\u0131r. <\/p>\n","protected":false},"excerpt":{"rendered":"<p>Din, insanlar\u0131n zihinsel ve duygusal d\u00fcnyalar\u0131n\u0131 \u015fekillendiren, davran\u0131\u015flar\u0131n\u0131 y\u00f6nlendiren ve hayat\u0131 anlamland\u0131rmada \u00f6nemli bir rol \u00fcstlenen bir olgudur. Bu a\u00e7\u0131dan bak\u0131ld\u0131\u011f\u0131nda, yapay zek\u00e2n\u0131n din\u00ee bilgiye eri\u015fim,<span class=\"excerpt-hellip\"> [\u2026]<\/span><\/p>\n","protected":false},"featured_media":0,"template":"","meta":{"_monsterinsights_skip_tracking":false,"_monsterinsights_sitenote_active":false,"_monsterinsights_sitenote_note":"","_monsterinsights_sitenote_category":0},"product_brand":[],"product_cat":[13005,37328],"product_tag":[],"class_list":{"0":"post-779738","1":"product","2":"type-product","3":"status-publish","5":"product_cat-bilim-muhendislik","6":"product_cat-diger-bilim-muhendislik","7":"pa_cilt-ciltsiz","8":"pa_tur-kitap","9":"pa_yayinevi-soncag-akademik-kitaplar","10":"pa_yazar-idris-yakut","12":"first","13":"instock","14":"sale","15":"shipping-taxable","16":"purchasable","17":"product-type-simple"},"_links":{"self":[{"href":"https:\/\/roveyayinevi.com.tr\/index.php\/wp-json\/wp\/v2\/product\/779738","targetHints":{"allow":["GET"]}}],"collection":[{"href":"https:\/\/roveyayinevi.com.tr\/index.php\/wp-json\/wp\/v2\/product"}],"about":[{"href":"https:\/\/roveyayinevi.com.tr\/index.php\/wp-json\/wp\/v2\/types\/product"}],"wp:attachment":[{"href":"https:\/\/roveyayinevi.com.tr\/index.php\/wp-json\/wp\/v2\/media?parent=779738"}],"wp:term":[{"taxonomy":"product_brand","embeddable":true,"href":"https:\/\/roveyayinevi.com.tr\/index.php\/wp-json\/wp\/v2\/product_brand?post=779738"},{"taxonomy":"product_cat","embeddable":true,"href":"https:\/\/roveyayinevi.com.tr\/index.php\/wp-json\/wp\/v2\/product_cat?post=779738"},{"taxonomy":"product_tag","embeddable":true,"href":"https:\/\/roveyayinevi.com.tr\/index.php\/wp-json\/wp\/v2\/product_tag?post=779738"}],"curies":[{"name":"wp","href":"https:\/\/api.w.org\/{rel}","templated":true}]}}