{"id":779737,"date":"2025-12-30T12:08:52","date_gmt":"2025-12-30T09:08:52","guid":{"rendered":"https:\/\/roveyayinevi.com.tr\/index.php\/urun\/niyet-ettim-2\/"},"modified":"2026-04-15T03:44:19","modified_gmt":"2026-04-15T00:44:19","slug":"niyet-ettim-2","status":"publish","type":"product","link":"https:\/\/roveyayinevi.com.tr\/index.php\/urun\/niyet-ettim-2\/","title":{"rendered":"Niyet Ettim"},"content":{"rendered":"<p>N\u0130YET ETT\u0130M 365 G\u00fcnl\u00fck Dua, Niyet ve Ruhla Bulu\u015fma Rehberi Her yeni g\u00fcn, ruhunun kap\u0131s\u0131n\u0131 aralamak i\u00e7in bir f\u0131rsatt\u0131r. Bu kitap, sana o kap\u0131y\u0131 sevgiyle a\u00e7an anahtar\u0131 sunuyor: Bir niyet, bir dua ve bir hat\u0131rlay\u0131\u015f. \u201cNiyet Ettim\u201d; sadece okunacak de\u011fil, ya\u015fanacak, i\u00e7selle\u015ftirilecek ve sana ait hale gelecek bir yol arkada\u015fl\u0131\u011f\u0131 sunar. 365 g\u00fcn boyunca her sayfada bir Esma\u00fc\u2019l H\u00fcsna, o g\u00fcne \u00f6zel bir say\u0131 sekans\u0131, kalpten gelen bir niyet, y\u00fcrekten d\u00f6k\u00fclen bir dua ve seni hizaya getirecek bir manifest ile i\u00e7 yolculu\u011funa rehberlik eder. Bu kitap, bazen bir dua olur dilinde\u2026 Bazen bir g\u00fcnl\u00fck olur kaleminde\u2026 Bazen sadece bir nefes olur i\u00e7inde&#8230; Kendinle kar\u015f\u0131la\u015fmak, Rabb\u2019inle bulu\u015fmak&#8230; Ve hayat\u0131na bilin\u00e7le y\u00f6n vermek isteyen herkes i\u00e7in yaz\u0131ld\u0131. Haz\u0131rsan&#8230; Niyet Ettim demekle ba\u015fl\u0131yor bu yolculuk. Geriye sadece bir ad\u0131m kal\u0131yor: \u0130\u00e7inden \u201cevet\u201d demek\u2026 <\/p>\n","protected":false},"excerpt":{"rendered":"<p>N\u0130YET ETT\u0130M 365 G\u00fcnl\u00fck Dua, Niyet ve Ruhla Bulu\u015fma Rehberi Her yeni g\u00fcn, ruhunun kap\u0131s\u0131n\u0131 aralamak i\u00e7in bir f\u0131rsatt\u0131r. Bu kitap, sana o kap\u0131y\u0131 sevgiyle a\u00e7an<span class=\"excerpt-hellip\"> [\u2026]<\/span><\/p>\n","protected":false},"featured_media":0,"template":"","meta":{"_monsterinsights_skip_tracking":false,"_monsterinsights_sitenote_active":false,"_monsterinsights_sitenote_note":"","_monsterinsights_sitenote_category":0},"product_brand":[],"product_cat":[12364,12376],"product_tag":[],"class_list":{"0":"post-779737","1":"product","2":"type-product","3":"status-publish","5":"product_cat-genel-konular","6":"product_cat-kisisel-gelisim","7":"pa_cilt-ciltsiz","8":"pa_tur-kitap","9":"pa_yayinevi-us-yayinlari","10":"pa_yazar-sevil-deniz","12":"first","13":"instock","14":"sale","15":"shipping-taxable","16":"purchasable","17":"product-type-simple"},"_links":{"self":[{"href":"https:\/\/roveyayinevi.com.tr\/index.php\/wp-json\/wp\/v2\/product\/779737","targetHints":{"allow":["GET"]}}],"collection":[{"href":"https:\/\/roveyayinevi.com.tr\/index.php\/wp-json\/wp\/v2\/product"}],"about":[{"href":"https:\/\/roveyayinevi.com.tr\/index.php\/wp-json\/wp\/v2\/types\/product"}],"wp:attachment":[{"href":"https:\/\/roveyayinevi.com.tr\/index.php\/wp-json\/wp\/v2\/media?parent=779737"}],"wp:term":[{"taxonomy":"product_brand","embeddable":true,"href":"https:\/\/roveyayinevi.com.tr\/index.php\/wp-json\/wp\/v2\/product_brand?post=779737"},{"taxonomy":"product_cat","embeddable":true,"href":"https:\/\/roveyayinevi.com.tr\/index.php\/wp-json\/wp\/v2\/product_cat?post=779737"},{"taxonomy":"product_tag","embeddable":true,"href":"https:\/\/roveyayinevi.com.tr\/index.php\/wp-json\/wp\/v2\/product_tag?post=779737"}],"curies":[{"name":"wp","href":"https:\/\/api.w.org\/{rel}","templated":true}]}}