{"id":779736,"date":"2025-12-30T12:08:50","date_gmt":"2025-12-30T09:08:50","guid":{"rendered":"https:\/\/roveyayinevi.com.tr\/index.php\/urun\/innovatif-bir-sanatci-selen-ay\/"},"modified":"2026-04-15T03:44:19","modified_gmt":"2026-04-15T00:44:19","slug":"innovatif-bir-sanatci-selen-ay","status":"publish","type":"product","link":"https:\/\/roveyayinevi.com.tr\/index.php\/urun\/innovatif-bir-sanatci-selen-ay\/","title":{"rendered":"\u0130nnovatif Bir Sanat\u00e7\u0131: Selen Ay"},"content":{"rendered":"<p>\u00dcretken bir sanat\u00e7\u0131 olan Selen Ay, sanat yolculu\u011funu \u201cHer zaman bir ifade aray\u0131\u015f\u0131 olarak\u201d tan\u0131mlamaktad\u0131r. Ekspresyonist bir sanat\u00e7\u0131 olan Selen Ay, MYART dergisinde \u201cinnovatif bir sanat\u00e7\u0131\u201d olarak tan\u0131mlanm\u0131\u015ft\u0131r. Sanat\u00e7\u0131 bu tan\u0131m\u0131n, \u00fcretimlerindeki deneysel ve yenilik\u00e7i y\u00f6nlerinin fark edilmesi a\u00e7\u0131s\u0131ndan \u00f6nemli bir motivasyon oldu\u011funu belirtmektedir. Tuval \u00fczerine; akrilik boya, sulu boya ve dijital sanatla \u00e7al\u0131\u015fmaktad\u0131r. Bu \u00fc\u00e7 disiplini harmanlayarak, ekspresyonist ve impasto teknikleri \u00fczerinden do\u011fayla insan aras\u0131ndaki duygusal ba\u011f\u0131 ke\u015ffetmeyi ama\u00e7lamaktad\u0131r. Bununla birlikte, eserlerinde salt do\u011fa betimlemelerinden \u00e7ok \u201cyaln\u0131zl\u0131k\u201d ve \u201cduygusal buhran\u201d temalar\u0131n\u0131 i\u015flemeyi tercih etmektedir. Fig\u00fcratif anlat\u0131m\u0131, her zaman daha somut ve daha g\u00fc\u00e7l\u00fc bir ifade arac\u0131 oldu\u011fu i\u00e7in tercih etmektedir. Bu kitapta sanat\u00e7\u0131n\u0131n \u00f6zge\u00e7mi\u015fi ile birlikte manifestosu ve farkl\u0131 tekniklerde yapm\u0131\u015f oldu\u011fu eserler bulunmaktad\u0131r. Kitap, ku\u015fe k\u00e2\u011f\u0131da renkli bask\u0131dan olu\u015fmaktad\u0131r. <\/p>\n","protected":false},"excerpt":{"rendered":"<p>\u00dcretken bir sanat\u00e7\u0131 olan Selen Ay, sanat yolculu\u011funu \u201cHer zaman bir ifade aray\u0131\u015f\u0131 olarak\u201d tan\u0131mlamaktad\u0131r. Ekspresyonist bir sanat\u00e7\u0131 olan Selen Ay, MYART dergisinde \u201cinnovatif bir sanat\u00e7\u0131\u201d<span class=\"excerpt-hellip\"> [\u2026]<\/span><\/p>\n","protected":false},"featured_media":0,"template":"","meta":{"_monsterinsights_skip_tracking":false,"_monsterinsights_sitenote_active":false,"_monsterinsights_sitenote_note":"","_monsterinsights_sitenote_category":0},"product_brand":[],"product_cat":[15733,12408],"product_tag":[],"class_list":{"0":"post-779736","1":"product","2":"type-product","3":"status-publish","5":"product_cat-resim","6":"product_cat-sanat","7":"pa_cilt-ciltsiz","8":"pa_tur-kitap","9":"pa_yayinevi-myrina-yayinlari","10":"pa_yazar-selen-ay","12":"first","13":"instock","14":"sale","15":"shipping-taxable","16":"purchasable","17":"product-type-simple"},"_links":{"self":[{"href":"https:\/\/roveyayinevi.com.tr\/index.php\/wp-json\/wp\/v2\/product\/779736","targetHints":{"allow":["GET"]}}],"collection":[{"href":"https:\/\/roveyayinevi.com.tr\/index.php\/wp-json\/wp\/v2\/product"}],"about":[{"href":"https:\/\/roveyayinevi.com.tr\/index.php\/wp-json\/wp\/v2\/types\/product"}],"wp:attachment":[{"href":"https:\/\/roveyayinevi.com.tr\/index.php\/wp-json\/wp\/v2\/media?parent=779736"}],"wp:term":[{"taxonomy":"product_brand","embeddable":true,"href":"https:\/\/roveyayinevi.com.tr\/index.php\/wp-json\/wp\/v2\/product_brand?post=779736"},{"taxonomy":"product_cat","embeddable":true,"href":"https:\/\/roveyayinevi.com.tr\/index.php\/wp-json\/wp\/v2\/product_cat?post=779736"},{"taxonomy":"product_tag","embeddable":true,"href":"https:\/\/roveyayinevi.com.tr\/index.php\/wp-json\/wp\/v2\/product_tag?post=779736"}],"curies":[{"name":"wp","href":"https:\/\/api.w.org\/{rel}","templated":true}]}}