{"id":779733,"date":"2025-12-30T12:08:41","date_gmt":"2025-12-30T09:08:41","guid":{"rendered":"https:\/\/roveyayinevi.com.tr\/index.php\/urun\/sabun\/"},"modified":"2026-04-15T03:44:19","modified_gmt":"2026-04-15T00:44:19","slug":"sabun","status":"publish","type":"product","link":"https:\/\/roveyayinevi.com.tr\/index.php\/urun\/sabun\/","title":{"rendered":"Sabun"},"content":{"rendered":"<p>D\u00f6neminin edebiyat ak\u0131mlar\u0131yla s\u0131n\u0131rland\u0131r\u0131lamayan 20. y\u00fczy\u0131l \u015fairi Francis Ponge, d\u00fczyaz\u0131yla \u015fiiri bir araya getiren ve edebi t\u00fcrlerin s\u0131n\u0131rlar\u0131n\u0131 geni\u015fleten yap\u0131t\u0131yla, bug\u00fcn yaln\u0131zca Fransa\u2019da de\u011fil t\u00fcm d\u00fcnyada \u201cs\u0131radan nesnelerin\u201d \u00f6nc\u00fc \u015fairi olarak biliniyor. Sabun, g\u00fcndelik hayat\u0131n i\u00e7inde s\u0131radanla\u015fm\u0131\u015f nesnelerden biri olan ve \u0130kinci D\u00fcnya Sava\u015f\u0131 y\u0131llar\u0131nda kimi zaman k\u00fc\u00e7\u00fcc\u00fck bir par\u00e7as\u0131na dahi ula\u015f\u0131lamayan sabuna yeni bir anlam kazand\u0131r\u0131yor.   Ovu\u015ftursam k\u00f6p\u00fcr\u00fcr, sevinir sabun&#8230; Esner, yumu\u015far, uysalla\u015f\u0131r ellerim, S\u0131zar parmaklar\u0131mdan, daha da b\u00fcy\u00fcr, Sedeflenir \u00f6fkesi&#8230; B\u00fcy\u00fcl\u00fc ta\u015f! Hava ve suyla yarat\u0131r kokulu \u00fcz\u00fcm salk\u0131mlar\u0131n\u0131&#8230; Su, hava ve sabun \u00fcst \u00fcste binerler, birdirbir oynarlar; kimyasaldan \u00e7ok fiziksel, akrobatik bile\u015fimler yaparlar&#8230; Belki de konu\u015furlar g\u00fczelce?<\/p>\n","protected":false},"excerpt":{"rendered":"<p>D\u00f6neminin edebiyat ak\u0131mlar\u0131yla s\u0131n\u0131rland\u0131r\u0131lamayan 20. y\u00fczy\u0131l \u015fairi Francis Ponge, d\u00fczyaz\u0131yla \u015fiiri bir araya getiren ve edebi t\u00fcrlerin s\u0131n\u0131rlar\u0131n\u0131 geni\u015fleten yap\u0131t\u0131yla, bug\u00fcn yaln\u0131zca Fransa\u2019da de\u011fil t\u00fcm d\u00fcnyada<span class=\"excerpt-hellip\"> [\u2026]<\/span><\/p>\n","protected":false},"featured_media":0,"template":"","meta":{"_monsterinsights_skip_tracking":false,"_monsterinsights_sitenote_active":false,"_monsterinsights_sitenote_note":"","_monsterinsights_sitenote_category":0},"product_brand":[],"product_cat":[12291,12509],"product_tag":[],"class_list":{"0":"post-779733","1":"product","2":"type-product","3":"status-publish","5":"product_cat-edebiyat","6":"product_cat-siir","7":"pa_cilt-ciltsiz","8":"pa_tur-kitap","9":"pa_yayinevi-everest-yayinlari","10":"pa_yazar-francis-ponge","12":"first","13":"instock","14":"sale","15":"shipping-taxable","16":"purchasable","17":"product-type-simple"},"_links":{"self":[{"href":"https:\/\/roveyayinevi.com.tr\/index.php\/wp-json\/wp\/v2\/product\/779733","targetHints":{"allow":["GET"]}}],"collection":[{"href":"https:\/\/roveyayinevi.com.tr\/index.php\/wp-json\/wp\/v2\/product"}],"about":[{"href":"https:\/\/roveyayinevi.com.tr\/index.php\/wp-json\/wp\/v2\/types\/product"}],"wp:attachment":[{"href":"https:\/\/roveyayinevi.com.tr\/index.php\/wp-json\/wp\/v2\/media?parent=779733"}],"wp:term":[{"taxonomy":"product_brand","embeddable":true,"href":"https:\/\/roveyayinevi.com.tr\/index.php\/wp-json\/wp\/v2\/product_brand?post=779733"},{"taxonomy":"product_cat","embeddable":true,"href":"https:\/\/roveyayinevi.com.tr\/index.php\/wp-json\/wp\/v2\/product_cat?post=779733"},{"taxonomy":"product_tag","embeddable":true,"href":"https:\/\/roveyayinevi.com.tr\/index.php\/wp-json\/wp\/v2\/product_tag?post=779733"}],"curies":[{"name":"wp","href":"https:\/\/api.w.org\/{rel}","templated":true}]}}