{"id":779731,"date":"2025-12-30T12:08:36","date_gmt":"2025-12-30T09:08:36","guid":{"rendered":"https:\/\/roveyayinevi.com.tr\/index.php\/urun\/kuresel-siyasette-emperyalizm-ve-sinir-sorunlari\/"},"modified":"2026-04-15T03:44:18","modified_gmt":"2026-04-15T00:44:18","slug":"kuresel-siyasette-emperyalizm-ve-sinir-sorunlari","status":"publish","type":"product","link":"https:\/\/roveyayinevi.com.tr\/index.php\/urun\/kuresel-siyasette-emperyalizm-ve-sinir-sorunlari\/","title":{"rendered":"K\u00fcresel Siyasette Emperyalizm Ve S\u0131n\u0131r Sorunlar\u0131"},"content":{"rendered":"<p>\u0130\u00e7indekiler :     B\u00f6l\u00fcm 1: KAVRAMLAR: S\u00d6M\u00dcRGEC\u0130L\u0130K, EMPERYAL\u0130ZM VE SINIR MESELES\u0130   B\u00f6l\u00fcm 2: \u0130RAN VE AZERBAYCAN TOPRAKLARI \u00dcZER\u0130NDEK\u0130 EMPERYAL M\u00dcCADELE \u00c7ER\u00c7EVES\u0130NDE XVIII. Y\u00dcZYILDAN G\u00dcN\u00dcM\u00dcZE SINIR DE\u011e\u0130\u015e\u0130KL\u0130KLER\u0130   B\u00f6l\u00fcm 3: EMPERYAL\u0130ZM\u0130N M\u0130RASI: SORUNLU ARAP-\u0130SRA\u0130L SINIRLARI   B\u00f6l\u00fcm 4: BOR\u00c7LA TUTSAK ETMEK: \u00c7\u0130N\u2019\u0130N BOR\u00c7 D\u0130PLOMAS\u0130S\u0130 VE YEN\u0130 EMPERYAL\u0130ZM B\u0130\u00c7\u0130MLER\u0130   B\u00f6l\u00fcm 5: \u0130NG\u0130L\u0130Z S\u00d6M\u00dcRGE Y\u00d6NET\u0130M\u0130N\u0130N B\u00d6L VE Y\u00d6NET STRATEJ\u0130S\u0130N\u0130N H\u0130NT ALT KITASINA BIRAKTI\u011eI M\u0130RAS: KE\u015eM\u0130R SORUNU   B\u00f6l\u00fcm 6: 21. Y\u00dcZYILDA YA\u015eANAN SINIR ANLA\u015eMAZLIKLARI: G\u00dcVENL\u0130K TEMELL\u0130 KENYA-SOMAL\u0130 SINIR ANLA\u015eMAZLI\u011eI \u00d6RNE\u011e\u0130       B\u00f6l\u00fcm 7: AZERBAYCAN-ERMEN\u0130STAN SINIR ANLA\u015eMAZLI\u011eININ ORTAYA \u00c7IKI\u015eI VE BUG\u00dcN\u00dc   B\u00f6l\u00fcm 8: SINIRA\u015eAN ETN\u0130K GRUPLAR \u00c7ATI\u015eMALARIN TARAFI NASIL OLUR? SAHEL\u2019DE TUAREG VE ZAGHAVALAR   B\u00f6l\u00fcm 9: G\u00dcNEY \u00c7\u0130N DEN\u0130Z\u0130\u2019NDE JEOPOL\u0130T\u0130K M\u00dcCADELE: \u00c7\u0130N, F\u0130L\u0130P\u0130NLER VE V\u0130ETNAM\u2019IN \u00c7ATI\u015eAN EGEMENL\u0130K TALEPLER\u0130 <\/p>\n","protected":false},"excerpt":{"rendered":"<p>\u0130\u00e7indekiler : B\u00f6l\u00fcm 1: KAVRAMLAR: S\u00d6M\u00dcRGEC\u0130L\u0130K, EMPERYAL\u0130ZM VE SINIR MESELES\u0130 B\u00f6l\u00fcm 2: \u0130RAN VE AZERBAYCAN TOPRAKLARI \u00dcZER\u0130NDEK\u0130 EMPERYAL M\u00dcCADELE \u00c7ER\u00c7EVES\u0130NDE XVIII. Y\u00dcZYILDAN G\u00dcN\u00dcM\u00dcZE SINIR DE\u011e\u0130\u015e\u0130KL\u0130KLER\u0130 B\u00f6l\u00fcm<span class=\"excerpt-hellip\"> [\u2026]<\/span><\/p>\n","protected":false},"featured_media":0,"template":"","meta":{"_monsterinsights_skip_tracking":false,"_monsterinsights_sitenote_active":false,"_monsterinsights_sitenote_note":"","_monsterinsights_sitenote_category":0},"product_brand":[],"product_cat":[13005,40995],"product_tag":[],"class_list":{"0":"post-779731","1":"product","2":"type-product","3":"status-publish","5":"product_cat-bilim-muhendislik","6":"product_cat-sosyal-bilimler","7":"pa_cilt-ciltsiz","8":"pa_tur-kitap","9":"pa_yayinevi-gazi-kitabevi","10":"pa_yazar-kolektif","12":"first","13":"instock","14":"sale","15":"shipping-taxable","16":"purchasable","17":"product-type-simple"},"_links":{"self":[{"href":"https:\/\/roveyayinevi.com.tr\/index.php\/wp-json\/wp\/v2\/product\/779731","targetHints":{"allow":["GET"]}}],"collection":[{"href":"https:\/\/roveyayinevi.com.tr\/index.php\/wp-json\/wp\/v2\/product"}],"about":[{"href":"https:\/\/roveyayinevi.com.tr\/index.php\/wp-json\/wp\/v2\/types\/product"}],"wp:attachment":[{"href":"https:\/\/roveyayinevi.com.tr\/index.php\/wp-json\/wp\/v2\/media?parent=779731"}],"wp:term":[{"taxonomy":"product_brand","embeddable":true,"href":"https:\/\/roveyayinevi.com.tr\/index.php\/wp-json\/wp\/v2\/product_brand?post=779731"},{"taxonomy":"product_cat","embeddable":true,"href":"https:\/\/roveyayinevi.com.tr\/index.php\/wp-json\/wp\/v2\/product_cat?post=779731"},{"taxonomy":"product_tag","embeddable":true,"href":"https:\/\/roveyayinevi.com.tr\/index.php\/wp-json\/wp\/v2\/product_tag?post=779731"}],"curies":[{"name":"wp","href":"https:\/\/api.w.org\/{rel}","templated":true}]}}