{"id":779730,"date":"2025-12-30T12:08:34","date_gmt":"2025-12-30T09:08:34","guid":{"rendered":"https:\/\/roveyayinevi.com.tr\/index.php\/urun\/turkiyede-guvenlik-devletinin-gelisimi\/"},"modified":"2026-04-15T03:44:18","modified_gmt":"2026-04-15T00:44:18","slug":"turkiyede-guvenlik-devletinin-gelisimi","status":"publish","type":"product","link":"https:\/\/roveyayinevi.com.tr\/index.php\/urun\/turkiyede-guvenlik-devletinin-gelisimi\/","title":{"rendered":"T\u00fcrkiye\u2019de G\u00fcvenlik Devletinin Geli\u015fimi"},"content":{"rendered":"<p>\u0130\u00e7indekiler :     1. B\u00d6L\u00dcM T\u00dcRK\u0130YE\u2019DE G\u00dcVENL\u0130K DEVLET\u0130N\u0130N S\u0130YAS\u0130 VE \u0130DEOLOJ\u0130K ALTYAPISI    2. B\u00d6L\u00dcM G\u00dcVENL\u0130K DEVLET\u0130N\u0130N KURULU\u015eU 1920-1945 D\u00f6nemi   3. B\u00d6L\u00dcM G\u00dcVENL\u0130K DEVLET\u0130N\u0130N YERLE\u015eMES\u0130 1945-1980 D\u00f6nemi   4. B\u00d6L\u00dcM G\u00dcVENL\u0130K DEVLET\u0130N\u0130N B\u00dcY\u00dcMES\u0130 &#8211; 1980 Sonras\u0131 D\u00f6nem <\/p>\n","protected":false},"excerpt":{"rendered":"<p>\u0130\u00e7indekiler : 1. B\u00d6L\u00dcM T\u00dcRK\u0130YE\u2019DE G\u00dcVENL\u0130K DEVLET\u0130N\u0130N S\u0130YAS\u0130 VE \u0130DEOLOJ\u0130K ALTYAPISI 2. B\u00d6L\u00dcM G\u00dcVENL\u0130K DEVLET\u0130N\u0130N KURULU\u015eU 1920-1945 D\u00f6nemi 3. B\u00d6L\u00dcM G\u00dcVENL\u0130K DEVLET\u0130N\u0130N YERLE\u015eMES\u0130 1945-1980 D\u00f6nemi 4.<span class=\"excerpt-hellip\"> [\u2026]<\/span><\/p>\n","protected":false},"featured_media":0,"template":"","meta":{"_monsterinsights_skip_tracking":false,"_monsterinsights_sitenote_active":false,"_monsterinsights_sitenote_note":"","_monsterinsights_sitenote_category":0},"product_brand":[],"product_cat":[13005,40995],"product_tag":[],"class_list":{"0":"post-779730","1":"product","2":"type-product","3":"status-publish","5":"product_cat-bilim-muhendislik","6":"product_cat-sosyal-bilimler","7":"pa_cilt-ciltsiz","8":"pa_tur-kitap","9":"pa_yayinevi-gazi-kitabevi","10":"pa_yazar-baki-erken","12":"first","13":"instock","14":"sale","15":"shipping-taxable","16":"purchasable","17":"product-type-simple"},"_links":{"self":[{"href":"https:\/\/roveyayinevi.com.tr\/index.php\/wp-json\/wp\/v2\/product\/779730","targetHints":{"allow":["GET"]}}],"collection":[{"href":"https:\/\/roveyayinevi.com.tr\/index.php\/wp-json\/wp\/v2\/product"}],"about":[{"href":"https:\/\/roveyayinevi.com.tr\/index.php\/wp-json\/wp\/v2\/types\/product"}],"wp:attachment":[{"href":"https:\/\/roveyayinevi.com.tr\/index.php\/wp-json\/wp\/v2\/media?parent=779730"}],"wp:term":[{"taxonomy":"product_brand","embeddable":true,"href":"https:\/\/roveyayinevi.com.tr\/index.php\/wp-json\/wp\/v2\/product_brand?post=779730"},{"taxonomy":"product_cat","embeddable":true,"href":"https:\/\/roveyayinevi.com.tr\/index.php\/wp-json\/wp\/v2\/product_cat?post=779730"},{"taxonomy":"product_tag","embeddable":true,"href":"https:\/\/roveyayinevi.com.tr\/index.php\/wp-json\/wp\/v2\/product_tag?post=779730"}],"curies":[{"name":"wp","href":"https:\/\/api.w.org\/{rel}","templated":true}]}}