{"id":779726,"date":"2025-12-30T12:08:22","date_gmt":"2025-12-30T09:08:22","guid":{"rendered":"https:\/\/roveyayinevi.com.tr\/index.php\/urun\/hayati-kullanma-kilavuzu\/"},"modified":"2026-04-08T03:41:08","modified_gmt":"2026-04-08T00:41:08","slug":"hayati-kullanma-kilavuzu","status":"publish","type":"product","link":"https:\/\/roveyayinevi.com.tr\/index.php\/urun\/hayati-kullanma-kilavuzu\/","title":{"rendered":"Hayat\u0131 Kullanma K\u0131lavuzu"},"content":{"rendered":"<p>Bu kitap sizi d\u00f6n\u00fc\u015ft\u00fcrmeyecek; size kim oldu\u011funuzu hat\u0131rlatacak. Hayat\u0131 Kullanma K\u0131lavuzu bir y\u0131l boyunca sizinle y\u00fcr\u00fcyecek.Tam 52 hafta, her hafta yaln\u0131zca bir teknik.Her teknik bir kap\u0131, her kap\u0131 ise yeni bir fark\u0131ndal\u0131k alan\u0131. \u0130lk haftalarda zihninizi sakinle\u015ftireceksiniz.Sonra duygular\u0131n\u0131zla y\u00fczle\u015fecek, enerjinizi dengeleyecek,ve giderek bilincinizin derinliklerine ineceksiniz.Zamanla d\u00fc\u015f\u00fcnceleriniz \u00e7\u00f6z\u00fclecek, hisleriniz ar\u0131nacak, frekans\u0131n\u0131z y\u00fckselecek.Ve bir noktada fark edersiniz: Art\u0131k d\u00f6n\u00fc\u015fm\u00fcyor, hat\u0131rl\u0131yorsunuz. Bu kitap, bilgiyle de\u011fil deneyimle ilerliyor.Her hafta bir uygulama, bir rit\u00fcel, bir bilin\u00e7 kodu\u2026Zihni y\u00f6netmeyi, duygudan \u00e7ekilmeyi, enerjiyi m\u00fch\u00fcrlemeyive sonunda \u201cBen fark\u0131ndal\u0131\u011f\u0131m\u201d bilincine ge\u00e7meyi \u00f6\u011fretiyor. Bu bir ki\u015fisel geli\u015fim kitab\u0131 de\u011fil.Bu, kendi bilincine d\u00f6n\u00fc\u015f yolculu\u011funun 52 haftal\u0131k rehberi. Uygulad\u0131k\u00e7a kendinize bir ad\u0131m daha yakla\u015facaks\u0131n\u0131z.Ve sonunda arayan de\u011fil, bulan olacaks\u0131n\u0131z.K\u0131lavuzu a\u00e7\u0131n ve m\u0131knat\u0131s zihin sistemini ba\u015flat\u0131n.\u015eimdi zirvedeki ya\u015fam\u0131n\u0131za do\u011fru ad\u0131m atma zaman\u0131<\/p>\n","protected":false},"excerpt":{"rendered":"<p>Bu kitap sizi d\u00f6n\u00fc\u015ft\u00fcrmeyecek; size kim oldu\u011funuzu hat\u0131rlatacak. Hayat\u0131 Kullanma K\u0131lavuzu bir y\u0131l boyunca sizinle y\u00fcr\u00fcyecek.Tam 52 hafta, her hafta yaln\u0131zca bir teknik.Her teknik bir kap\u0131,<span class=\"excerpt-hellip\"> [\u2026]<\/span><\/p>\n","protected":false},"featured_media":0,"template":"","meta":{"_monsterinsights_skip_tracking":false,"_monsterinsights_sitenote_active":false,"_monsterinsights_sitenote_note":"","_monsterinsights_sitenote_category":0},"product_brand":[],"product_cat":[12364,12376],"product_tag":[],"class_list":{"0":"post-779726","1":"product","2":"type-product","3":"status-publish","5":"product_cat-genel-konular","6":"product_cat-kisisel-gelisim","7":"pa_cilt-ciltsiz","8":"pa_tur-kitap","9":"pa_yayinevi-muptela-yayinevi","10":"pa_yazar-ebru-karakan","12":"first","13":"instock","14":"sale","15":"shipping-taxable","16":"purchasable","17":"product-type-simple"},"_links":{"self":[{"href":"https:\/\/roveyayinevi.com.tr\/index.php\/wp-json\/wp\/v2\/product\/779726","targetHints":{"allow":["GET"]}}],"collection":[{"href":"https:\/\/roveyayinevi.com.tr\/index.php\/wp-json\/wp\/v2\/product"}],"about":[{"href":"https:\/\/roveyayinevi.com.tr\/index.php\/wp-json\/wp\/v2\/types\/product"}],"wp:attachment":[{"href":"https:\/\/roveyayinevi.com.tr\/index.php\/wp-json\/wp\/v2\/media?parent=779726"}],"wp:term":[{"taxonomy":"product_brand","embeddable":true,"href":"https:\/\/roveyayinevi.com.tr\/index.php\/wp-json\/wp\/v2\/product_brand?post=779726"},{"taxonomy":"product_cat","embeddable":true,"href":"https:\/\/roveyayinevi.com.tr\/index.php\/wp-json\/wp\/v2\/product_cat?post=779726"},{"taxonomy":"product_tag","embeddable":true,"href":"https:\/\/roveyayinevi.com.tr\/index.php\/wp-json\/wp\/v2\/product_tag?post=779726"}],"curies":[{"name":"wp","href":"https:\/\/api.w.org\/{rel}","templated":true}]}}