{"id":779725,"date":"2025-12-30T12:08:20","date_gmt":"2025-12-30T09:08:20","guid":{"rendered":"https:\/\/roveyayinevi.com.tr\/index.php\/urun\/neden-uyuruz\/"},"modified":"2026-04-15T03:44:18","modified_gmt":"2026-04-15T00:44:18","slug":"neden-uyuruz","status":"publish","type":"product","link":"https:\/\/roveyayinevi.com.tr\/index.php\/urun\/neden-uyuruz\/","title":{"rendered":"Neden Uyuruz?"},"content":{"rendered":"<p>Ya\u015fant\u0131m\u0131z\u0131n yakla\u015f\u0131k \u00fc\u00e7te birini uykuda ge\u00e7iriyoruz. Fakat v\u00fccudumuz ne zaman kendini kapataca\u011f\u0131n\u0131 nas\u0131l biliyor ve t\u00fcm o saatler boyunca neler oluyor? Bu kitap sizi, uyku diyar\u0131nda b\u00fcy\u00fcleyici bir yolculu\u011fa \u00e7\u0131kar\u0131yor ve o bilinmeyen tarafa g\u00f6t\u00fcr\u00fcyor.  \u2022    Biyolojik ritm nedir ve t\u00fcm g\u00fcn boyunca enerji sevgimizi nas\u0131l etkiler?\u2022    R\u00fcya nedir ve ne anlama gelir?\u2022    Uykunun farkl\u0131 evreleri nelerdir?\u2022    Hayvanlar da t\u0131pk\u0131 bizler gibi mi, uyur?A\u00e7\u0131klay\u0131c\u0131 anlat\u0131m\u0131 ve muhte\u015fem g\u00f6rselleriyle bu kitap, uyku hakk\u0131nda her zaman \u00f6\u011frenmek istedi\u011finiz ama yorgunluktan soramad\u0131\u011f\u0131n\u0131z her \u015feyi size anlatacak!<\/p>\n","protected":false},"excerpt":{"rendered":"<p>Ya\u015fant\u0131m\u0131z\u0131n yakla\u015f\u0131k \u00fc\u00e7te birini uykuda ge\u00e7iriyoruz. Fakat v\u00fccudumuz ne zaman kendini kapataca\u011f\u0131n\u0131 nas\u0131l biliyor ve t\u00fcm o saatler boyunca neler oluyor? Bu kitap sizi, uyku diyar\u0131nda<span class=\"excerpt-hellip\"> [\u2026]<\/span><\/p>\n","protected":false},"featured_media":0,"template":"","meta":{"_monsterinsights_skip_tracking":false,"_monsterinsights_sitenote_active":false,"_monsterinsights_sitenote_note":"","_monsterinsights_sitenote_category":0},"product_brand":[],"product_cat":[12365,12364],"product_tag":[],"class_list":{"0":"post-779725","1":"product","2":"type-product","3":"status-publish","5":"product_cat-diger-genel-konular","6":"product_cat-genel-konular","7":"pa_cilt-ciltli","8":"pa_tur-kitap","9":"pa_yayinevi-buyulu-fener-yayinlari","10":"pa_yazar-cathy-evans","11":"pa_yazar-polya-plavinskaia","13":"first","14":"instock","15":"sale","16":"shipping-taxable","17":"purchasable","18":"product-type-simple"},"_links":{"self":[{"href":"https:\/\/roveyayinevi.com.tr\/index.php\/wp-json\/wp\/v2\/product\/779725","targetHints":{"allow":["GET"]}}],"collection":[{"href":"https:\/\/roveyayinevi.com.tr\/index.php\/wp-json\/wp\/v2\/product"}],"about":[{"href":"https:\/\/roveyayinevi.com.tr\/index.php\/wp-json\/wp\/v2\/types\/product"}],"wp:attachment":[{"href":"https:\/\/roveyayinevi.com.tr\/index.php\/wp-json\/wp\/v2\/media?parent=779725"}],"wp:term":[{"taxonomy":"product_brand","embeddable":true,"href":"https:\/\/roveyayinevi.com.tr\/index.php\/wp-json\/wp\/v2\/product_brand?post=779725"},{"taxonomy":"product_cat","embeddable":true,"href":"https:\/\/roveyayinevi.com.tr\/index.php\/wp-json\/wp\/v2\/product_cat?post=779725"},{"taxonomy":"product_tag","embeddable":true,"href":"https:\/\/roveyayinevi.com.tr\/index.php\/wp-json\/wp\/v2\/product_tag?post=779725"}],"curies":[{"name":"wp","href":"https:\/\/api.w.org\/{rel}","templated":true}]}}