{"id":779724,"date":"2025-12-30T12:08:17","date_gmt":"2025-12-30T09:08:17","guid":{"rendered":"https:\/\/roveyayinevi.com.tr\/index.php\/urun\/manifest-kitabi\/"},"modified":"2026-04-12T03:34:50","modified_gmt":"2026-04-12T00:34:50","slug":"manifest-kitabi","status":"publish","type":"product","link":"https:\/\/roveyayinevi.com.tr\/index.php\/urun\/manifest-kitabi\/","title":{"rendered":"Manifest Kitab\u0131"},"content":{"rendered":"<p>Yeni bir hayat yaratmak i\u00e7in mucize beklemeyi b\u0131rak.Bu kitap, \u201cmucizenin bizzat sen oldu\u011funu\u201d hat\u0131rlatmak i\u00e7in yaz\u0131ld\u0131. Manifest Kitab\u0131, i\u00e7indeki yarat\u0131c\u0131 g\u00fcc\u00fc uyand\u0131rmak i\u00e7in haz\u0131rlanm\u0131\u015f y\u00fcksek frekansl\u0131 bir rehberdir.Bu kitap yaln\u0131zca bilgi vermez; seninle birlikte \u00e7al\u0131\u015fan bir enerji alan\u0131 olu\u015fturur.Manifest yapmak art\u0131k s\u0131r de\u011fil; bir sistem. Manifest Kitab\u0131;-\u0130\u00e7indeki yarat\u0131c\u0131 g\u00fcc\u00fc aktive eden pratikler,-Niyet \u015fablonlar\u0131,-Rit\u00fceller,-Rehber sorular ve y\u00fcksek frekans teknikleriyle,Ev, araba, para, a\u015fk ve \u015fans\u2026 i\u00e7inUygulanabilir manifest form\u00fcllerini ad\u0131m ad\u0131m \u00f6\u011fretiyor. \u0130\u00e7indeki Manifest Krali\u00e7esi\/Kral\u0131 uyand\u0131\u011f\u0131nda, art\u0131k hi\u00e7bir \u015fey eskisi gibi olmayacak!Bu kitap, d\u00f6n\u00fc\u015f\u00fcm yolculu\u011funun ba\u015flang\u0131c\u0131.Ve sen,Bu yolculu\u011fun Krali\u00e7esisin\/Kral\u0131s\u0131n!Haz\u0131rsan, \u015fimdi kendi mucizeni yazma zaman\u0131.<\/p>\n","protected":false},"excerpt":{"rendered":"<p>Yeni bir hayat yaratmak i\u00e7in mucize beklemeyi b\u0131rak.Bu kitap, \u201cmucizenin bizzat sen oldu\u011funu\u201d hat\u0131rlatmak i\u00e7in yaz\u0131ld\u0131. Manifest Kitab\u0131, i\u00e7indeki yarat\u0131c\u0131 g\u00fcc\u00fc uyand\u0131rmak i\u00e7in haz\u0131rlanm\u0131\u015f y\u00fcksek frekansl\u0131<span class=\"excerpt-hellip\"> [\u2026]<\/span><\/p>\n","protected":false},"featured_media":0,"template":"","meta":{"_monsterinsights_skip_tracking":false,"_monsterinsights_sitenote_active":false,"_monsterinsights_sitenote_note":"","_monsterinsights_sitenote_category":0},"product_brand":[],"product_cat":[12364,12376],"product_tag":[],"class_list":{"0":"post-779724","1":"product","2":"type-product","3":"status-publish","5":"product_cat-genel-konular","6":"product_cat-kisisel-gelisim","7":"pa_cilt-ciltsiz","8":"pa_tur-kitap","9":"pa_yayinevi-muptela-yayinevi","10":"pa_yazar-aysen-bozkus","12":"first","13":"instock","14":"sale","15":"shipping-taxable","16":"purchasable","17":"product-type-simple"},"_links":{"self":[{"href":"https:\/\/roveyayinevi.com.tr\/index.php\/wp-json\/wp\/v2\/product\/779724","targetHints":{"allow":["GET"]}}],"collection":[{"href":"https:\/\/roveyayinevi.com.tr\/index.php\/wp-json\/wp\/v2\/product"}],"about":[{"href":"https:\/\/roveyayinevi.com.tr\/index.php\/wp-json\/wp\/v2\/types\/product"}],"wp:attachment":[{"href":"https:\/\/roveyayinevi.com.tr\/index.php\/wp-json\/wp\/v2\/media?parent=779724"}],"wp:term":[{"taxonomy":"product_brand","embeddable":true,"href":"https:\/\/roveyayinevi.com.tr\/index.php\/wp-json\/wp\/v2\/product_brand?post=779724"},{"taxonomy":"product_cat","embeddable":true,"href":"https:\/\/roveyayinevi.com.tr\/index.php\/wp-json\/wp\/v2\/product_cat?post=779724"},{"taxonomy":"product_tag","embeddable":true,"href":"https:\/\/roveyayinevi.com.tr\/index.php\/wp-json\/wp\/v2\/product_tag?post=779724"}],"curies":[{"name":"wp","href":"https:\/\/api.w.org\/{rel}","templated":true}]}}