{"id":779723,"date":"2025-12-30T12:08:14","date_gmt":"2025-12-30T09:08:14","guid":{"rendered":"https:\/\/roveyayinevi.com.tr\/index.php\/urun\/merhum-mattia-pascal\/"},"modified":"2026-04-15T03:44:18","modified_gmt":"2026-04-15T00:44:18","slug":"merhum-mattia-pascal","status":"publish","type":"product","link":"https:\/\/roveyayinevi.com.tr\/index.php\/urun\/merhum-mattia-pascal\/","title":{"rendered":"Merhum Mattia Pascal"},"content":{"rendered":"<p>\u015eans bir g\u00fcn, aylak k\u00fct\u00fcphaneci Mattia Pascal\u2019a delicesine bir f\u0131rsat sunar: ge\u00e7mi\u015fi silip yeniden ba\u015flamak. Evini geride b\u0131rakt\u0131ktan sonra \u00f6ld\u00fc\u011f\u00fc san\u0131lan Pascal\u2019\u0131n, toplumsal geleneklerin zincirlerini k\u0131rma arzusu, \u00f6zg\u00fcn bir safl\u0131\u011fa ve yeni bir kimli\u011fe ula\u015fma \u00e7abas\u0131 ba\u015far\u0131s\u0131zl\u0131kla sonu\u00e7lan\u0131r. Zaman\u0131n s\u0131n\u0131rlar\u0131n\u0131 bulan\u0131kla\u015ft\u0131ran bu ikili\u011fin i\u00e7inde Mattia Pascal \u00f6l\u00fcmle ve ya\u015famla hesapla\u015f\u0131r. Varolu\u015funu m\u00fcmk\u00fcn k\u0131lan ve hen\u00fcz kavu\u015ftu\u011fu \u00f6zg\u00fcrl\u00fck onun m\u00fctevaz\u0131 isteklerine ra\u011fmen i\u015fleri karma\u015f\u0131k bir hale getirir, yeni ismi k\u0131sa s\u00fcrede ba\u015fka bir bask\u0131 bi\u00e7ime d\u00f6n\u00fc\u015f\u00fcr: kendisinden ba\u015fka bir \u015fey olmas\u0131n\u0131 engelleyen bir ger\u00e7ekli\u011fe.20. y\u00fczy\u0131l \u0130talyan edebiyat\u0131n\u0131n modern ustas\u0131, kara mizah\u0131n \u0131\u015f\u0131ldad\u0131\u011f\u0131 kalemiyle Pirandello Merhum Mattia Pascal arac\u0131l\u0131\u011f\u0131yla ya\u015fam\u0131n anlam\u0131n\u0131, \u00f6l\u00fcm\u00fc ve \u00f6tesini, sonsuz \u00f6zg\u00fcrl\u00fc\u011f\u00fcn s\u0131n\u0131rlay\u0131c\u0131l\u0131\u011f\u0131n\u0131 sorgular.<\/p>\n","protected":false},"excerpt":{"rendered":"<p>\u015eans bir g\u00fcn, aylak k\u00fct\u00fcphaneci Mattia Pascal\u2019a delicesine bir f\u0131rsat sunar: ge\u00e7mi\u015fi silip yeniden ba\u015flamak. Evini geride b\u0131rakt\u0131ktan sonra \u00f6ld\u00fc\u011f\u00fc san\u0131lan Pascal\u2019\u0131n, toplumsal geleneklerin zincirlerini k\u0131rma<span class=\"excerpt-hellip\"> [\u2026]<\/span><\/p>\n","protected":false},"featured_media":0,"template":"","meta":{"_monsterinsights_skip_tracking":false,"_monsterinsights_sitenote_active":false,"_monsterinsights_sitenote_note":"","_monsterinsights_sitenote_category":0},"product_brand":[],"product_cat":[12291,12711],"product_tag":[],"class_list":{"0":"post-779723","1":"product","2":"type-product","3":"status-publish","5":"product_cat-edebiyat","6":"product_cat-roman-oyku","7":"pa_cilt-ciltsiz","8":"pa_tur-kitap","9":"pa_yayinevi-alfa-yayinlari","10":"pa_yazar-luigi-pirandello","12":"first","13":"instock","14":"sale","15":"shipping-taxable","16":"purchasable","17":"product-type-simple"},"_links":{"self":[{"href":"https:\/\/roveyayinevi.com.tr\/index.php\/wp-json\/wp\/v2\/product\/779723","targetHints":{"allow":["GET"]}}],"collection":[{"href":"https:\/\/roveyayinevi.com.tr\/index.php\/wp-json\/wp\/v2\/product"}],"about":[{"href":"https:\/\/roveyayinevi.com.tr\/index.php\/wp-json\/wp\/v2\/types\/product"}],"wp:attachment":[{"href":"https:\/\/roveyayinevi.com.tr\/index.php\/wp-json\/wp\/v2\/media?parent=779723"}],"wp:term":[{"taxonomy":"product_brand","embeddable":true,"href":"https:\/\/roveyayinevi.com.tr\/index.php\/wp-json\/wp\/v2\/product_brand?post=779723"},{"taxonomy":"product_cat","embeddable":true,"href":"https:\/\/roveyayinevi.com.tr\/index.php\/wp-json\/wp\/v2\/product_cat?post=779723"},{"taxonomy":"product_tag","embeddable":true,"href":"https:\/\/roveyayinevi.com.tr\/index.php\/wp-json\/wp\/v2\/product_tag?post=779723"}],"curies":[{"name":"wp","href":"https:\/\/api.w.org\/{rel}","templated":true}]}}