{"id":779719,"date":"2025-12-30T12:08:02","date_gmt":"2025-12-30T09:08:02","guid":{"rendered":"https:\/\/roveyayinevi.com.tr\/index.php\/urun\/ben-niye-boyleyim\/"},"modified":"2026-04-15T03:44:18","modified_gmt":"2026-04-15T00:44:18","slug":"ben-niye-boyleyim","status":"publish","type":"product","link":"https:\/\/roveyayinevi.com.tr\/index.php\/urun\/ben-niye-boyleyim\/","title":{"rendered":"Ben Niye B\u00f6yleyim?"},"content":{"rendered":"<p>eden kendimi bu kadar bunalm\u0131\u015f hissediyorum?Herkes benden daha m\u0131 ba\u015far\u0131l\u0131?Niye o utan\u00e7 verici \u015feyi s\u00f6yledim?Ger\u00e7ekten fark yaratman\u0131n bir yolu var m\u0131?Yaln\u0131zca ben mi b\u00f6yle hissediyorum?Belirsiz bir gelecek, teknolojiye ba\u011f\u0131ml\u0131l\u0131k ve artan sosyal kopuklukla ba\u015fa \u00e7\u0131kmaya \u00e7al\u0131\u015f\u0131rken hepimiz benzeri g\u00f6r\u00fclmemi\u015f d\u00fczeyde stres, yaln\u0131zl\u0131k ve t\u00fckenmi\u015flikle kar\u015f\u0131 kar\u015f\u0131yay\u0131z.Gemma Styles, Z ku\u015fa\u011f\u0131n\u0131n y\u0131llard\u0131r tarif etmeye \u00e7al\u0131\u015ft\u0131\u011f\u0131 bu hisleri kelimelere d\u00f6k\u00fcyor. Kendi deneyimlerini ve DEHB tan\u0131s\u0131n\u0131 da payla\u015farak, \u00f6zellikle kad\u0131nlar\u0131n zihinsel sa\u011fl\u0131\u011f\u0131n\u0131n nas\u0131l g\u00f6z ard\u0131 edildi\u011finin alt\u0131n\u0131 \u00e7iziyor. Sosyal medyadan ileti\u015fim tarzlar\u0131m\u0131za, hayallerimizden benlik alg\u0131m\u0131za kadar modern \u00e7a\u011f\u0131n zihinsel sa\u011fl\u0131\u011f\u0131n\u0131 i\u00e7ten ve samimi bir dille aktar\u0131yor.Ben Niye B\u00f6yleyim?, bunalm\u0131\u015f, yetersiz veya yaln\u0131z oldu\u011funu d\u00fc\u015f\u00fcnen herkes i\u00e7in hem bir rehber hem de g\u00fcvenilir bir yol g\u00f6sterici. Kusurlu ihti\u015fam\u0131n\u0131zla yolunuza devam etmek i\u00e7in ilham verici bir dost eline haz\u0131r olun<\/p>\n","protected":false},"excerpt":{"rendered":"<p>eden kendimi bu kadar bunalm\u0131\u015f hissediyorum?Herkes benden daha m\u0131 ba\u015far\u0131l\u0131?Niye o utan\u00e7 verici \u015feyi s\u00f6yledim?Ger\u00e7ekten fark yaratman\u0131n bir yolu var m\u0131?Yaln\u0131zca ben mi b\u00f6yle hissediyorum?Belirsiz bir<span class=\"excerpt-hellip\"> [\u2026]<\/span><\/p>\n","protected":false},"featured_media":0,"template":"","meta":{"_monsterinsights_skip_tracking":false,"_monsterinsights_sitenote_active":false,"_monsterinsights_sitenote_note":"","_monsterinsights_sitenote_category":0},"product_brand":[],"product_cat":[12358,12357],"product_tag":[],"class_list":{"0":"post-779719","1":"product","2":"type-product","3":"status-publish","5":"product_cat-genel-psikoloji","6":"product_cat-psikoloji","7":"pa_cilt-ciltsiz","8":"pa_tur-kitap","9":"pa_yayinevi-mona-kitap","10":"pa_yazar-gemma-styles","12":"first","13":"instock","14":"sale","15":"shipping-taxable","16":"purchasable","17":"product-type-simple"},"_links":{"self":[{"href":"https:\/\/roveyayinevi.com.tr\/index.php\/wp-json\/wp\/v2\/product\/779719","targetHints":{"allow":["GET"]}}],"collection":[{"href":"https:\/\/roveyayinevi.com.tr\/index.php\/wp-json\/wp\/v2\/product"}],"about":[{"href":"https:\/\/roveyayinevi.com.tr\/index.php\/wp-json\/wp\/v2\/types\/product"}],"wp:attachment":[{"href":"https:\/\/roveyayinevi.com.tr\/index.php\/wp-json\/wp\/v2\/media?parent=779719"}],"wp:term":[{"taxonomy":"product_brand","embeddable":true,"href":"https:\/\/roveyayinevi.com.tr\/index.php\/wp-json\/wp\/v2\/product_brand?post=779719"},{"taxonomy":"product_cat","embeddable":true,"href":"https:\/\/roveyayinevi.com.tr\/index.php\/wp-json\/wp\/v2\/product_cat?post=779719"},{"taxonomy":"product_tag","embeddable":true,"href":"https:\/\/roveyayinevi.com.tr\/index.php\/wp-json\/wp\/v2\/product_tag?post=779719"}],"curies":[{"name":"wp","href":"https:\/\/api.w.org\/{rel}","templated":true}]}}