{"id":779718,"date":"2025-12-30T12:07:58","date_gmt":"2025-12-30T09:07:58","guid":{"rendered":"https:\/\/roveyayinevi.com.tr\/index.php\/urun\/marsa-seyahat\/"},"modified":"2026-04-15T03:44:18","modified_gmt":"2026-04-15T00:44:18","slug":"marsa-seyahat","status":"publish","type":"product","link":"https:\/\/roveyayinevi.com.tr\/index.php\/urun\/marsa-seyahat\/","title":{"rendered":"Mars&#8217;a Seyahat"},"content":{"rendered":"<p>Washington Post, Publishers Weekly ve Amerikan K\u00fct\u00fcphane Derne\u011fi   \u0130nsanlar gibi do\u011fmad\u0131m ama hik\u00e2yemin bir ba\u015flang\u0131c\u0131 var. Bip sesleri. Parlak \u0131\u015f\u0131klar. Beyaz tulum giymi\u015f ki\u015filerle dolu beyaz bir oda. \u0130\u015flenmesi gereken tonlarca bilgi. Ama t\u00fcm bunlarla ba\u015fa \u00e7\u0131kabilirim. Tedirgin olmak i\u00e7in \u00fcretilmedim. G\u00f6zlem yapmak i\u00e7in \u00fcretildim. \u0130smim Metanet. Ben, robot denilen bir \u015feyim.   Mars\u2019a g\u00f6nderilece\u011fim ve ak\u0131lc\u0131 kararlar vermek zorunday\u0131m. Kodlar\u0131m\u0131 yazan bilim insanlar\u0131 Xander ve Rania\u2019yla vakit ge\u00e7irdik\u00e7e duygular\u0131 \u00f6\u011freniyorum. Duygular\u0131 \u00f6\u011frendik\u00e7e ak\u0131lc\u0131 kararlar vermek zorla\u015f\u0131yor.   Mars\u2019a gitmekten korkuyorum. \u00c7ak\u0131lmaktan. Uzayda kaybolmaktan. Toz f\u0131rt\u0131nalar\u0131ndan. Ama en \u00e7ok da D\u00fcnya\u2019ya geri d\u00f6nememekten korkuyorum. Xander ve Rania\u2019y\u0131 yeniden g\u00f6rememekten, onlar\u0131 hayal k\u0131r\u0131kl\u0131\u011f\u0131na u\u011fratmaktan.   Ancak benim ismim Metanet. \u0130smimin hakk\u0131n\u0131 verece\u011fim.     \u201cMeto bir robot olabilir ama bana ya\u015faman\u0131n ne demek oldu\u011funu \u00f6\u011fretti.\u201d \u2013Christina Soontornvat, Newbery \u00d6d\u00fcll\u00fc yazar   \u201cMeto\u2019nun zek\u00e2s\u0131 yapay ama duygular\u0131 ger\u00e7ek ve derin.\u201d \u2013KIRKUS <\/p>\n","protected":false},"excerpt":{"rendered":"<p>Washington Post, Publishers Weekly ve Amerikan K\u00fct\u00fcphane Derne\u011fi \u0130nsanlar gibi do\u011fmad\u0131m ama hik\u00e2yemin bir ba\u015flang\u0131c\u0131 var. Bip sesleri. Parlak \u0131\u015f\u0131klar. Beyaz tulum giymi\u015f ki\u015filerle dolu beyaz<span class=\"excerpt-hellip\"> [\u2026]<\/span><\/p>\n","protected":false},"featured_media":0,"template":"","meta":{"_monsterinsights_skip_tracking":false,"_monsterinsights_sitenote_active":false,"_monsterinsights_sitenote_note":"","_monsterinsights_sitenote_category":0},"product_brand":[],"product_cat":[12291,14777],"product_tag":[],"class_list":{"0":"post-779718","1":"product","2":"type-product","3":"status-publish","5":"product_cat-edebiyat","6":"product_cat-fantastik","7":"pa_cilt-ciltsiz","8":"pa_tur-kitap","9":"pa_yayinevi-domingo-yayinevi","10":"pa_yazar-jasmine-warga","12":"first","13":"instock","14":"sale","15":"shipping-taxable","16":"purchasable","17":"product-type-simple"},"_links":{"self":[{"href":"https:\/\/roveyayinevi.com.tr\/index.php\/wp-json\/wp\/v2\/product\/779718","targetHints":{"allow":["GET"]}}],"collection":[{"href":"https:\/\/roveyayinevi.com.tr\/index.php\/wp-json\/wp\/v2\/product"}],"about":[{"href":"https:\/\/roveyayinevi.com.tr\/index.php\/wp-json\/wp\/v2\/types\/product"}],"wp:attachment":[{"href":"https:\/\/roveyayinevi.com.tr\/index.php\/wp-json\/wp\/v2\/media?parent=779718"}],"wp:term":[{"taxonomy":"product_brand","embeddable":true,"href":"https:\/\/roveyayinevi.com.tr\/index.php\/wp-json\/wp\/v2\/product_brand?post=779718"},{"taxonomy":"product_cat","embeddable":true,"href":"https:\/\/roveyayinevi.com.tr\/index.php\/wp-json\/wp\/v2\/product_cat?post=779718"},{"taxonomy":"product_tag","embeddable":true,"href":"https:\/\/roveyayinevi.com.tr\/index.php\/wp-json\/wp\/v2\/product_tag?post=779718"}],"curies":[{"name":"wp","href":"https:\/\/api.w.org\/{rel}","templated":true}]}}