{"id":779717,"date":"2025-12-30T12:07:56","date_gmt":"2025-12-30T09:07:56","guid":{"rendered":"https:\/\/roveyayinevi.com.tr\/index.php\/urun\/elveda-hastaliklar-merhaba-hayat\/"},"modified":"2026-04-15T03:44:18","modified_gmt":"2026-04-15T00:44:18","slug":"elveda-hastaliklar-merhaba-hayat","status":"publish","type":"product","link":"https:\/\/roveyayinevi.com.tr\/index.php\/urun\/elveda-hastaliklar-merhaba-hayat\/","title":{"rendered":"Elveda Hastal\u0131klar Merhaba Hayat"},"content":{"rendered":"<p>Bu kitap size nas\u0131l ve neden hastaland\u0131\u011f\u0131m\u0131z\u0131 anlatmak i\u00e7in yaz\u0131lmad\u0131.   Bu kitap size nas\u0131l iyile\u015firiz ve nas\u0131l iyi, sa\u011fl\u0131kl\u0131, din\u00e7, dinamik kal\u0131r\u0131z bunu anlatmak i\u00e7in yaz\u0131ld\u0131. Hayat ve hayattaki her \u015fey enerji ve bu enerjiler de s\u00fcrekli olarak birbiriyle etkile\u015fimde. Bu enerji etkile\u015fimleriyle belirleniyor her \u015fey. Para, bolluk, bereket, kilo, a\u015fk, evlilik, i\u015f ve her \u015fey! O halde istedi\u011fimiz sonu\u00e7lara ula\u015fman\u0131n ve istemedi\u011fimiz sonu\u00e7lar\u0131 de\u011fi\u015ftirmenin yolu enerjiyi do\u011fru kullanmaktan ge\u00e7iyor.   Fakat size isteyin, d\u00fc\u015f\u00fcnce g\u00fcc\u00fcn\u00fcz\u00fc kullan\u0131n, do\u011fru enerjide kal\u0131n, odaklan\u0131n demeyece\u011fim. Bunlar bir\u00e7ok kez yaz\u0131ld\u0131 zaten. Ben bu kitapla bir \u015fey yap\u0131p size bunlar\u0131 NASIL YAPACA\u011eINIZI anlataca\u011f\u0131m. En b\u00fcy\u00fck eksi\u011fimiz bu zaten.   Enerji hakk\u0131nda okuduk\u00e7a zihninizde \u201cnas\u0131l\u201dlar \u00e7o\u011fal\u0131yor. Nas\u0131l yapaca\u011f\u0131m, y\u00f6ntemi ne diyorsunuz. \u0130\u015fte bu kitap bunun i\u00e7in yaz\u0131ld\u0131: Size NASIL\u2019\u0131n\u0131 anlatmak i\u00e7in. <\/p>\n","protected":false},"excerpt":{"rendered":"<p>Bu kitap size nas\u0131l ve neden hastaland\u0131\u011f\u0131m\u0131z\u0131 anlatmak i\u00e7in yaz\u0131lmad\u0131. Bu kitap size nas\u0131l iyile\u015firiz ve nas\u0131l iyi, sa\u011fl\u0131kl\u0131, din\u00e7, dinamik kal\u0131r\u0131z bunu anlatmak i\u00e7in yaz\u0131ld\u0131.<span class=\"excerpt-hellip\"> [\u2026]<\/span><\/p>\n","protected":false},"featured_media":0,"template":"","meta":{"_monsterinsights_skip_tracking":false,"_monsterinsights_sitenote_active":false,"_monsterinsights_sitenote_note":"","_monsterinsights_sitenote_category":0},"product_brand":[],"product_cat":[13365],"product_tag":[],"class_list":{"0":"post-779717","1":"product","2":"type-product","3":"status-publish","5":"product_cat-saglik","6":"pa_cilt-ciltsiz","7":"pa_tur-kitap","8":"pa_yayinevi-psikoolgu","9":"pa_yazar-emel-kalinkilic","11":"first","12":"instock","13":"sale","14":"shipping-taxable","15":"purchasable","16":"product-type-simple"},"_links":{"self":[{"href":"https:\/\/roveyayinevi.com.tr\/index.php\/wp-json\/wp\/v2\/product\/779717","targetHints":{"allow":["GET"]}}],"collection":[{"href":"https:\/\/roveyayinevi.com.tr\/index.php\/wp-json\/wp\/v2\/product"}],"about":[{"href":"https:\/\/roveyayinevi.com.tr\/index.php\/wp-json\/wp\/v2\/types\/product"}],"wp:attachment":[{"href":"https:\/\/roveyayinevi.com.tr\/index.php\/wp-json\/wp\/v2\/media?parent=779717"}],"wp:term":[{"taxonomy":"product_brand","embeddable":true,"href":"https:\/\/roveyayinevi.com.tr\/index.php\/wp-json\/wp\/v2\/product_brand?post=779717"},{"taxonomy":"product_cat","embeddable":true,"href":"https:\/\/roveyayinevi.com.tr\/index.php\/wp-json\/wp\/v2\/product_cat?post=779717"},{"taxonomy":"product_tag","embeddable":true,"href":"https:\/\/roveyayinevi.com.tr\/index.php\/wp-json\/wp\/v2\/product_tag?post=779717"}],"curies":[{"name":"wp","href":"https:\/\/api.w.org\/{rel}","templated":true}]}}