{"id":779716,"date":"2025-12-30T12:07:54","date_gmt":"2025-12-30T09:07:54","guid":{"rendered":"https:\/\/roveyayinevi.com.tr\/index.php\/urun\/psikovampirler\/"},"modified":"2026-04-15T03:44:18","modified_gmt":"2026-04-15T00:44:18","slug":"psikovampirler","status":"publish","type":"product","link":"https:\/\/roveyayinevi.com.tr\/index.php\/urun\/psikovampirler\/","title":{"rendered":"Psikovampirler"},"content":{"rendered":"<p>Herkes, ba\u015fka biriyle kar\u015f\u0131la\u015ft\u0131ktan sonra duygusal, ruhsal, zihinsel ve fiziksel enerjinin kayboldu\u011fu hissini bilir. G\u00fcnl\u00fck ya\u015famda, enerjimizin t\u00fckendi\u011fini hissetsek de bu hissi daha fazla analiz etmeye zahmet etmiyoruz. \u0130leti\u015fim kurdu\u011fumuz ki\u015filerle olan ili\u015fkilerimizi ka\u00e7\u0131n\u0131lmaz olarak kabul etme e\u011filimindeyiz ve bir\u00e7ok rahats\u0131zl\u0131\u011f\u0131 i\u015fin bir par\u00e7as\u0131 olarak kabul ediyoruz. Baz\u0131lar\u0131m\u0131z bu olumsuz duygular i\u00e7in kendimizi bile su\u00e7luyoruz. Bunun nedeni, s\u00fcrekli stres alt\u0131nda olman\u0131n \u201cmoda\u201d oldu\u011fu bir d\u00f6nemde ya\u015famam\u0131zd\u0131r; asl\u0131nda, aksa\u015f eve geldi\u011finizde yorgun olmak g\u00fcn\u00fcm\u00fczde neredeyse \u201cnormal\u201d bir durumdur. Toplumsal olarak kabul edilebilir bu yorgunluk, asl\u0131nda bir kendini kand\u0131rma eylemidir. Bu yorgunlu\u011fun alt\u0131nda, bizim fark\u0131nda olmayan yak\u0131n \u00e7evremizde yava\u015f yava\u015f biriken derin bir duygusal stres yatmaktad\u0131r.   Bu kitap, hepimizin duygusal strese neden olabilecek enerji emiciler veya psikolojik vampirlerle \u00e7evrili oldu\u011fumuzu varsaymaktad\u0131r. Tipik bir vampir t\u00fcr\u00fc yoktur. Vampirler her t\u00fcrl\u00fc farkl\u0131 k\u0131l\u0131kta kar\u015f\u0131m\u0131za \u00e7\u0131kabilirler. Yazarlar on iki psikolojik vampir t\u00fcr\u00fc belirlemi\u015flerdir: Bunlar kitab\u0131n ilk b\u00f6l\u00fcm\u00fcnde tan\u0131mlanm\u0131\u015f ve ger\u00e7ek hikayeler \u015feklinde sunulmu\u015ftur. Vampir insanlarla kar\u015f\u0131la\u015fmalarda ortak olan nokta, enerjiye yat\u0131rd\u0131\u011f\u0131m\u0131z ile kar\u015f\u0131l\u0131\u011f\u0131nda ald\u0131\u011f\u0131m\u0131z aras\u0131nda bir dengesizlik olmas\u0131d\u0131r. Baz\u0131lar\u0131 i\u00e7in psikovampir patron, proje y\u00f6neticisi, eski partner, ekip arkada\u015f\u0131d\u0131r; baz\u0131lar\u0131 i\u00e7in ise ebeveynler, e\u015f veya arkada\u015flard\u0131r. Anlat\u0131lan her bir vakada, ilgili vampir t\u00fcr\u00fcyle kar\u015f\u0131la\u015fman\u0131n merkezinde yer alan psikolojik mekanizma ayr\u0131nt\u0131l\u0131 olarak tart\u0131\u015f\u0131lmaktad\u0131r. <\/p>\n","protected":false},"excerpt":{"rendered":"<p>Herkes, ba\u015fka biriyle kar\u015f\u0131la\u015ft\u0131ktan sonra duygusal, ruhsal, zihinsel ve fiziksel enerjinin kayboldu\u011fu hissini bilir. G\u00fcnl\u00fck ya\u015famda, enerjimizin t\u00fckendi\u011fini hissetsek de bu hissi daha fazla analiz etmeye<span class=\"excerpt-hellip\"> [\u2026]<\/span><\/p>\n","protected":false},"featured_media":0,"template":"","meta":{"_monsterinsights_skip_tracking":false,"_monsterinsights_sitenote_active":false,"_monsterinsights_sitenote_note":"","_monsterinsights_sitenote_category":0},"product_brand":[],"product_cat":[12357],"product_tag":[],"class_list":{"0":"post-779716","1":"product","2":"type-product","3":"status-publish","5":"product_cat-psikoloji","6":"pa_cilt-ciltsiz","7":"pa_tur-kitap","8":"pa_yayinevi-psikoolgu","9":"pa_yazar-hamid-peseschkian-connie-voigt","11":"first","12":"instock","13":"sale","14":"shipping-taxable","15":"purchasable","16":"product-type-simple"},"_links":{"self":[{"href":"https:\/\/roveyayinevi.com.tr\/index.php\/wp-json\/wp\/v2\/product\/779716","targetHints":{"allow":["GET"]}}],"collection":[{"href":"https:\/\/roveyayinevi.com.tr\/index.php\/wp-json\/wp\/v2\/product"}],"about":[{"href":"https:\/\/roveyayinevi.com.tr\/index.php\/wp-json\/wp\/v2\/types\/product"}],"wp:attachment":[{"href":"https:\/\/roveyayinevi.com.tr\/index.php\/wp-json\/wp\/v2\/media?parent=779716"}],"wp:term":[{"taxonomy":"product_brand","embeddable":true,"href":"https:\/\/roveyayinevi.com.tr\/index.php\/wp-json\/wp\/v2\/product_brand?post=779716"},{"taxonomy":"product_cat","embeddable":true,"href":"https:\/\/roveyayinevi.com.tr\/index.php\/wp-json\/wp\/v2\/product_cat?post=779716"},{"taxonomy":"product_tag","embeddable":true,"href":"https:\/\/roveyayinevi.com.tr\/index.php\/wp-json\/wp\/v2\/product_tag?post=779716"}],"curies":[{"name":"wp","href":"https:\/\/api.w.org\/{rel}","templated":true}]}}