{"id":779715,"date":"2025-12-30T12:07:52","date_gmt":"2025-12-30T09:07:52","guid":{"rendered":"https:\/\/roveyayinevi.com.tr\/index.php\/urun\/hadis-ilminin-ilkeleri-ve-esaslari\/"},"modified":"2026-04-15T03:44:18","modified_gmt":"2026-04-15T00:44:18","slug":"hadis-ilminin-ilkeleri-ve-esaslari","status":"publish","type":"product","link":"https:\/\/roveyayinevi.com.tr\/index.php\/urun\/hadis-ilminin-ilkeleri-ve-esaslari\/","title":{"rendered":"Hadis \u0130lminin \u0130lkeleri ve Esaslar\u0131"},"content":{"rendered":"<p>Hadis ilminin sa\u011flam temeller \u00fczerine in\u015fa edilmi\u015f klasik miras\u0131, metin ve sened ili\u015fkisini do\u011fru anlamaya dayanan derin bir us\u00fbl gelene\u011fine sahiptir. Bu eser, o gelene\u011fin \u00f6z\u00fcn\u00fc g\u00fcn\u00fcm\u00fcze ta\u015f\u0131yarak hadis, haber ve eser kavramlar\u0131n\u0131; sahihlik \u015fartlar\u0131n\u0131 ve rivayet yollar\u0131n\u0131 a\u00e7\u0131k bir sistem i\u00e7inde sunmaktad\u0131r. M\u00fcellif, muteber kaynaklardan se\u00e7ti\u011fi bilgileri berrak bir \u00fcslupla d\u00fczenleyerek okuyucuya g\u00fcvenilir bir ba\u015flang\u0131\u00e7 noktas\u0131 olu\u015fturmu\u015ftur. Hadis ilmine ad\u0131m atmak isteyenler i\u00e7in yol g\u00f6sterici, bilgisini peki\u015ftirmek isteyenler i\u00e7in ise sa\u011flam bir ba\u015fvuru niteli\u011findedir.<\/p>\n","protected":false},"excerpt":{"rendered":"<p>Hadis ilminin sa\u011flam temeller \u00fczerine in\u015fa edilmi\u015f klasik miras\u0131, metin ve sened ili\u015fkisini do\u011fru anlamaya dayanan derin bir us\u00fbl gelene\u011fine sahiptir. Bu eser, o gelene\u011fin \u00f6z\u00fcn\u00fc<span class=\"excerpt-hellip\"> [\u2026]<\/span><\/p>\n","protected":false},"featured_media":0,"template":"","meta":{"_monsterinsights_skip_tracking":false,"_monsterinsights_sitenote_active":false,"_monsterinsights_sitenote_note":"","_monsterinsights_sitenote_category":0},"product_brand":[],"product_cat":[12718,12719],"product_tag":[],"class_list":{"0":"post-779715","1":"product","2":"type-product","3":"status-publish","5":"product_cat-din","6":"product_cat-islam","7":"pa_cilt-ciltsiz","8":"pa_tur-kitap","9":"pa_yayinevi-takdim-kitap","10":"pa_yazar-sebbir-ahmed-el-osmani","12":"first","13":"instock","14":"sale","15":"shipping-taxable","16":"purchasable","17":"product-type-simple"},"_links":{"self":[{"href":"https:\/\/roveyayinevi.com.tr\/index.php\/wp-json\/wp\/v2\/product\/779715","targetHints":{"allow":["GET"]}}],"collection":[{"href":"https:\/\/roveyayinevi.com.tr\/index.php\/wp-json\/wp\/v2\/product"}],"about":[{"href":"https:\/\/roveyayinevi.com.tr\/index.php\/wp-json\/wp\/v2\/types\/product"}],"wp:attachment":[{"href":"https:\/\/roveyayinevi.com.tr\/index.php\/wp-json\/wp\/v2\/media?parent=779715"}],"wp:term":[{"taxonomy":"product_brand","embeddable":true,"href":"https:\/\/roveyayinevi.com.tr\/index.php\/wp-json\/wp\/v2\/product_brand?post=779715"},{"taxonomy":"product_cat","embeddable":true,"href":"https:\/\/roveyayinevi.com.tr\/index.php\/wp-json\/wp\/v2\/product_cat?post=779715"},{"taxonomy":"product_tag","embeddable":true,"href":"https:\/\/roveyayinevi.com.tr\/index.php\/wp-json\/wp\/v2\/product_tag?post=779715"}],"curies":[{"name":"wp","href":"https:\/\/api.w.org\/{rel}","templated":true}]}}