{"id":779714,"date":"2025-12-30T12:07:49","date_gmt":"2025-12-30T09:07:49","guid":{"rendered":"https:\/\/roveyayinevi.com.tr\/index.php\/urun\/kuran-ilimleri\/"},"modified":"2026-04-15T03:44:18","modified_gmt":"2026-04-15T00:44:18","slug":"kuran-ilimleri","status":"publish","type":"product","link":"https:\/\/roveyayinevi.com.tr\/index.php\/urun\/kuran-ilimleri\/","title":{"rendered":"Kur\u2019an \u0130limleri"},"content":{"rendered":"<p>Kur\u2019\u00e2n ilimleri, ilah\u00ee kel\u00e2m\u0131 do\u011fru anlaman\u0131n vazge\u00e7ilmez d\u00fcsturlar\u0131ndand\u0131r. Bu eser, vahyin mahiyetinden Mushaf\u2019\u0131n isimlerine, n\u00fcz\u00fbl \u00e7e\u015fitlerinden k\u0131raat farkl\u0131l\u0131klar\u0131na kadar Kur\u2019\u00e2n\u2019\u0131n temel konular\u0131n\u0131 a\u00e7\u0131k bir d\u00fczen i\u00e7erisinde sunmaktad\u0131r. M\u00fcellif, klasik kaynaklardan aktard\u0131\u011f\u0131 bilgileri berrak bir \u00fcslupla bir araya getirerek okuyucuyu Kur\u2019\u00e2n\u2019\u0131n n\u00fczul\u00fc, tertibi ve korunmu\u015flu\u011funa dair sa\u011flam bir \u00e7er\u00e7eveyle bulu\u015fturmaktad\u0131r. Konular\u0131n sade ve anla\u015f\u0131l\u0131r bi\u00e7imde ele al\u0131nmas\u0131, eseri hem ba\u015flang\u0131\u00e7 seviyesinde olanlar hem de ilmini derinle\u015ftirmek isteyenler i\u00e7in g\u00fcvenilir bir ba\u015fvuru h\u00e2line getirir.<\/p>\n","protected":false},"excerpt":{"rendered":"<p>Kur\u2019\u00e2n ilimleri, ilah\u00ee kel\u00e2m\u0131 do\u011fru anlaman\u0131n vazge\u00e7ilmez d\u00fcsturlar\u0131ndand\u0131r. Bu eser, vahyin mahiyetinden Mushaf\u2019\u0131n isimlerine, n\u00fcz\u00fbl \u00e7e\u015fitlerinden k\u0131raat farkl\u0131l\u0131klar\u0131na kadar Kur\u2019\u00e2n\u2019\u0131n temel konular\u0131n\u0131 a\u00e7\u0131k bir d\u00fczen i\u00e7erisinde<span class=\"excerpt-hellip\"> [\u2026]<\/span><\/p>\n","protected":false},"featured_media":0,"template":"","meta":{"_monsterinsights_skip_tracking":false,"_monsterinsights_sitenote_active":false,"_monsterinsights_sitenote_note":"","_monsterinsights_sitenote_category":0},"product_brand":[],"product_cat":[12718,12719],"product_tag":[],"class_list":{"0":"post-779714","1":"product","2":"type-product","3":"status-publish","5":"product_cat-din","6":"product_cat-islam","7":"pa_cilt-ciltsiz","8":"pa_tur-kitap","9":"pa_yayinevi-takdim-kitap","10":"pa_yazar-tahir-el-cezairi","12":"first","13":"instock","14":"sale","15":"shipping-taxable","16":"purchasable","17":"product-type-simple"},"_links":{"self":[{"href":"https:\/\/roveyayinevi.com.tr\/index.php\/wp-json\/wp\/v2\/product\/779714","targetHints":{"allow":["GET"]}}],"collection":[{"href":"https:\/\/roveyayinevi.com.tr\/index.php\/wp-json\/wp\/v2\/product"}],"about":[{"href":"https:\/\/roveyayinevi.com.tr\/index.php\/wp-json\/wp\/v2\/types\/product"}],"wp:attachment":[{"href":"https:\/\/roveyayinevi.com.tr\/index.php\/wp-json\/wp\/v2\/media?parent=779714"}],"wp:term":[{"taxonomy":"product_brand","embeddable":true,"href":"https:\/\/roveyayinevi.com.tr\/index.php\/wp-json\/wp\/v2\/product_brand?post=779714"},{"taxonomy":"product_cat","embeddable":true,"href":"https:\/\/roveyayinevi.com.tr\/index.php\/wp-json\/wp\/v2\/product_cat?post=779714"},{"taxonomy":"product_tag","embeddable":true,"href":"https:\/\/roveyayinevi.com.tr\/index.php\/wp-json\/wp\/v2\/product_tag?post=779714"}],"curies":[{"name":"wp","href":"https:\/\/api.w.org\/{rel}","templated":true}]}}