{"id":779713,"date":"2025-12-30T12:07:47","date_gmt":"2025-12-30T09:07:47","guid":{"rendered":"https:\/\/roveyayinevi.com.tr\/index.php\/urun\/nasil-gozlemlemeli-toreleri-ve-adetleri-inceleme-sanati\/"},"modified":"2026-04-15T03:44:18","modified_gmt":"2026-04-15T00:44:18","slug":"nasil-gozlemlemeli-toreleri-ve-adetleri-inceleme-sanati","status":"publish","type":"product","link":"https:\/\/roveyayinevi.com.tr\/index.php\/urun\/nasil-gozlemlemeli-toreleri-ve-adetleri-inceleme-sanati\/","title":{"rendered":"Nas\u0131l G\u00f6zlemlemeli? \u2013T\u00f6releri ve \u00c2detleri \u0130nceleme Sanat\u0131"},"content":{"rendered":"<p>Toplumu anlamak i\u00e7in \u00f6nce onu g\u00f6rmeyi \u00f6\u011frenmek gerekir. Sosyolojinin ilk ve \u00f6nc\u00fc kad\u0131n d\u00fc\u015f\u00fcn\u00fcrlerinden biri say\u0131lan Harriet Martineau, modern sosyolojinin ad\u0131n\u0131n bile hen\u00fcz konmad\u0131\u011f\u0131 bir d\u00f6nemde kaleme ald\u0131\u011f\u0131 ve bug\u00fcn alan\u0131n klasikleri aras\u0131nda say\u0131lan bu kitab\u0131nda, kendi toplumumuza ve ba\u015fka toplumlara bakman\u0131n ilkelerini ve y\u00f6ntemini sunuyor. Yabanc\u0131 bir k\u00fclt\u00fcr\u00fc, bir turistin estetik merak\u0131yla de\u011fil, bir bilim insan\u0131n\u0131n \u00f6nyarg\u0131lar\u0131 ask\u0131ya alan, al\u0131\u015fkanl\u0131klar\u0131 sorgulayan, g\u00f6r\u00fcnenin yan\u0131 s\u0131ra g\u00f6r\u00fcnmeyeni de kayda ge\u00e7iren y\u00f6ntemli ciddiyeti ve bir gezginin yeniliklere ve farkl\u0131 olana a\u00e7 merak\u0131yla nas\u0131l \u00e7\u00f6z\u00fcmleyebilece\u011fimizi \u00f6\u011fretiyor. 19. y\u00fczy\u0131l\u0131n ikinci yar\u0131s\u0131n\u0131n h\u0131zla de\u011fi\u015fen ve ileti\u015fim ve ula\u015f\u0131m olanaklar\u0131yla gittik\u00e7e k\u00fc\u00e7\u00fclen d\u00fcnyas\u0131nda yaz\u0131lm\u0131\u015f bu klasik eser, bize 21. y\u00fczy\u0131l\u0131n d\u00fcnyas\u0131nda ba\u015fka toplumlar\u0131n t\u00f6relerini, \u00e2detlerini, g\u00f6rg\u00fc kurallar\u0131n\u0131 ve davran\u0131\u015flar\u0131n\u0131 nas\u0131l okuyabilece\u011fimizi g\u00f6steren bir k\u0131lavuz olmaya devam ediyor.<\/p>\n","protected":false},"excerpt":{"rendered":"<p>Toplumu anlamak i\u00e7in \u00f6nce onu g\u00f6rmeyi \u00f6\u011frenmek gerekir. Sosyolojinin ilk ve \u00f6nc\u00fc kad\u0131n d\u00fc\u015f\u00fcn\u00fcrlerinden biri say\u0131lan Harriet Martineau, modern sosyolojinin ad\u0131n\u0131n bile hen\u00fcz konmad\u0131\u011f\u0131 bir d\u00f6nemde<span class=\"excerpt-hellip\"> [\u2026]<\/span><\/p>\n","protected":false},"featured_media":0,"template":"","meta":{"_monsterinsights_skip_tracking":false,"_monsterinsights_sitenote_active":false,"_monsterinsights_sitenote_note":"","_monsterinsights_sitenote_category":0},"product_brand":[],"product_cat":[12324],"product_tag":[],"class_list":{"0":"post-779713","1":"product","2":"type-product","3":"status-publish","5":"product_cat-sosyoloji","6":"pa_cilt-ciltsiz","7":"pa_tur-kitap","8":"pa_yayinevi-fol-kitap","9":"pa_yazar-harriet-martineau","11":"first","12":"instock","13":"sale","14":"shipping-taxable","15":"purchasable","16":"product-type-simple"},"_links":{"self":[{"href":"https:\/\/roveyayinevi.com.tr\/index.php\/wp-json\/wp\/v2\/product\/779713","targetHints":{"allow":["GET"]}}],"collection":[{"href":"https:\/\/roveyayinevi.com.tr\/index.php\/wp-json\/wp\/v2\/product"}],"about":[{"href":"https:\/\/roveyayinevi.com.tr\/index.php\/wp-json\/wp\/v2\/types\/product"}],"wp:attachment":[{"href":"https:\/\/roveyayinevi.com.tr\/index.php\/wp-json\/wp\/v2\/media?parent=779713"}],"wp:term":[{"taxonomy":"product_brand","embeddable":true,"href":"https:\/\/roveyayinevi.com.tr\/index.php\/wp-json\/wp\/v2\/product_brand?post=779713"},{"taxonomy":"product_cat","embeddable":true,"href":"https:\/\/roveyayinevi.com.tr\/index.php\/wp-json\/wp\/v2\/product_cat?post=779713"},{"taxonomy":"product_tag","embeddable":true,"href":"https:\/\/roveyayinevi.com.tr\/index.php\/wp-json\/wp\/v2\/product_tag?post=779713"}],"curies":[{"name":"wp","href":"https:\/\/api.w.org\/{rel}","templated":true}]}}