{"id":779712,"date":"2025-12-30T12:07:44","date_gmt":"2025-12-30T09:07:44","guid":{"rendered":"https:\/\/roveyayinevi.com.tr\/index.php\/urun\/kulturun-icadi\/"},"modified":"2026-04-15T03:44:18","modified_gmt":"2026-04-15T00:44:18","slug":"kulturun-icadi","status":"publish","type":"product","link":"https:\/\/roveyayinevi.com.tr\/index.php\/urun\/kulturun-icadi\/","title":{"rendered":"K\u00fclt\u00fcr\u00fcn \u0130cad\u0131"},"content":{"rendered":"<p>K\u00fclt\u00fcr \u00e7o\u011fu zaman toplumlar\u0131n \u201csahip oldu\u011fu\u201d, ku\u015faktan ku\u015fa\u011fa aktar\u0131lan sabit bir miras ya da ke\u015ffedilmeyi bekleyen dura\u011fan bir nesne olarak d\u00fc\u015f\u00fcn\u00fcl\u00fcr. Tan\u0131nm\u0131\u015f antropolog Roy Wagner ise antropoloji tarihinin klasikle\u015fmi\u015f metinlerinden biri say\u0131lan bu kitab\u0131nda bu yerle\u015fik kabule meydan okuyor ve k\u00fclt\u00fcr\u00fcn verili bir ger\u00e7eklik de\u011fil, insanlar\u0131n d\u00fcnyay\u0131 anlamland\u0131rma \u00e7abalar\u0131 i\u00e7inde her kar\u015f\u0131la\u015fmada yeniden kurduklar\u0131, s\u00fcrekli i\u015fleyen bir icat s\u00fcreci oldu\u011funu ortaya koyuyor. Wagner, bu yarat\u0131m s\u00fcrecine ara\u015ft\u0131rmac\u0131y\u0131 da d\u00e2hil ederek &#8220;nesnel g\u00f6zlem&#8221; iddias\u0131n\u0131 \u00e7\u00fcr\u00fct\u00fcyor; ba\u015fkas\u0131n\u0131 anlamaya \u00e7al\u0131\u015f\u0131rken asl\u0131nda kendi k\u00fclt\u00fcr\u00fcm\u00fcz\u00fc kullanarak yeni bir ger\u00e7eklik icat etti\u011fimizi g\u00f6steriyor. Bat\u0131\u2019n\u0131n d\u00fcnyay\u0131 &#8220;a\u00e7\u0131klama&#8221; refleksiyle di\u011fer toplumlar\u0131n &#8220;yaratma&#8221; pratiklerini y\u00fczle\u015ftirerek, antropolojiyi tek tarafl\u0131 bir betimlemeden \u00e7\u0131kar\u0131p kar\u015f\u0131l\u0131kl\u0131, yarat\u0131c\u0131 bir etkile\u015fime d\u00f6n\u00fc\u015ft\u00fcr\u00fcyor. Do\u011fal sand\u0131\u011f\u0131m\u0131z t\u00fcm kavramlar\u0131n asl\u0131nda nas\u0131l in\u015fa edildi\u011fini if\u015fa eden K\u00fclt\u00fcr\u00fcn \u0130cad\u0131, insanl\u0131\u011f\u0131n kendini kurma bi\u00e7imlerine dair k\u0131\u015fk\u0131rt\u0131c\u0131 bir bak\u0131\u015f sunuyor.<\/p>\n","protected":false},"excerpt":{"rendered":"<p>K\u00fclt\u00fcr \u00e7o\u011fu zaman toplumlar\u0131n \u201csahip oldu\u011fu\u201d, ku\u015faktan ku\u015fa\u011fa aktar\u0131lan sabit bir miras ya da ke\u015ffedilmeyi bekleyen dura\u011fan bir nesne olarak d\u00fc\u015f\u00fcn\u00fcl\u00fcr. Tan\u0131nm\u0131\u015f antropolog Roy Wagner ise<span class=\"excerpt-hellip\"> [\u2026]<\/span><\/p>\n","protected":false},"featured_media":0,"template":"","meta":{"_monsterinsights_skip_tracking":false,"_monsterinsights_sitenote_active":false,"_monsterinsights_sitenote_note":"","_monsterinsights_sitenote_category":0},"product_brand":[],"product_cat":[15499,13488],"product_tag":[],"class_list":{"0":"post-779712","1":"product","2":"type-product","3":"status-publish","5":"product_cat-antropoloji","6":"product_cat-toplum-ve-insan","7":"pa_cilt-ciltsiz","8":"pa_tur-kitap","9":"pa_yayinevi-fol-kitap","10":"pa_yazar-roy-wagner","12":"first","13":"instock","14":"sale","15":"shipping-taxable","16":"purchasable","17":"product-type-simple"},"_links":{"self":[{"href":"https:\/\/roveyayinevi.com.tr\/index.php\/wp-json\/wp\/v2\/product\/779712","targetHints":{"allow":["GET"]}}],"collection":[{"href":"https:\/\/roveyayinevi.com.tr\/index.php\/wp-json\/wp\/v2\/product"}],"about":[{"href":"https:\/\/roveyayinevi.com.tr\/index.php\/wp-json\/wp\/v2\/types\/product"}],"wp:attachment":[{"href":"https:\/\/roveyayinevi.com.tr\/index.php\/wp-json\/wp\/v2\/media?parent=779712"}],"wp:term":[{"taxonomy":"product_brand","embeddable":true,"href":"https:\/\/roveyayinevi.com.tr\/index.php\/wp-json\/wp\/v2\/product_brand?post=779712"},{"taxonomy":"product_cat","embeddable":true,"href":"https:\/\/roveyayinevi.com.tr\/index.php\/wp-json\/wp\/v2\/product_cat?post=779712"},{"taxonomy":"product_tag","embeddable":true,"href":"https:\/\/roveyayinevi.com.tr\/index.php\/wp-json\/wp\/v2\/product_tag?post=779712"}],"curies":[{"name":"wp","href":"https:\/\/api.w.org\/{rel}","templated":true}]}}