{"id":779711,"date":"2025-12-30T12:07:42","date_gmt":"2025-12-30T09:07:42","guid":{"rendered":"https:\/\/roveyayinevi.com.tr\/index.php\/urun\/kedili-ajanda\/"},"modified":"2026-04-15T03:44:18","modified_gmt":"2026-04-15T00:44:18","slug":"kedili-ajanda","status":"publish","type":"product","link":"https:\/\/roveyayinevi.com.tr\/index.php\/urun\/kedili-ajanda\/","title":{"rendered":"Kedili Ajanda"},"content":{"rendered":"<p>Bu ajanda kedinin ci\u011fere bakma ajandas\u0131d\u0131r. Kediler kendilerine gelmezler, zaten kendilerinden hi\u00e7 gitmemi\u015flerdir. \u00c7\u00fcnk\u00fc kedi, yaln\u0131zca kendisidir, ba\u015fka hi\u00e7bir \u015fey de\u011fil. Ajanda \u015feklinde bir mektup asl\u0131nda bu elinizde tuttu\u011funuz. Hayat\u0131n d\u0131\u015f\u0131ndaysan kedinin i\u00e7inde olamazs\u0131n. Bu y\u00fczden kediler i\u00e7lerini yemezler, insan\u0131n \u00f6zelli\u011fi bu\u2026<\/p>\n","protected":false},"excerpt":{"rendered":"<p>Bu ajanda kedinin ci\u011fere bakma ajandas\u0131d\u0131r. Kediler kendilerine gelmezler, zaten kendilerinden hi\u00e7 gitmemi\u015flerdir. \u00c7\u00fcnk\u00fc kedi, yaln\u0131zca kendisidir, ba\u015fka hi\u00e7bir \u015fey de\u011fil. Ajanda \u015feklinde bir mektup asl\u0131nda<span class=\"excerpt-hellip\"> [\u2026]<\/span><\/p>\n","protected":false},"featured_media":0,"template":"","meta":{"_monsterinsights_skip_tracking":false,"_monsterinsights_sitenote_active":false,"_monsterinsights_sitenote_note":"","_monsterinsights_sitenote_category":0},"product_brand":[],"product_cat":[28265,15563],"product_tag":[],"class_list":{"0":"post-779711","1":"product","2":"type-product","3":"status-publish","5":"product_cat-diger-hobi","6":"product_cat-hobi","7":"pa_cilt-ciltsiz","8":"pa_tur-kitap","9":"pa_yayinevi-fol-kitap","10":"pa_yazar-tarhan-gurbuz","12":"first","13":"instock","14":"sale","15":"shipping-taxable","16":"purchasable","17":"product-type-simple"},"_links":{"self":[{"href":"https:\/\/roveyayinevi.com.tr\/index.php\/wp-json\/wp\/v2\/product\/779711","targetHints":{"allow":["GET"]}}],"collection":[{"href":"https:\/\/roveyayinevi.com.tr\/index.php\/wp-json\/wp\/v2\/product"}],"about":[{"href":"https:\/\/roveyayinevi.com.tr\/index.php\/wp-json\/wp\/v2\/types\/product"}],"wp:attachment":[{"href":"https:\/\/roveyayinevi.com.tr\/index.php\/wp-json\/wp\/v2\/media?parent=779711"}],"wp:term":[{"taxonomy":"product_brand","embeddable":true,"href":"https:\/\/roveyayinevi.com.tr\/index.php\/wp-json\/wp\/v2\/product_brand?post=779711"},{"taxonomy":"product_cat","embeddable":true,"href":"https:\/\/roveyayinevi.com.tr\/index.php\/wp-json\/wp\/v2\/product_cat?post=779711"},{"taxonomy":"product_tag","embeddable":true,"href":"https:\/\/roveyayinevi.com.tr\/index.php\/wp-json\/wp\/v2\/product_tag?post=779711"}],"curies":[{"name":"wp","href":"https:\/\/api.w.org\/{rel}","templated":true}]}}