{"id":779709,"date":"2025-12-30T12:07:36","date_gmt":"2025-12-30T09:07:36","guid":{"rendered":"https:\/\/roveyayinevi.com.tr\/index.php\/urun\/ey-turk-genci\/"},"modified":"2026-04-15T03:44:18","modified_gmt":"2026-04-15T00:44:18","slug":"ey-turk-genci","status":"publish","type":"product","link":"https:\/\/roveyayinevi.com.tr\/index.php\/urun\/ey-turk-genci\/","title":{"rendered":"Ey T\u00fcrk Genci!"},"content":{"rendered":"<p>Ey T\u00fcrk Genci!   NEREDEN Geldi\u011fini \u00d6\u011fren NEREYE Gidece\u011fimizi Bize \u00d6\u011fret     Prof. Dr. \u00dcst\u00fcn D\u00f6kmen, bu kitapta, T\u00fcrk tarihini, k\u00fclt\u00fcr ve medeniyetini bir psikolog g\u00f6z\u00fcyle ele al\u0131yor. T\u00fcrk soyunun nereden geldi\u011finin ve nereye gitti\u011finin izini s\u00fcrerken okuyucunun, kendi kimli\u011fini \/ aidiyetini cesaretle ve t\u00fcm ger\u00e7ekli\u011fiyle sorgulamas\u0131na rehberlik ediyor. <\/p>\n","protected":false},"excerpt":{"rendered":"<p>Ey T\u00fcrk Genci! NEREDEN Geldi\u011fini \u00d6\u011fren NEREYE Gidece\u011fimizi Bize \u00d6\u011fret Prof. Dr. \u00dcst\u00fcn D\u00f6kmen, bu kitapta, T\u00fcrk tarihini, k\u00fclt\u00fcr ve medeniyetini bir psikolog g\u00f6z\u00fcyle ele al\u0131yor.<span class=\"excerpt-hellip\"> [\u2026]<\/span><\/p>\n","protected":false},"featured_media":0,"template":"","meta":{"_monsterinsights_skip_tracking":false,"_monsterinsights_sitenote_active":false,"_monsterinsights_sitenote_note":"","_monsterinsights_sitenote_category":0},"product_brand":[],"product_cat":[12777,12291],"product_tag":[],"class_list":{"0":"post-779709","1":"product","2":"type-product","3":"status-publish","5":"product_cat-deneme","6":"product_cat-edebiyat","7":"pa_cilt-ciltsiz","8":"pa_tur-kitap","9":"pa_yayinevi-remzi-kitabevi","10":"pa_yazar-ustun-dokmen","12":"first","13":"instock","14":"sale","15":"shipping-taxable","16":"purchasable","17":"product-type-simple"},"_links":{"self":[{"href":"https:\/\/roveyayinevi.com.tr\/index.php\/wp-json\/wp\/v2\/product\/779709","targetHints":{"allow":["GET"]}}],"collection":[{"href":"https:\/\/roveyayinevi.com.tr\/index.php\/wp-json\/wp\/v2\/product"}],"about":[{"href":"https:\/\/roveyayinevi.com.tr\/index.php\/wp-json\/wp\/v2\/types\/product"}],"wp:attachment":[{"href":"https:\/\/roveyayinevi.com.tr\/index.php\/wp-json\/wp\/v2\/media?parent=779709"}],"wp:term":[{"taxonomy":"product_brand","embeddable":true,"href":"https:\/\/roveyayinevi.com.tr\/index.php\/wp-json\/wp\/v2\/product_brand?post=779709"},{"taxonomy":"product_cat","embeddable":true,"href":"https:\/\/roveyayinevi.com.tr\/index.php\/wp-json\/wp\/v2\/product_cat?post=779709"},{"taxonomy":"product_tag","embeddable":true,"href":"https:\/\/roveyayinevi.com.tr\/index.php\/wp-json\/wp\/v2\/product_tag?post=779709"}],"curies":[{"name":"wp","href":"https:\/\/api.w.org\/{rel}","templated":true}]}}