{"id":779706,"date":"2025-12-30T12:07:27","date_gmt":"2025-12-30T09:07:27","guid":{"rendered":"https:\/\/roveyayinevi.com.tr\/index.php\/urun\/kitap-gezginleri\/"},"modified":"2026-04-15T03:44:18","modified_gmt":"2026-04-15T00:44:18","slug":"kitap-gezginleri","status":"publish","type":"product","link":"https:\/\/roveyayinevi.com.tr\/index.php\/urun\/kitap-gezginleri\/","title":{"rendered":"Kitap Gezginleri"},"content":{"rendered":"<p>Owen\u2019a g\u00f6re ev \u00f6devlerinden, derslerden ve g\u00fcnl\u00fck i\u015flerden ibaret olan ger\u00e7ek hayat \u00e7ok s\u0131k\u0131c\u0131d\u0131r. Ama bir g\u00fcn, onun bu s\u0131k\u0131c\u0131 hayat\u0131n\u0131 tamamen de\u011fi\u015ftirecek ola\u011fan\u00fcst\u00fc bir \u015fey olur: Owen s\u0131n\u0131f arkada\u015f\u0131 Bethany\u2019nin k\u00fct\u00fcphanede bir kitab\u0131n i\u00e7inden \u00e7\u0131kt\u0131\u011f\u0131n\u0131 g\u00f6r\u00fcr. Kitaplar\u0131n i\u00e7inde istedi\u011fi gibi gezinebilen Bethany eline ge\u00e7en b\u00fct\u00fcn kitaplarda, y\u0131llar \u00f6nce kaybolan babas\u0131n\u0131 aramaktad\u0131r. Bu s\u0131rr\u0131n\u0131 kimsenin \u00f6\u011frenmesine izin veremeyece\u011fi i\u00e7in Owen\u2019la bir anla\u015fma yapmak zorunda kal\u0131r. O, Owen\u2019\u0131n en sevdi\u011fi kitaplardan birine girmesini sa\u011flayacak, Owen da bunun kar\u015f\u0131l\u0131\u011f\u0131nda s\u0131rr\u0131n\u0131 kimseye s\u00f6ylemeyecektir. Hem belki de bu sayede Bethany babas\u0131n\u0131 bulabilecektir. Ya da belki Bethany\u2019nin s\u0131rr\u0131n\u0131 b\u00fct\u00fcn d\u00fcnya \u00f6\u011frenecek, kurgu ile ger\u00e7ek birbirine kar\u0131\u015facak ve Owen, en sevdi\u011fi serinin son kitab\u0131n\u0131 ba\u015ftan sona ya\u015famak zorunda kalacakt\u0131r!<\/p>\n","protected":false},"excerpt":{"rendered":"<p>Owen\u2019a g\u00f6re ev \u00f6devlerinden, derslerden ve g\u00fcnl\u00fck i\u015flerden ibaret olan ger\u00e7ek hayat \u00e7ok s\u0131k\u0131c\u0131d\u0131r. Ama bir g\u00fcn, onun bu s\u0131k\u0131c\u0131 hayat\u0131n\u0131 tamamen de\u011fi\u015ftirecek ola\u011fan\u00fcst\u00fc bir \u015fey<span class=\"excerpt-hellip\"> [\u2026]<\/span><\/p>\n","protected":false},"featured_media":0,"template":"","meta":{"_monsterinsights_skip_tracking":false,"_monsterinsights_sitenote_active":false,"_monsterinsights_sitenote_note":"","_monsterinsights_sitenote_category":0},"product_brand":[],"product_cat":[12689,12274],"product_tag":[],"class_list":{"0":"post-779706","1":"product","2":"type-product","3":"status-publish","5":"product_cat-cizgi-roman-cocuk-ve-genclik-kitaplari","6":"product_cat-cocuk-ve-genclik-kitaplari","7":"pa_cilt-ciltsiz","8":"pa_tur-kitap","9":"pa_yayinevi-beyaz-balina-yayinlari","10":"pa_yazar-james-riley","12":"first","13":"instock","14":"sale","15":"shipping-taxable","16":"purchasable","17":"product-type-simple"},"_links":{"self":[{"href":"https:\/\/roveyayinevi.com.tr\/index.php\/wp-json\/wp\/v2\/product\/779706","targetHints":{"allow":["GET"]}}],"collection":[{"href":"https:\/\/roveyayinevi.com.tr\/index.php\/wp-json\/wp\/v2\/product"}],"about":[{"href":"https:\/\/roveyayinevi.com.tr\/index.php\/wp-json\/wp\/v2\/types\/product"}],"wp:attachment":[{"href":"https:\/\/roveyayinevi.com.tr\/index.php\/wp-json\/wp\/v2\/media?parent=779706"}],"wp:term":[{"taxonomy":"product_brand","embeddable":true,"href":"https:\/\/roveyayinevi.com.tr\/index.php\/wp-json\/wp\/v2\/product_brand?post=779706"},{"taxonomy":"product_cat","embeddable":true,"href":"https:\/\/roveyayinevi.com.tr\/index.php\/wp-json\/wp\/v2\/product_cat?post=779706"},{"taxonomy":"product_tag","embeddable":true,"href":"https:\/\/roveyayinevi.com.tr\/index.php\/wp-json\/wp\/v2\/product_tag?post=779706"}],"curies":[{"name":"wp","href":"https:\/\/api.w.org\/{rel}","templated":true}]}}