{"id":779703,"date":"2025-12-30T12:07:19","date_gmt":"2025-12-30T09:07:19","guid":{"rendered":"https:\/\/roveyayinevi.com.tr\/index.php\/urun\/yesil-vadinin-sirlari-palamir\/"},"modified":"2026-04-15T03:44:18","modified_gmt":"2026-04-15T00:44:18","slug":"yesil-vadinin-sirlari-palamir","status":"publish","type":"product","link":"https:\/\/roveyayinevi.com.tr\/index.php\/urun\/yesil-vadinin-sirlari-palamir\/","title":{"rendered":"Ye\u015fil Vadi\u2019nin S\u0131rlar\u0131 Palamir"},"content":{"rendered":"<p>Kadim zamanlarda insanla do\u011fa aras\u0131ndaki dengeyi \u00fc\u00e7 kutsal g\u00f6l korurdu: Adalet, Sorumluluk ve Sayg\u0131. Adalet G\u00f6l\u00fc ger\u00e7e\u011fi yans\u0131t\u0131r, Sorumluluk G\u00f6l\u00fc verilen s\u00f6z\u00fc m\u00fch\u00fcrler ve Sayg\u0131 G\u00f6l\u00fc ise insan nefsinin f\u0131rt\u0131nalar\u0131n\u0131 dindirirdi. Halk bu \u00fc\u00e7 g\u00f6l d\u00f6neminde alt\u0131n \u00e7a\u011f\u0131n\u0131 ya\u015fad\u0131. Ama g\u00f6n\u00fcller kuruyunca g\u00f6ller de kurudu. Kehanet ger\u00e7ekle\u015fti. Karanl\u0131k \u00c7a\u011f ba\u015flad\u0131. \u0130\u015fte Palamir, kaybolan de\u011ferlerin izinde do\u011fdu. Onun yolculu\u011fu g\u00f6llerin miras\u0131n\u0131 diriltmek, insan\u0131 \u00f6z\u00fcne d\u00f6nd\u00fcrmek i\u00e7in verilen mitolojik bir m\u00fccadeledir. Palamir Efsanesi, D\u00fczce\u2019nin co\u011frafyas\u0131ndan evrensel bir bilgelik yolculu\u011funa uzanan bir destand\u0131r. <\/p>\n","protected":false},"excerpt":{"rendered":"<p>Kadim zamanlarda insanla do\u011fa aras\u0131ndaki dengeyi \u00fc\u00e7 kutsal g\u00f6l korurdu: Adalet, Sorumluluk ve Sayg\u0131. Adalet G\u00f6l\u00fc ger\u00e7e\u011fi yans\u0131t\u0131r, Sorumluluk G\u00f6l\u00fc verilen s\u00f6z\u00fc m\u00fch\u00fcrler ve Sayg\u0131 G\u00f6l\u00fc<span class=\"excerpt-hellip\"> [\u2026]<\/span><\/p>\n","protected":false},"featured_media":0,"template":"","meta":{"_monsterinsights_skip_tracking":false,"_monsterinsights_sitenote_active":false,"_monsterinsights_sitenote_note":"","_monsterinsights_sitenote_category":0},"product_brand":[],"product_cat":[12291,14777],"product_tag":[],"class_list":{"0":"post-779703","1":"product","2":"type-product","3":"status-publish","5":"product_cat-edebiyat","6":"product_cat-fantastik","7":"pa_cilt-ciltsiz","8":"pa_tur-kitap","9":"pa_yayinevi-sayfa6-yayinlari","10":"pa_yazar-eyup-polat","12":"first","13":"instock","14":"sale","15":"shipping-taxable","16":"purchasable","17":"product-type-simple"},"_links":{"self":[{"href":"https:\/\/roveyayinevi.com.tr\/index.php\/wp-json\/wp\/v2\/product\/779703","targetHints":{"allow":["GET"]}}],"collection":[{"href":"https:\/\/roveyayinevi.com.tr\/index.php\/wp-json\/wp\/v2\/product"}],"about":[{"href":"https:\/\/roveyayinevi.com.tr\/index.php\/wp-json\/wp\/v2\/types\/product"}],"wp:attachment":[{"href":"https:\/\/roveyayinevi.com.tr\/index.php\/wp-json\/wp\/v2\/media?parent=779703"}],"wp:term":[{"taxonomy":"product_brand","embeddable":true,"href":"https:\/\/roveyayinevi.com.tr\/index.php\/wp-json\/wp\/v2\/product_brand?post=779703"},{"taxonomy":"product_cat","embeddable":true,"href":"https:\/\/roveyayinevi.com.tr\/index.php\/wp-json\/wp\/v2\/product_cat?post=779703"},{"taxonomy":"product_tag","embeddable":true,"href":"https:\/\/roveyayinevi.com.tr\/index.php\/wp-json\/wp\/v2\/product_tag?post=779703"}],"curies":[{"name":"wp","href":"https:\/\/api.w.org\/{rel}","templated":true}]}}