{"id":779701,"date":"2025-12-30T12:07:11","date_gmt":"2025-12-30T09:07:11","guid":{"rendered":"https:\/\/roveyayinevi.com.tr\/index.php\/urun\/gokyuzune-kadar\/"},"modified":"2026-04-15T03:44:18","modified_gmt":"2026-04-15T00:44:18","slug":"gokyuzune-kadar","status":"publish","type":"product","link":"https:\/\/roveyayinevi.com.tr\/index.php\/urun\/gokyuzune-kadar\/","title":{"rendered":"G\u00f6ky\u00fcz\u00fcne Kadar"},"content":{"rendered":"<p>Azra uzun bir k\u0131z. \u00c7ok uzun. Oyuncak bebeklerle oynamak i\u00e7in de fazlas\u0131yla uzun. \u00d6yle uzun ki ba\u015f\u0131 her zaman bulutlardad\u0131r. \u0130nsanlar\u0131n, onun hala k\u00fc\u00e7\u00fck bir k\u0131z \u00e7ocu\u011fu oldu\u011funun fark\u0131na varmas\u0131n\u0131 \u00e7ok ister.   <\/p>\n","protected":false},"excerpt":{"rendered":"<p>Azra uzun bir k\u0131z. \u00c7ok uzun. Oyuncak bebeklerle oynamak i\u00e7in de fazlas\u0131yla uzun. \u00d6yle uzun ki ba\u015f\u0131 her zaman bulutlardad\u0131r. \u0130nsanlar\u0131n, onun hala k\u00fc\u00e7\u00fck bir k\u0131z<span class=\"excerpt-hellip\"> [\u2026]<\/span><\/p>\n","protected":false},"featured_media":0,"template":"","meta":{"_monsterinsights_skip_tracking":false,"_monsterinsights_sitenote_active":false,"_monsterinsights_sitenote_note":"","_monsterinsights_sitenote_category":0},"product_brand":[],"product_cat":[12274,12284],"product_tag":[],"class_list":{"0":"post-779701","1":"product","2":"type-product","3":"status-publish","5":"product_cat-cocuk-ve-genclik-kitaplari","6":"product_cat-hikayeler","7":"pa_cilt-ciltsiz","8":"pa_tur-kitap","9":"pa_yayinevi-mandolin-yayinlari","10":"pa_yazar-sibylle-delacroix","12":"first","13":"instock","14":"sale","15":"shipping-taxable","16":"purchasable","17":"product-type-simple"},"_links":{"self":[{"href":"https:\/\/roveyayinevi.com.tr\/index.php\/wp-json\/wp\/v2\/product\/779701","targetHints":{"allow":["GET"]}}],"collection":[{"href":"https:\/\/roveyayinevi.com.tr\/index.php\/wp-json\/wp\/v2\/product"}],"about":[{"href":"https:\/\/roveyayinevi.com.tr\/index.php\/wp-json\/wp\/v2\/types\/product"}],"wp:attachment":[{"href":"https:\/\/roveyayinevi.com.tr\/index.php\/wp-json\/wp\/v2\/media?parent=779701"}],"wp:term":[{"taxonomy":"product_brand","embeddable":true,"href":"https:\/\/roveyayinevi.com.tr\/index.php\/wp-json\/wp\/v2\/product_brand?post=779701"},{"taxonomy":"product_cat","embeddable":true,"href":"https:\/\/roveyayinevi.com.tr\/index.php\/wp-json\/wp\/v2\/product_cat?post=779701"},{"taxonomy":"product_tag","embeddable":true,"href":"https:\/\/roveyayinevi.com.tr\/index.php\/wp-json\/wp\/v2\/product_tag?post=779701"}],"curies":[{"name":"wp","href":"https:\/\/api.w.org\/{rel}","templated":true}]}}