{"id":779699,"date":"2025-12-30T12:07:04","date_gmt":"2025-12-30T09:07:04","guid":{"rendered":"https:\/\/roveyayinevi.com.tr\/index.php\/urun\/arkadasligimizin-son-gunu\/"},"modified":"2026-04-15T03:44:17","modified_gmt":"2026-04-15T00:44:17","slug":"arkadasligimizin-son-gunu","status":"publish","type":"product","link":"https:\/\/roveyayinevi.com.tr\/index.php\/urun\/arkadasligimizin-son-gunu\/","title":{"rendered":"Arkada\u015fl\u0131\u011f\u0131m\u0131z\u0131n Son G\u00fcn\u00fc"},"content":{"rendered":"<p>Hem iyi birer arkada\u015f hem de kom\u015fu olan Can ve Alper, yaz tatillerini birlikte ge\u00e7iriyorlard\u0131. Krep yap\u0131yor, bisiklete binip sahile gidiyor ve kumda oynuyorlard\u0131. M\u00fckemmel bir yaz tatili i\u00e7in ihtiya\u00e7lar\u0131 olan her \u015feye sahiplerdi. Oysa Alper \u00e7ok endi\u015feliydi \u00e7\u00fcnk\u00fc Can\u2019\u0131n kaybolan misketiyle ilgili bir s\u0131r sakl\u0131yordu. Can\u2019\u0131n \u00f6\u011frendi\u011fi zaman \u00e7ok k\u0131zaca\u011f\u0131 bir s\u0131r\u2026 \u00d6\u011frenirse, belki de art\u0131k Alper\u2018le arkada\u015f olmak bile istemeyecekti. B\u00f6ylece Alper, Can\u2019la olan arkada\u015fl\u0131klar\u0131n\u0131n son g\u00fcn\u00fcn\u00fc en iyi \u015fekilde ge\u00e7irmeye karar verdi. Taa ki s\u0131rr\u0131n\u0131 daha fazla saklayamayaca\u011f\u0131n\u0131 anlayana kadar. Kim bilir, belki Can\u2019\u0131n da Alper\u2019e bir s\u00fcrprizi vard\u0131\u2026 <\/p>\n","protected":false},"excerpt":{"rendered":"<p>Hem iyi birer arkada\u015f hem de kom\u015fu olan Can ve Alper, yaz tatillerini birlikte ge\u00e7iriyorlard\u0131. Krep yap\u0131yor, bisiklete binip sahile gidiyor ve kumda oynuyorlard\u0131. M\u00fckemmel bir<span class=\"excerpt-hellip\"> [\u2026]<\/span><\/p>\n","protected":false},"featured_media":0,"template":"","meta":{"_monsterinsights_skip_tracking":false,"_monsterinsights_sitenote_active":false,"_monsterinsights_sitenote_note":"","_monsterinsights_sitenote_category":0},"product_brand":[],"product_cat":[12274,12284],"product_tag":[],"class_list":{"0":"post-779699","1":"product","2":"type-product","3":"status-publish","5":"product_cat-cocuk-ve-genclik-kitaplari","6":"product_cat-hikayeler","7":"pa_cilt-ciltsiz","8":"pa_tur-kitap","9":"pa_yayinevi-mandolin-yayinlari","10":"pa_yazar-jody-jensen-shaffer","12":"first","13":"instock","14":"sale","15":"shipping-taxable","16":"purchasable","17":"product-type-simple"},"_links":{"self":[{"href":"https:\/\/roveyayinevi.com.tr\/index.php\/wp-json\/wp\/v2\/product\/779699","targetHints":{"allow":["GET"]}}],"collection":[{"href":"https:\/\/roveyayinevi.com.tr\/index.php\/wp-json\/wp\/v2\/product"}],"about":[{"href":"https:\/\/roveyayinevi.com.tr\/index.php\/wp-json\/wp\/v2\/types\/product"}],"wp:attachment":[{"href":"https:\/\/roveyayinevi.com.tr\/index.php\/wp-json\/wp\/v2\/media?parent=779699"}],"wp:term":[{"taxonomy":"product_brand","embeddable":true,"href":"https:\/\/roveyayinevi.com.tr\/index.php\/wp-json\/wp\/v2\/product_brand?post=779699"},{"taxonomy":"product_cat","embeddable":true,"href":"https:\/\/roveyayinevi.com.tr\/index.php\/wp-json\/wp\/v2\/product_cat?post=779699"},{"taxonomy":"product_tag","embeddable":true,"href":"https:\/\/roveyayinevi.com.tr\/index.php\/wp-json\/wp\/v2\/product_tag?post=779699"}],"curies":[{"name":"wp","href":"https:\/\/api.w.org\/{rel}","templated":true}]}}