{"id":779697,"date":"2025-12-30T12:06:58","date_gmt":"2025-12-30T09:06:58","guid":{"rendered":"https:\/\/roveyayinevi.com.tr\/index.php\/urun\/geleceginizin-bugunu-is-hayati-kilavuzu\/"},"modified":"2026-04-15T03:44:17","modified_gmt":"2026-04-15T00:44:17","slug":"geleceginizin-bugunu-is-hayati-kilavuzu","status":"publish","type":"product","link":"https:\/\/roveyayinevi.com.tr\/index.php\/urun\/geleceginizin-bugunu-is-hayati-kilavuzu\/","title":{"rendered":"Gelece\u011finizin Bug\u00fcn\u00fc &#8211; \u0130\u015f Hayat\u0131 K\u0131lavuzu"},"content":{"rendered":"<p>Gelece\u011fini planlamak, rotas\u0131n\u0131 \u00e7izmek isteyen:   \u2022 \u00d6\u011frenciler \u2022 Yeni mezunlar \u2022 \u0130\u015f hayat\u0131na yeni ba\u015flayanlar \u2022 Bir s\u00fcredir i\u015f hayat\u0131nda yol alanlar   \u00c7al\u0131\u015fanlar\u0131n yar\u0131nlar\u0131n\u0131 bug\u00fcnden \u00f6nlerine getiren ve her zaman elinizin alt\u0131nda olmas\u0131 gereken bu kitapta;   \u2022 \u00c7al\u0131\u015fma hayat\u0131 nas\u0131l bir \u015fey? \u2022 Neler yap\u0131lmal\u0131, neler yap\u0131lmamal\u0131? \u2022 Profesyonel ya\u015fam\u0131n\u0131zda sizi neler bekliyor? \u2022 Hi\u00e7bir \u015fey yapmadan hedeflerinize ula\u015fma olas\u0131l\u0131\u011f\u0131n\u0131z var m\u0131? \u2022 Gelece\u011fe nas\u0131l haz\u0131r olursunuz? gibi pek \u00e7ok sorunun cevab\u0131n\u0131 bulacaks\u0131n\u0131z.   \u201cGelece\u011finizin Bug\u00fcn\u00fc \u2013 \u0130\u015f Hayat\u0131 K\u0131lavuzu\u201d kurum ve kurulu\u015flar\u0131n e\u011fitim ve oryantasyon s\u00fcre\u00e7lerine de destek olabilecek bir \u00e7al\u0131\u015fma.<\/p>\n","protected":false},"excerpt":{"rendered":"<p>Gelece\u011fini planlamak, rotas\u0131n\u0131 \u00e7izmek isteyen: \u2022 \u00d6\u011frenciler \u2022 Yeni mezunlar \u2022 \u0130\u015f hayat\u0131na yeni ba\u015flayanlar \u2022 Bir s\u00fcredir i\u015f hayat\u0131nda yol alanlar \u00c7al\u0131\u015fanlar\u0131n yar\u0131nlar\u0131n\u0131 bug\u00fcnden \u00f6nlerine<span class=\"excerpt-hellip\"> [\u2026]<\/span><\/p>\n","protected":false},"featured_media":0,"template":"","meta":{"_monsterinsights_skip_tracking":false,"_monsterinsights_sitenote_active":false,"_monsterinsights_sitenote_note":"","_monsterinsights_sitenote_category":0},"product_brand":[],"product_cat":[14787,13488],"product_tag":[],"class_list":{"0":"post-779697","1":"product","2":"type-product","3":"status-publish","5":"product_cat-diger-toplum-ve-insan","6":"product_cat-toplum-ve-insan","7":"pa_cilt-ciltsiz","8":"pa_tur-kitap","9":"pa_yayinevi-glomas-yayinevi","10":"pa_yazar-bulent-batmaca","12":"first","13":"instock","14":"sale","15":"shipping-taxable","16":"purchasable","17":"product-type-simple"},"_links":{"self":[{"href":"https:\/\/roveyayinevi.com.tr\/index.php\/wp-json\/wp\/v2\/product\/779697","targetHints":{"allow":["GET"]}}],"collection":[{"href":"https:\/\/roveyayinevi.com.tr\/index.php\/wp-json\/wp\/v2\/product"}],"about":[{"href":"https:\/\/roveyayinevi.com.tr\/index.php\/wp-json\/wp\/v2\/types\/product"}],"wp:attachment":[{"href":"https:\/\/roveyayinevi.com.tr\/index.php\/wp-json\/wp\/v2\/media?parent=779697"}],"wp:term":[{"taxonomy":"product_brand","embeddable":true,"href":"https:\/\/roveyayinevi.com.tr\/index.php\/wp-json\/wp\/v2\/product_brand?post=779697"},{"taxonomy":"product_cat","embeddable":true,"href":"https:\/\/roveyayinevi.com.tr\/index.php\/wp-json\/wp\/v2\/product_cat?post=779697"},{"taxonomy":"product_tag","embeddable":true,"href":"https:\/\/roveyayinevi.com.tr\/index.php\/wp-json\/wp\/v2\/product_tag?post=779697"}],"curies":[{"name":"wp","href":"https:\/\/api.w.org\/{rel}","templated":true}]}}