{"id":779696,"date":"2025-12-30T12:06:56","date_gmt":"2025-12-30T09:06:56","guid":{"rendered":"https:\/\/roveyayinevi.com.tr\/index.php\/urun\/yillarin-eskitemedigi-meyhaneci-hatun-beyza-gurbuzer\/"},"modified":"2026-04-15T03:44:17","modified_gmt":"2026-04-15T00:44:17","slug":"yillarin-eskitemedigi-meyhaneci-hatun-beyza-gurbuzer","status":"publish","type":"product","link":"https:\/\/roveyayinevi.com.tr\/index.php\/urun\/yillarin-eskitemedigi-meyhaneci-hatun-beyza-gurbuzer\/","title":{"rendered":"Y\u0131llar\u0131n Eskitemedi\u011fi Meyhaneci Hatun: Beyza G\u00fcrb\u00fczer"},"content":{"rendered":"<p>De\u011ferli yazar \u015eefika Onur Akatay\u2019\u0131n bir gurme titizli\u011fi ve ara\u015ft\u0131rmac\u0131l\u0131\u011f\u0131yla s\u00fcrd\u00fcrd\u00fc\u011f\u00fc bu \u201cs\u00f6yle\u015fi \u2013 ara\u015ft\u0131rma\u201dda, hem erkek egemen bir alanda kendine yer etmeye \u00e7al\u0131\u015fan bir kad\u0131n\u0131n \u00e7abalar\u0131n\u0131 ve ya\u015fam \u00f6yk\u00fcs\u00fcn\u00fc, hem de \u0130stanbul\u2019dan ba\u015flayarak toplumun ayd\u0131nl\u0131k y\u00fcz\u00fcn\u00fcn yemek ve sofra adab\u0131n\u0131n sosyolojik temellerini g\u00f6rebiliyorsunuz. Beyza G\u00fcrb\u00fczer\u2019in co\u015fkulu anlat\u0131m\u0131n\u0131n yan\u0131 s\u0131ra, kitab\u0131 haz\u0131rlayan \u015eefika Onur Akatay\u2019\u0131n konuya a\u00e7\u0131kl\u0131k getiren soru ve de\u011ferlendirmeleriyle zenginle\u015fen kitapta, T\u00fcrk toplumunun ya\u015fam ve yemek k\u00fclt\u00fcr\u00fcn\u00fcn bir panoramas\u0131 da sergileniyor. Kitab\u0131n son k\u0131sm\u0131nda Beyza G\u00fcrb\u00fczer\u2019in sand\u0131\u011f\u0131ndan \u00e7\u0131kan benzersiz pek \u00e7ok tarif de yer al\u0131yor.<\/p>\n","protected":false},"excerpt":{"rendered":"<p>De\u011ferli yazar \u015eefika Onur Akatay\u2019\u0131n bir gurme titizli\u011fi ve ara\u015ft\u0131rmac\u0131l\u0131\u011f\u0131yla s\u00fcrd\u00fcrd\u00fc\u011f\u00fc bu \u201cs\u00f6yle\u015fi \u2013 ara\u015ft\u0131rma\u201dda, hem erkek egemen bir alanda kendine yer etmeye \u00e7al\u0131\u015fan bir kad\u0131n\u0131n<span class=\"excerpt-hellip\"> [\u2026]<\/span><\/p>\n","protected":false},"featured_media":0,"template":"","meta":{"_monsterinsights_skip_tracking":false,"_monsterinsights_sitenote_active":false,"_monsterinsights_sitenote_note":"","_monsterinsights_sitenote_category":0},"product_brand":[],"product_cat":[12365,12364],"product_tag":[],"class_list":{"0":"post-779696","1":"product","2":"type-product","3":"status-publish","5":"product_cat-diger-genel-konular","6":"product_cat-genel-konular","7":"pa_cilt-ciltsiz","8":"pa_tur-kitap","9":"pa_yayinevi-glomas-yayinevi","10":"pa_yazar-sefika-onur-akatay","12":"first","13":"instock","14":"sale","15":"shipping-taxable","16":"purchasable","17":"product-type-simple"},"_links":{"self":[{"href":"https:\/\/roveyayinevi.com.tr\/index.php\/wp-json\/wp\/v2\/product\/779696","targetHints":{"allow":["GET"]}}],"collection":[{"href":"https:\/\/roveyayinevi.com.tr\/index.php\/wp-json\/wp\/v2\/product"}],"about":[{"href":"https:\/\/roveyayinevi.com.tr\/index.php\/wp-json\/wp\/v2\/types\/product"}],"wp:attachment":[{"href":"https:\/\/roveyayinevi.com.tr\/index.php\/wp-json\/wp\/v2\/media?parent=779696"}],"wp:term":[{"taxonomy":"product_brand","embeddable":true,"href":"https:\/\/roveyayinevi.com.tr\/index.php\/wp-json\/wp\/v2\/product_brand?post=779696"},{"taxonomy":"product_cat","embeddable":true,"href":"https:\/\/roveyayinevi.com.tr\/index.php\/wp-json\/wp\/v2\/product_cat?post=779696"},{"taxonomy":"product_tag","embeddable":true,"href":"https:\/\/roveyayinevi.com.tr\/index.php\/wp-json\/wp\/v2\/product_tag?post=779696"}],"curies":[{"name":"wp","href":"https:\/\/api.w.org\/{rel}","templated":true}]}}