{"id":779695,"date":"2025-12-30T12:06:53","date_gmt":"2025-12-30T09:06:53","guid":{"rendered":"https:\/\/roveyayinevi.com.tr\/index.php\/urun\/dunyalilar-3\/"},"modified":"2026-04-15T03:44:17","modified_gmt":"2026-04-15T00:44:17","slug":"dunyalilar-3","status":"publish","type":"product","link":"https:\/\/roveyayinevi.com.tr\/index.php\/urun\/dunyalilar-3\/","title":{"rendered":"D\u00fcnyal\u0131lar"},"content":{"rendered":"<p>Gezegenleraras\u0131 Y\u00fcksek Kurul\u2019un uzayl\u0131 temsilcileri be\u015f milyar y\u0131ld\u0131r evreni dola\u015farak, ak\u0131ll\u0131 ya\u015fama dair t\u00fcm belirtiler hakk\u0131nda bilgi topluyorlar. Ve ilk kez D\u00fcnya gezegeninin sakinleri ya da di\u011fer ad\u0131yla D\u00fcnyal\u0131lar hakk\u0131nda bir rapor haz\u0131rlad\u0131lar. Raporu haz\u0131rlamalar\u0131 d\u00fcnya zaman\u0131yla yedi saniye s\u00fcrd\u00fc.     Neden trafik baz\u0131 \u00fclkelerde sa\u011fdan, baz\u0131lar\u0131nda soldan ak\u0131yor? \u0130nsan DNA\u2019s\u0131 ile muz DNA\u2019s\u0131n\u0131n ne kadar\u0131 ortak? En \u00e7ok konu\u015fulan dil hangisi? \u0130nsanlar\u0131n y\u00fczde ka\u00e7\u0131 y\u00fcz\u00fckoyun, ka\u00e7\u0131 s\u0131rt\u00fcst\u00fc uyuyor? Siz cevaplar\u0131 bilmiyor olabilirsiniz ama uzayl\u0131lar biliyor. Elinizdeki bu kitap b\u00fct\u00fcn bu sorular\u0131n cevaplar\u0131n\u0131 ve \u00e7ok daha fazlas\u0131n\u0131 harika \u00e7izimler ve esprili bir dille (tabii uzayl\u0131 mizah\u0131) bir araya topluyor; D\u00fcnyal\u0131lar\u0131n g\u00f6r\u00fcn\u00fc\u015fleri, davran\u0131\u015flar\u0131, birbirleriyle ili\u015fkileri, gezegene etkileri, uzayl\u0131lar\u0131n keskin g\u00f6zlemleriyle birlikte masaya yat\u0131r\u0131l\u0131yor.     Uzayl\u0131lar yarg\u0131lam\u0131yor, sadece ger\u00e7ekleri g\u00f6steriyorlar. Peki D\u00fcnya hakk\u0131ndaki bu ger\u00e7ekler, D\u00fcnyal\u0131lar\u0131 \u015fa\u015f\u0131rtabilir mi?     2025 Prix Sorci\u00e8res aday\u0131 D\u00fcnyal\u0131lar: Uzayl\u0131lar\u0131n D\u00fcnya Raporu -\u00c7ok Gizli- e\u011flenceli \u00fcslubu ve g\u00f6z al\u0131c\u0131 \u00e7izimleriyle sizi koltu\u011funuzdan k\u0131p\u0131rdatmadan d\u00fcnya turuna \u00e7\u0131kar\u0131yor<\/p>\n","protected":false},"excerpt":{"rendered":"<p>Gezegenleraras\u0131 Y\u00fcksek Kurul\u2019un uzayl\u0131 temsilcileri be\u015f milyar y\u0131ld\u0131r evreni dola\u015farak, ak\u0131ll\u0131 ya\u015fama dair t\u00fcm belirtiler hakk\u0131nda bilgi topluyorlar. Ve ilk kez D\u00fcnya gezegeninin sakinleri ya da<span class=\"excerpt-hellip\"> [\u2026]<\/span><\/p>\n","protected":false},"featured_media":0,"template":"","meta":{"_monsterinsights_skip_tracking":false,"_monsterinsights_sitenote_active":false,"_monsterinsights_sitenote_note":"","_monsterinsights_sitenote_category":0},"product_brand":[],"product_cat":[13829,12274],"product_tag":[],"class_list":{"0":"post-779695","1":"product","2":"type-product","3":"status-publish","5":"product_cat-bilimsel-kitaplar","6":"product_cat-cocuk-ve-genclik-kitaplari","7":"pa_cilt-ciltsiz","8":"pa_tur-kitap","9":"pa_yayinevi-domingo-yayinevi","10":"pa_yazar-ewa-solarz","12":"first","13":"instock","14":"sale","15":"shipping-taxable","16":"purchasable","17":"product-type-simple"},"_links":{"self":[{"href":"https:\/\/roveyayinevi.com.tr\/index.php\/wp-json\/wp\/v2\/product\/779695","targetHints":{"allow":["GET"]}}],"collection":[{"href":"https:\/\/roveyayinevi.com.tr\/index.php\/wp-json\/wp\/v2\/product"}],"about":[{"href":"https:\/\/roveyayinevi.com.tr\/index.php\/wp-json\/wp\/v2\/types\/product"}],"wp:attachment":[{"href":"https:\/\/roveyayinevi.com.tr\/index.php\/wp-json\/wp\/v2\/media?parent=779695"}],"wp:term":[{"taxonomy":"product_brand","embeddable":true,"href":"https:\/\/roveyayinevi.com.tr\/index.php\/wp-json\/wp\/v2\/product_brand?post=779695"},{"taxonomy":"product_cat","embeddable":true,"href":"https:\/\/roveyayinevi.com.tr\/index.php\/wp-json\/wp\/v2\/product_cat?post=779695"},{"taxonomy":"product_tag","embeddable":true,"href":"https:\/\/roveyayinevi.com.tr\/index.php\/wp-json\/wp\/v2\/product_tag?post=779695"}],"curies":[{"name":"wp","href":"https:\/\/api.w.org\/{rel}","templated":true}]}}