{"id":779693,"date":"2025-12-30T12:06:48","date_gmt":"2025-12-30T09:06:48","guid":{"rendered":"https:\/\/roveyayinevi.com.tr\/index.php\/urun\/bir-gelenegin-son-temsilcisi-goksu-lokantalari\/"},"modified":"2026-04-15T03:44:17","modified_gmt":"2026-04-15T00:44:17","slug":"bir-gelenegin-son-temsilcisi-goksu-lokantalari","status":"publish","type":"product","link":"https:\/\/roveyayinevi.com.tr\/index.php\/urun\/bir-gelenegin-son-temsilcisi-goksu-lokantalari\/","title":{"rendered":"Bir Gelene\u011fin Son Temsilcisi G\u00f6ksu Lokantalar\u0131"},"content":{"rendered":"<p>Cumhuriyet\u2019in ilk y\u0131llar\u0131nda Ankara\u2019n\u0131n simgesi haline gelen Karpi\u00e7 Lokantas\u0131, yaln\u0131zca bir yemek mek\u00e2n\u0131 de\u011fil; bir k\u00fclt\u00fcr, bir bulu\u015fma noktas\u0131, bir haf\u0131zayd\u0131. \u0130\u015fte bu k\u00f6kl\u00fc gelene\u011fin izini s\u00fcrd\u00fcren G\u00f6ksu Lokantalar\u0131, y\u0131llar i\u00e7inde sadece bir lokanta de\u011fil, bir ya\u015fam bi\u00e7imi olarak da varl\u0131\u011f\u0131n\u0131 korudu. Kitap, G\u00f6ksu Lokantalar\u0131\u2019n\u0131n ge\u00e7mi\u015fiyle bug\u00fcn\u00fc aras\u0131nda kurulan bir k\u00f6pr\u00fc g\u00f6revi g\u00f6r\u00fcyor. Kurucular\u0131ndan g\u00fcn\u00fcm\u00fcz \u00e7al\u0131\u015fanlar\u0131na, m\u00fcdavimlerinden ustalar\u0131na kadar bir\u00e7ok tan\u0131\u011f\u0131n hat\u0131ralar\u0131yla beslenen anlat\u0131lar; bir lokantan\u0131n oldu\u011fu kadar ayn\u0131 zamanda bir \u015fehrin ve bir k\u00fclt\u00fcr\u00fcn hik\u00e2yesini de g\u00f6zler \u00f6n\u00fcne seriyor.Sayfalar aras\u0131nda dola\u015f\u0131rken; bir lokantay\u0131 \u201ciyi\u201d yapan de\u011ferleri, Cumhuriyet ku\u015fa\u011f\u0131n\u0131n yeme-i\u00e7me al\u0131\u015fkanl\u0131klar\u0131n\u0131, eski g\u00fcnlerden bug\u00fcne uzanan sohbetleri, profesyonel mutfaktan se\u00e7ilmi\u015f \u00f6zel tarifleri bulacaks\u0131n\u0131z.Bu kitap, sadece bir lokantan\u0131n de\u011fil; bir ailenin, bir gelene\u011fin ve ba\u015fkentin belle\u011finin hik\u00e2yesidir. G\u00f6ksu Lokantalar\u0131\u2019n\u0131n zamanla harmanlanm\u0131\u015f ruhuna, sofralar\u0131nda biriken an\u0131lara ve k\u00fc\u00e7\u00fck bir \u00e7ocu\u011fun b\u00fcy\u00fck yolculu\u011funa dair bir anlat\u0131d\u0131r.<\/p>\n","protected":false},"excerpt":{"rendered":"<p>Cumhuriyet\u2019in ilk y\u0131llar\u0131nda Ankara\u2019n\u0131n simgesi haline gelen Karpi\u00e7 Lokantas\u0131, yaln\u0131zca bir yemek mek\u00e2n\u0131 de\u011fil; bir k\u00fclt\u00fcr, bir bulu\u015fma noktas\u0131, bir haf\u0131zayd\u0131. \u0130\u015fte bu k\u00f6kl\u00fc gelene\u011fin izini<span class=\"excerpt-hellip\"> [\u2026]<\/span><\/p>\n","protected":false},"featured_media":0,"template":"","meta":{"_monsterinsights_skip_tracking":false,"_monsterinsights_sitenote_active":false,"_monsterinsights_sitenote_note":"","_monsterinsights_sitenote_category":0},"product_brand":[],"product_cat":[12365,12364],"product_tag":[],"class_list":{"0":"post-779693","1":"product","2":"type-product","3":"status-publish","5":"product_cat-diger-genel-konular","6":"product_cat-genel-konular","7":"pa_cilt-ciltli","8":"pa_tur-kitap","9":"pa_yayinevi-glomas-yayinevi","10":"pa_yazar-sefika-onur-batmaca","12":"first","13":"instock","14":"sale","15":"shipping-taxable","16":"purchasable","17":"product-type-simple"},"_links":{"self":[{"href":"https:\/\/roveyayinevi.com.tr\/index.php\/wp-json\/wp\/v2\/product\/779693","targetHints":{"allow":["GET"]}}],"collection":[{"href":"https:\/\/roveyayinevi.com.tr\/index.php\/wp-json\/wp\/v2\/product"}],"about":[{"href":"https:\/\/roveyayinevi.com.tr\/index.php\/wp-json\/wp\/v2\/types\/product"}],"wp:attachment":[{"href":"https:\/\/roveyayinevi.com.tr\/index.php\/wp-json\/wp\/v2\/media?parent=779693"}],"wp:term":[{"taxonomy":"product_brand","embeddable":true,"href":"https:\/\/roveyayinevi.com.tr\/index.php\/wp-json\/wp\/v2\/product_brand?post=779693"},{"taxonomy":"product_cat","embeddable":true,"href":"https:\/\/roveyayinevi.com.tr\/index.php\/wp-json\/wp\/v2\/product_cat?post=779693"},{"taxonomy":"product_tag","embeddable":true,"href":"https:\/\/roveyayinevi.com.tr\/index.php\/wp-json\/wp\/v2\/product_tag?post=779693"}],"curies":[{"name":"wp","href":"https:\/\/api.w.org\/{rel}","templated":true}]}}