{"id":779692,"date":"2025-12-30T12:06:46","date_gmt":"2025-12-30T09:06:46","guid":{"rendered":"https:\/\/roveyayinevi.com.tr\/index.php\/urun\/uluslararasi-protokol-ve-gorgu-kurallari\/"},"modified":"2026-04-15T03:44:17","modified_gmt":"2026-04-15T00:44:17","slug":"uluslararasi-protokol-ve-gorgu-kurallari","status":"publish","type":"product","link":"https:\/\/roveyayinevi.com.tr\/index.php\/urun\/uluslararasi-protokol-ve-gorgu-kurallari\/","title":{"rendered":"Uluslararas\u0131 Protokol ve G\u00f6rg\u00fc Kurallar\u0131"},"content":{"rendered":"<p>K\u00fcreselle\u015fen d\u00fcnyada; her k\u00fclt\u00fcr yeni bir kap\u0131d\u0131r, her davran\u0131\u015f ise o kap\u0131y\u0131 a\u00e7an bir anahtar\u2026 Peki siz, uluslararas\u0131 arenada bu kap\u0131lar\u0131 nas\u0131l aralayaca\u011f\u0131n\u0131z\u0131 biliyor musunuz? Uluslararas\u0131 ili\u015fkilerde ba\u015far\u0131 yaln\u0131zca bilgiyle de\u011fil; ayn\u0131 zamanda g\u00fcven, sayg\u0131 ve zarafetle in\u015fa edilir. Diplomasi, protokol ve g\u00f6rg\u00fc kurallar\u0131na hakimiyet k\u00fclt\u00fcrler aras\u0131 k\u00f6pr\u00fcler kurmay\u0131, g\u00fcven in\u015fa etmeyi ve kal\u0131c\u0131 ili\u015fkiler geli\u015ftirmeyi \u00f6\u011fretir. \u0130\u015f d\u00fcnyas\u0131nda ve sosyal ya\u015famda nerede, ne zaman, nas\u0131l davranman\u0131z gerekti\u011fini bilmek, prestij, \u00f6zg\u00fcven ve g\u00fc\u00e7l\u00fc bir temsil yetene\u011fiyle uluslararas\u0131 arenada fark yaratman\u0131z\u0131 sa\u011flayacakt\u0131r.<\/p>\n","protected":false},"excerpt":{"rendered":"<p>K\u00fcreselle\u015fen d\u00fcnyada; her k\u00fclt\u00fcr yeni bir kap\u0131d\u0131r, her davran\u0131\u015f ise o kap\u0131y\u0131 a\u00e7an bir anahtar\u2026 Peki siz, uluslararas\u0131 arenada bu kap\u0131lar\u0131 nas\u0131l aralayaca\u011f\u0131n\u0131z\u0131 biliyor musunuz? Uluslararas\u0131<span class=\"excerpt-hellip\"> [\u2026]<\/span><\/p>\n","protected":false},"featured_media":0,"template":"","meta":{"_monsterinsights_skip_tracking":false,"_monsterinsights_sitenote_active":false,"_monsterinsights_sitenote_note":"","_monsterinsights_sitenote_category":0},"product_brand":[],"product_cat":[12365,12364],"product_tag":[],"class_list":{"0":"post-779692","1":"product","2":"type-product","3":"status-publish","5":"product_cat-diger-genel-konular","6":"product_cat-genel-konular","7":"pa_cilt-ciltsiz","8":"pa_tur-kitap","9":"pa_yayinevi-glomas-yayinevi","10":"pa_yazar-damla-durmus-koymen","12":"first","13":"instock","14":"sale","15":"shipping-taxable","16":"purchasable","17":"product-type-simple"},"_links":{"self":[{"href":"https:\/\/roveyayinevi.com.tr\/index.php\/wp-json\/wp\/v2\/product\/779692","targetHints":{"allow":["GET"]}}],"collection":[{"href":"https:\/\/roveyayinevi.com.tr\/index.php\/wp-json\/wp\/v2\/product"}],"about":[{"href":"https:\/\/roveyayinevi.com.tr\/index.php\/wp-json\/wp\/v2\/types\/product"}],"wp:attachment":[{"href":"https:\/\/roveyayinevi.com.tr\/index.php\/wp-json\/wp\/v2\/media?parent=779692"}],"wp:term":[{"taxonomy":"product_brand","embeddable":true,"href":"https:\/\/roveyayinevi.com.tr\/index.php\/wp-json\/wp\/v2\/product_brand?post=779692"},{"taxonomy":"product_cat","embeddable":true,"href":"https:\/\/roveyayinevi.com.tr\/index.php\/wp-json\/wp\/v2\/product_cat?post=779692"},{"taxonomy":"product_tag","embeddable":true,"href":"https:\/\/roveyayinevi.com.tr\/index.php\/wp-json\/wp\/v2\/product_tag?post=779692"}],"curies":[{"name":"wp","href":"https:\/\/api.w.org\/{rel}","templated":true}]}}