{"id":779690,"date":"2025-12-30T12:06:39","date_gmt":"2025-12-30T09:06:39","guid":{"rendered":"https:\/\/roveyayinevi.com.tr\/index.php\/urun\/kitaplarin-iyilestirme-gucu\/"},"modified":"2026-04-15T03:44:17","modified_gmt":"2026-04-15T00:44:17","slug":"kitaplarin-iyilestirme-gucu","status":"publish","type":"product","link":"https:\/\/roveyayinevi.com.tr\/index.php\/urun\/kitaplarin-iyilestirme-gucu\/","title":{"rendered":"Kitaplar\u0131n \u0130yile\u015ftirme G\u00fcc\u00fc"},"content":{"rendered":"<p>B\u0130R S\u00d6Z, KALB\u0130N EN SESS\u0130Z YER\u0130NE DOKUNUR.     \u201cKitaplar\u0131n \u0130yile\u015ftirme G\u00fcc\u00fc\u201d, kitaplar\u0131n ve kelimelerin iyile\u015ftirici g\u00fcc\u00fcn\u00fc anlatan 53 k\u0131sa denemeden olu\u015fuyor.   Yorgun bir ak\u015famda, kendini eksik hissetti\u011fin bir sabahta, bir kitap sayfas\u0131nda kar\u015f\u0131na \u00e7\u0131kan tek bir c\u00fcmle seni yeniden aya\u011fa kald\u0131rabilir.   Hwang Bo-reum\u2019un s\u0131cak ve i\u00e7ten diliyle yaz\u0131lm\u0131\u015f bu kitap; kalbini dinlendirmek, kendine yeniden yakla\u015fmak isteyen herkes i\u00e7in bir davet.   \u00c7\u00fcnk\u00fc bazen, iyile\u015fmenin yolu bir s\u00f6zden ge\u00e7er. <\/p>\n","protected":false},"excerpt":{"rendered":"<p>B\u0130R S\u00d6Z, KALB\u0130N EN SESS\u0130Z YER\u0130NE DOKUNUR. \u201cKitaplar\u0131n \u0130yile\u015ftirme G\u00fcc\u00fc\u201d, kitaplar\u0131n ve kelimelerin iyile\u015ftirici g\u00fcc\u00fcn\u00fc anlatan 53 k\u0131sa denemeden olu\u015fuyor. Yorgun bir ak\u015famda, kendini eksik hissetti\u011fin<span class=\"excerpt-hellip\"> [\u2026]<\/span><\/p>\n","protected":false},"featured_media":0,"template":"","meta":{"_monsterinsights_skip_tracking":false,"_monsterinsights_sitenote_active":false,"_monsterinsights_sitenote_note":"","_monsterinsights_sitenote_category":0},"product_brand":[],"product_cat":[12291,12711],"product_tag":[],"class_list":{"0":"post-779690","1":"product","2":"type-product","3":"status-publish","5":"product_cat-edebiyat","6":"product_cat-roman-oyku","7":"pa_cilt-ciltsiz","8":"pa_tur-kitap","9":"pa_yayinevi-athica-yayinlari","10":"pa_yazar-hwang-bo-reum","12":"first","13":"instock","14":"sale","15":"shipping-taxable","16":"purchasable","17":"product-type-simple"},"_links":{"self":[{"href":"https:\/\/roveyayinevi.com.tr\/index.php\/wp-json\/wp\/v2\/product\/779690","targetHints":{"allow":["GET"]}}],"collection":[{"href":"https:\/\/roveyayinevi.com.tr\/index.php\/wp-json\/wp\/v2\/product"}],"about":[{"href":"https:\/\/roveyayinevi.com.tr\/index.php\/wp-json\/wp\/v2\/types\/product"}],"wp:attachment":[{"href":"https:\/\/roveyayinevi.com.tr\/index.php\/wp-json\/wp\/v2\/media?parent=779690"}],"wp:term":[{"taxonomy":"product_brand","embeddable":true,"href":"https:\/\/roveyayinevi.com.tr\/index.php\/wp-json\/wp\/v2\/product_brand?post=779690"},{"taxonomy":"product_cat","embeddable":true,"href":"https:\/\/roveyayinevi.com.tr\/index.php\/wp-json\/wp\/v2\/product_cat?post=779690"},{"taxonomy":"product_tag","embeddable":true,"href":"https:\/\/roveyayinevi.com.tr\/index.php\/wp-json\/wp\/v2\/product_tag?post=779690"}],"curies":[{"name":"wp","href":"https:\/\/api.w.org\/{rel}","templated":true}]}}