{"id":779689,"date":"2025-12-30T12:06:35","date_gmt":"2025-12-30T09:06:35","guid":{"rendered":"https:\/\/roveyayinevi.com.tr\/index.php\/urun\/gecenin-sonundaki-ates\/"},"modified":"2026-04-15T03:44:17","modified_gmt":"2026-04-15T00:44:17","slug":"gecenin-sonundaki-ates","status":"publish","type":"product","link":"https:\/\/roveyayinevi.com.tr\/index.php\/urun\/gecenin-sonundaki-ates\/","title":{"rendered":"Gecenin Sonundaki Ate\u015f"},"content":{"rendered":"<p>B\u0130R KADININ \u0130SYANI KRALLIKLARI SARSACAK.   \u00dc\u00e7 Krall\u0131k alev alev yanarken, babas\u0131n\u0131n afyon ba\u011f\u0131ml\u0131l\u0131\u011f\u0131 ve evlilik pazarl\u0131klar\u0131 aras\u0131nda s\u0131k\u0131\u015f\u0131p kalan Meilin, erkek k\u0131l\u0131\u011f\u0131na girip orduya kat\u0131l\u0131r. Sava\u015f\u0131n ortas\u0131nda k\u0131l\u0131\u00e7lara, d\u00fc\u015fmanlara ve kendi y\u00fcre\u011fine kar\u015f\u0131 m\u00fccadele ederken, bir deniz ejderhas\u0131n\u0131n ruhu ona kaderini de\u011fi\u015ftirme f\u0131rsat\u0131 sunar. Ama her se\u00e7imin bir bedeli vard\u0131r. A\u015fk, isyan ve \u00f6zg\u00fcrl\u00fck aras\u0131nda s\u0131k\u0131\u015fan Meilin\u2019in kararlar\u0131 sadece kendisini de\u011fil, t\u00fcm krall\u0131\u011f\u0131n kaderini de\u011fi\u015ftirecektir. Ona a\u00e7\u0131lan bu yeni d\u00fcnyada, sadakati, esareti ve i\u00e7inde ta\u015f\u0131d\u0131\u011f\u0131 ate\u015f s\u0131nanacak. Hayat\u0131n\u0131n dizginlerini ellerine almak isteyen Meilin i\u00e7in art\u0131k geri d\u00f6n\u00fc\u015f yoktur. Ya hayatta kalacak ya da \u00f6zg\u00fcrl\u00fck ate\u015finde yanacak.   Gecenin Sonundaki Ate\u015f, nefes kesici derecede epik ve bir o kadar da  zarif bir romantizmle \u00f6r\u00fclm\u00fc\u015f; efsaneler, sihir ve sava\u015flarla dolu bir d\u00fcnyada kaderini \u015fekillendirmek i\u00e7in sava\u015fan gen\u00e7 bir kad\u0131n\u0131n hik\u00e2yesi. Mulan hayranlar\u0131 i\u00e7in ka\u00e7\u0131r\u0131lmayacak bir macera.\u201d  \u2014Am\u00e9lie Wen Zhao, New York Times \u00c7ok Satan Yazar\u0131, Song of Silver, Flame Like Night   Macera, romantizm ve ejderhalarla dolu bu muhte\u015fem hik\u00e2ye. \u0130nsan\u0131n kendine sad\u0131k kalmas\u0131n\u0131n bedeline dair g\u00fc\u00e7l\u00fc bir bak\u0131\u015f sunan, etkileyici ve s\u00fcr\u00fckleyici bir fantastik anlat\u0131.  \u2014Patricia Briggs, New York Times \u00c7ok Satan Yazar\u0131, Mercy Thompson serisi   Gecenin Sonundaki Ate\u015f, hem nefes kesen bir macera hem de g\u00fcc\u00fcn, kad\u0131n h\u0131rs\u0131n\u0131n ve bu h\u0131rs\u0131n beraberinde getirdi\u011fi bedellerin korkusuzca i\u015flendi\u011fi, heyecan verici ve ustal\u0131kla anlat\u0131lm\u0131\u015f bir hik\u00e2ye.\u201d  \u2014Grace D. Li, New York Times \u00c7ok Satan Yazar\u0131, Portrait of a Thief <\/p>\n","protected":false},"excerpt":{"rendered":"<p>B\u0130R KADININ \u0130SYANI KRALLIKLARI SARSACAK. \u00dc\u00e7 Krall\u0131k alev alev yanarken, babas\u0131n\u0131n afyon ba\u011f\u0131ml\u0131l\u0131\u011f\u0131 ve evlilik pazarl\u0131klar\u0131 aras\u0131nda s\u0131k\u0131\u015f\u0131p kalan Meilin, erkek k\u0131l\u0131\u011f\u0131na girip orduya kat\u0131l\u0131r. Sava\u015f\u0131n<span class=\"excerpt-hellip\"> [\u2026]<\/span><\/p>\n","protected":false},"featured_media":0,"template":"","meta":{"_monsterinsights_skip_tracking":false,"_monsterinsights_sitenote_active":false,"_monsterinsights_sitenote_note":"","_monsterinsights_sitenote_category":0},"product_brand":[],"product_cat":[12291,12711],"product_tag":[],"class_list":{"0":"post-779689","1":"product","2":"type-product","3":"status-publish","5":"product_cat-edebiyat","6":"product_cat-roman-oyku","7":"pa_cilt-ciltsiz","8":"pa_tur-kitap","9":"pa_yayinevi-athica-yayinlari","10":"pa_yazar-k-x-song","12":"first","13":"instock","14":"sale","15":"shipping-taxable","16":"purchasable","17":"product-type-simple"},"_links":{"self":[{"href":"https:\/\/roveyayinevi.com.tr\/index.php\/wp-json\/wp\/v2\/product\/779689","targetHints":{"allow":["GET"]}}],"collection":[{"href":"https:\/\/roveyayinevi.com.tr\/index.php\/wp-json\/wp\/v2\/product"}],"about":[{"href":"https:\/\/roveyayinevi.com.tr\/index.php\/wp-json\/wp\/v2\/types\/product"}],"wp:attachment":[{"href":"https:\/\/roveyayinevi.com.tr\/index.php\/wp-json\/wp\/v2\/media?parent=779689"}],"wp:term":[{"taxonomy":"product_brand","embeddable":true,"href":"https:\/\/roveyayinevi.com.tr\/index.php\/wp-json\/wp\/v2\/product_brand?post=779689"},{"taxonomy":"product_cat","embeddable":true,"href":"https:\/\/roveyayinevi.com.tr\/index.php\/wp-json\/wp\/v2\/product_cat?post=779689"},{"taxonomy":"product_tag","embeddable":true,"href":"https:\/\/roveyayinevi.com.tr\/index.php\/wp-json\/wp\/v2\/product_tag?post=779689"}],"curies":[{"name":"wp","href":"https:\/\/api.w.org\/{rel}","templated":true}]}}