{"id":779688,"date":"2025-12-30T12:06:32","date_gmt":"2025-12-30T09:06:32","guid":{"rendered":"https:\/\/roveyayinevi.com.tr\/index.php\/urun\/parazit-cilt-5\/"},"modified":"2026-04-15T03:44:17","modified_gmt":"2026-04-15T00:44:17","slug":"parazit-cilt-5","status":"publish","type":"product","link":"https:\/\/roveyayinevi.com.tr\/index.php\/urun\/parazit-cilt-5\/","title":{"rendered":"Parazit Cilt 5"},"content":{"rendered":"<p>CANAVAR Shinichi, korkun\u00e7 bir uzayl\u0131 parazit v\u00fccudunu istila edene kadar alelade bir lise \u00f6\u011frencisiydi ama art\u0131k insan surat\u0131na\u2026 ve bilincine sahip bir canavar. Gezegenimizdeki ba\u015fka hi\u00e7bir canl\u0131ya benzemiyor \u00e7\u00fcnk\u00fc yar\u0131 insan, yar\u0131 uzayl\u0131 ve kendini kurtarmak i\u00e7in umutsuzca m\u00fccadele ediyor. \u00dcstelik bu m\u00fccadelede giderek daha da zorlan\u0131yor \u00e7\u00fcnk\u00fc sa\u011f kolunun yerine ge\u00e7en parazit Migi, ald\u0131\u011f\u0131 her kararda Shinichi\u2019yle z\u0131tla\u015f\u0131yor. \u201cSen de mi ayn\u0131 r\u00fcyay\u0131 g\u00f6rd\u00fcn?\u201d<\/p>\n","protected":false},"excerpt":{"rendered":"<p>CANAVAR Shinichi, korkun\u00e7 bir uzayl\u0131 parazit v\u00fccudunu istila edene kadar alelade bir lise \u00f6\u011frencisiydi ama art\u0131k insan surat\u0131na\u2026 ve bilincine sahip bir canavar. Gezegenimizdeki ba\u015fka hi\u00e7bir<span class=\"excerpt-hellip\"> [\u2026]<\/span><\/p>\n","protected":false},"featured_media":0,"template":"","meta":{"_monsterinsights_skip_tracking":false,"_monsterinsights_sitenote_active":false,"_monsterinsights_sitenote_note":"","_monsterinsights_sitenote_category":0},"product_brand":[],"product_cat":[12416,12291],"product_tag":[],"class_list":{"0":"post-779688","1":"product","2":"type-product","3":"status-publish","5":"product_cat-cizgi-roman","6":"product_cat-edebiyat","7":"pa_cilt-ciltsiz","8":"pa_tur-kitap","9":"pa_yayinevi-kayip-kita-yayinlari","10":"pa_yazar-hitoshi-iwaaki","12":"first","13":"instock","14":"sale","15":"shipping-taxable","16":"purchasable","17":"product-type-simple"},"_links":{"self":[{"href":"https:\/\/roveyayinevi.com.tr\/index.php\/wp-json\/wp\/v2\/product\/779688","targetHints":{"allow":["GET"]}}],"collection":[{"href":"https:\/\/roveyayinevi.com.tr\/index.php\/wp-json\/wp\/v2\/product"}],"about":[{"href":"https:\/\/roveyayinevi.com.tr\/index.php\/wp-json\/wp\/v2\/types\/product"}],"wp:attachment":[{"href":"https:\/\/roveyayinevi.com.tr\/index.php\/wp-json\/wp\/v2\/media?parent=779688"}],"wp:term":[{"taxonomy":"product_brand","embeddable":true,"href":"https:\/\/roveyayinevi.com.tr\/index.php\/wp-json\/wp\/v2\/product_brand?post=779688"},{"taxonomy":"product_cat","embeddable":true,"href":"https:\/\/roveyayinevi.com.tr\/index.php\/wp-json\/wp\/v2\/product_cat?post=779688"},{"taxonomy":"product_tag","embeddable":true,"href":"https:\/\/roveyayinevi.com.tr\/index.php\/wp-json\/wp\/v2\/product_tag?post=779688"}],"curies":[{"name":"wp","href":"https:\/\/api.w.org\/{rel}","templated":true}]}}