{"id":779679,"date":"2025-12-30T12:06:08","date_gmt":"2025-12-30T09:06:08","guid":{"rendered":"https:\/\/roveyayinevi.com.tr\/index.php\/urun\/kamptaki-o-yaz\/"},"modified":"2026-04-15T03:44:17","modified_gmt":"2026-04-15T00:44:17","slug":"kamptaki-o-yaz","status":"publish","type":"product","link":"https:\/\/roveyayinevi.com.tr\/index.php\/urun\/kamptaki-o-yaz\/","title":{"rendered":"Kamptaki O Yaz"},"content":{"rendered":"<p>RUSYA\u2019DA YASAKLANDI\u011eINDA B\u0130R T\u0130KTOK FENOMEN\u0130NE D\u00d6N\u00dc\u015eEN VE ULUSLARARASI \u00c7OKSATAN SIRA DI\u015eI B\u0130R A\u015eK ROMANI!16 ya\u015f\u0131ndaki Yura Konev, K\u0131rlang\u0131\u00e7 \u00d6nc\u00fc Kamp\u0131\u2019nda ge\u00e7irece\u011fi haftalar\u0131 can s\u0131k\u0131nt\u0131s\u0131 ve korkuyla bekliyordu. Ancak 19 ya\u015f\u0131ndaki tak\u0131m lideri Volodya ile tan\u0131\u015ft\u0131\u011f\u0131nda i\u015fler de\u011fi\u015fti. Tipik kamp e\u011flencelerinden siyasi \u00e7al\u0131\u015fmalara, imk\u00e2ns\u0131zl\u0131klar i\u00e7inde sahneye konan bir tiyatro oyunundan gizem, utan\u00e7, k\u0131nama ve ke\u015fiflerle \u00f6r\u00fcl\u00fc ilk a\u015fka uzanan o yaz, iki genci de sonsuza dek de\u011fi\u015ftirecekti.Yura, y\u0131llar sonra, gen\u00e7lik a\u015fk\u0131na d\u00f6n\u00fc\u015fen o unutulmaz dostlu\u011fun izlerini takip ederek K\u0131rlang\u0131\u00e7\u2019a geri d\u00f6nd\u00fc. Ge\u00e7mi\u015fin y\u0131k\u0131nt\u0131lar\u0131 aras\u0131nda, bir zamanlar sevdi\u011fi adama giden yolu bulabilecek miydi?Rus Elena Malisova ve Ukraynal\u0131 Katerina Silvanova\u2019n\u0131n yazd\u0131\u011f\u0131 bu unutulmaz a\u015fk hik\u00e2yesi yay\u0131mland\u0131\u011f\u0131 y\u0131l Rusya\u2019da \u00e7ok satanlarda zirveye yerle\u015fti ve \u00fclkedeki en b\u00fcy\u00fck bask\u0131lardan birini tetikleyerek yasakland\u0131. Fakat hemen ard\u0131ndan payla\u015f\u0131m rekorlar\u0131 k\u0131ran Kamptaki O Yaz ayn\u0131 zamandaRusya tarihine yepyeni bir bak\u0131\u015f a\u00e7\u0131s\u0131 sunuyor.\u201cKamptaki O Yaz, onlarca y\u0131l s\u00fcren \u00f6zlemin i\u00e7ine dalmak isteyen okuyucular i\u00e7in yaz\u0131lm\u0131\u015f, yava\u015f yava\u015f geli\u015fen bir sevgi masal\u0131. Neredeyse imk\u00e2ns\u0131z ko\u015fullarda bile a\u015fk\u0131n filizlenebilece\u011fini g\u00f6steren, y\u00fcrekleri \u0131s\u0131tan bir masal.\u201dBOOKPAGE\u201cSovyet d\u00f6nemindeki bir yaz kamp\u0131 gibi s\u0131ra d\u0131\u015f\u0131 bir mek\u00e2nda ge\u00e7en, derinden hissedilen, b\u00fcy\u00fcleyici ve kusursuz bir \u015fekilde kaleme al\u0131nm\u0131\u015f bir a\u015fk hik\u00e2yesi.\u201dPUBLIC LIBRARIES ONLINE<\/p>\n","protected":false},"excerpt":{"rendered":"<p>RUSYA\u2019DA YASAKLANDI\u011eINDA B\u0130R T\u0130KTOK FENOMEN\u0130NE D\u00d6N\u00dc\u015eEN VE ULUSLARARASI \u00c7OKSATAN SIRA DI\u015eI B\u0130R A\u015eK ROMANI!16 ya\u015f\u0131ndaki Yura Konev, K\u0131rlang\u0131\u00e7 \u00d6nc\u00fc Kamp\u0131\u2019nda ge\u00e7irece\u011fi haftalar\u0131 can s\u0131k\u0131nt\u0131s\u0131 ve korkuyla<span class=\"excerpt-hellip\"> [\u2026]<\/span><\/p>\n","protected":false},"featured_media":0,"template":"","meta":{"_monsterinsights_skip_tracking":false,"_monsterinsights_sitenote_active":false,"_monsterinsights_sitenote_note":"","_monsterinsights_sitenote_category":0},"product_brand":[],"product_cat":[12291,12711],"product_tag":[],"class_list":{"0":"post-779679","1":"product","2":"type-product","3":"status-publish","5":"product_cat-edebiyat","6":"product_cat-roman-oyku","7":"pa_cilt-ciltsiz","8":"pa_tur-kitap","9":"pa_yayinevi-dex-yayinevi","10":"pa_yazar-elena-malisova-katerina-silvanova","12":"first","13":"instock","14":"sale","15":"shipping-taxable","16":"purchasable","17":"product-type-simple"},"_links":{"self":[{"href":"https:\/\/roveyayinevi.com.tr\/index.php\/wp-json\/wp\/v2\/product\/779679","targetHints":{"allow":["GET"]}}],"collection":[{"href":"https:\/\/roveyayinevi.com.tr\/index.php\/wp-json\/wp\/v2\/product"}],"about":[{"href":"https:\/\/roveyayinevi.com.tr\/index.php\/wp-json\/wp\/v2\/types\/product"}],"wp:attachment":[{"href":"https:\/\/roveyayinevi.com.tr\/index.php\/wp-json\/wp\/v2\/media?parent=779679"}],"wp:term":[{"taxonomy":"product_brand","embeddable":true,"href":"https:\/\/roveyayinevi.com.tr\/index.php\/wp-json\/wp\/v2\/product_brand?post=779679"},{"taxonomy":"product_cat","embeddable":true,"href":"https:\/\/roveyayinevi.com.tr\/index.php\/wp-json\/wp\/v2\/product_cat?post=779679"},{"taxonomy":"product_tag","embeddable":true,"href":"https:\/\/roveyayinevi.com.tr\/index.php\/wp-json\/wp\/v2\/product_tag?post=779679"}],"curies":[{"name":"wp","href":"https:\/\/api.w.org\/{rel}","templated":true}]}}