{"id":779678,"date":"2025-12-30T12:06:04","date_gmt":"2025-12-30T09:06:04","guid":{"rendered":"https:\/\/roveyayinevi.com.tr\/index.php\/urun\/kum-tefrikalari\/"},"modified":"2026-04-15T03:44:17","modified_gmt":"2026-04-15T00:44:17","slug":"kum-tefrikalari","status":"publish","type":"product","link":"https:\/\/roveyayinevi.com.tr\/index.php\/urun\/kum-tefrikalari\/","title":{"rendered":"Kum Tefrikalar\u0131"},"content":{"rendered":"<p>\u201cD\u00fcnyan\u0131n kenar\u0131, derdi Murat Hoca buraya; kimsenin hik\u00e2yesi burada ba\u015flamaz doktorum, sadece herkesinki burada sona erer. Yan\u0131l\u0131yordu halbuki. Benim hik\u00e2yem tam da burada ba\u015flad\u0131. D\u00fcnyan\u0131n kenar\u0131nda ya da salonun ortas\u0131nda ya da her ne haltsa, ama temmuzda,  r\u00fczg\u00e2rl\u0131 bir havada.\u201d R\u00fczg\u00e2r hi\u00e7 durmadan esiyor sayfalar\u0131n aras\u0131nda, her \u015fey bir g\u00f6r\u00fcn\u00fcp bir kayboluyor ya da bir kaybolup bir g\u00f6r\u00fcn\u00fcyor. Yutuyor kenarlar\u0131, k\u00f6\u015feleri, arabalar\u0131, evleri kum; yutuyor g\u00fcnleri, takvimleri, atlar\u0131, u\u00e7aklar\u0131 ve de hepsinden m\u00fcrekkep hayalleri. Bozk\u0131ra bakan izbe balkonlar Bo\u011faz\u2019a a\u00e7\u0131l\u0131yor bir vakit; \u00f6l\u00fcmler umuda, umutlar \u00e7aresizli\u011fe benziyor yava\u015f yava\u015f. Her kavram de\u011fi\u015fip d\u00f6n\u00fc\u015f\u00fcrken, T\u00fcrkiye\u2019nin son y\u00fcz y\u0131l\u0131nda dolan\u0131yor \u00d6m\u00fcr \u0130klim Demir; ge\u00e7mi\u015fle gelece\u011fin aras\u0131nda sab\u0131rla mekik dokuyor. \u0130lk eseri Muhtelif Evhamlar Kitab\u0131\u2019n\u0131n ard\u0131ndan, \u201ckumdan, buhardan, hayalden ibaret\u201d bir romanla \u00e7\u0131k\u0131yor kar\u015f\u0131m\u0131za.Kum Tefrikalar\u0131, kuytunun, saplan\u0131p kalman\u0131n, kendine g\u00f6m\u00fclmenin, uzaklara d\u00fc\u015fmenin, \u00f6teki bile olamaman\u0131n, bo\u015flu\u011fun, hevesin, me\u015fgalenin, Doktor Mithat\u2019\u0131n, Murat Hoca\u2019n\u0131n, Yurdanur Hala\u2019n\u0131n, \u015eevket Kemal Bey\u2019in, \u00f6l\u00fclerin, kelimelerin, telgraf t\u0131k\u0131rt\u0131s\u0131n\u0131n, tozun, r\u00fczg\u00e2r\u0131n, bulutlar\u0131n, b\u00fct\u00fcn o y\u0131llar\u0131n ve de \u00fcst\u00fcm\u00fczden esip ge\u00e7en di\u011fer \u015feylerin hik\u00e2yesi. Bir iyi dilek, bir ilk roman\u2026<\/p>\n","protected":false},"excerpt":{"rendered":"<p>\u201cD\u00fcnyan\u0131n kenar\u0131, derdi Murat Hoca buraya; kimsenin hik\u00e2yesi burada ba\u015flamaz doktorum, sadece herkesinki burada sona erer. Yan\u0131l\u0131yordu halbuki. Benim hik\u00e2yem tam da burada ba\u015flad\u0131. D\u00fcnyan\u0131n kenar\u0131nda<span class=\"excerpt-hellip\"> [\u2026]<\/span><\/p>\n","protected":false},"featured_media":0,"template":"","meta":{"_monsterinsights_skip_tracking":false,"_monsterinsights_sitenote_active":false,"_monsterinsights_sitenote_note":"","_monsterinsights_sitenote_category":0},"product_brand":[],"product_cat":[12291,12711],"product_tag":[],"class_list":{"0":"post-779678","1":"product","2":"type-product","3":"status-publish","5":"product_cat-edebiyat","6":"product_cat-roman-oyku","7":"pa_cilt-ciltsiz","8":"pa_tur-kitap","9":"pa_yayinevi-dogan-kitap","10":"pa_yazar-omur-iklim-demir","12":"first","13":"instock","14":"sale","15":"shipping-taxable","16":"purchasable","17":"product-type-simple"},"_links":{"self":[{"href":"https:\/\/roveyayinevi.com.tr\/index.php\/wp-json\/wp\/v2\/product\/779678","targetHints":{"allow":["GET"]}}],"collection":[{"href":"https:\/\/roveyayinevi.com.tr\/index.php\/wp-json\/wp\/v2\/product"}],"about":[{"href":"https:\/\/roveyayinevi.com.tr\/index.php\/wp-json\/wp\/v2\/types\/product"}],"wp:attachment":[{"href":"https:\/\/roveyayinevi.com.tr\/index.php\/wp-json\/wp\/v2\/media?parent=779678"}],"wp:term":[{"taxonomy":"product_brand","embeddable":true,"href":"https:\/\/roveyayinevi.com.tr\/index.php\/wp-json\/wp\/v2\/product_brand?post=779678"},{"taxonomy":"product_cat","embeddable":true,"href":"https:\/\/roveyayinevi.com.tr\/index.php\/wp-json\/wp\/v2\/product_cat?post=779678"},{"taxonomy":"product_tag","embeddable":true,"href":"https:\/\/roveyayinevi.com.tr\/index.php\/wp-json\/wp\/v2\/product_tag?post=779678"}],"curies":[{"name":"wp","href":"https:\/\/api.w.org\/{rel}","templated":true}]}}