{"id":779677,"date":"2025-12-30T12:06:02","date_gmt":"2025-12-30T09:06:02","guid":{"rendered":"https:\/\/roveyayinevi.com.tr\/index.php\/urun\/doga-yalan-soyler\/"},"modified":"2026-04-15T03:44:17","modified_gmt":"2026-04-15T00:44:17","slug":"doga-yalan-soyler","status":"publish","type":"product","link":"https:\/\/roveyayinevi.com.tr\/index.php\/urun\/doga-yalan-soyler\/","title":{"rendered":"Do\u011fa Yalan S\u00f6yler"},"content":{"rendered":"<p>Belki de do\u011fan\u0131n bize f\u0131s\u0131ldad\u0131\u011f\u0131 tek ger\u00e7ek vard\u0131r: Her canl\u0131, hayatta kalmak i\u00e7in biraz yalan s\u00f6ylemek zorundad\u0131r\u2026Do\u011fa, sand\u0131\u011f\u0131m\u0131z kadar masum de\u011fildir. Bir karga sahte bir \u00e7\u0131\u011fl\u0131kla rakibini kand\u0131r\u0131r, bir y\u0131lan di\u015fi gibi davranarak avantaj kazan\u0131r, bir bitki ise b\u00f6ce\u011fi tuza\u011fa d\u00fc\u015f\u00fcrerek \u00f6l\u00fcm\u00fcne neden olur.Lixing Sun, Do\u011fa Yalan S\u00f6yler\u2019de do\u011fadaki b\u00fcy\u00fcleyici aldatma a\u011f\u0131n\u0131 a\u00e7\u0131\u011fa \u00e7\u0131kar\u0131yor. Evrimin perde arkas\u0131ndaki bu oyunlarda yalan bir kusur de\u011fil, ya\u015fam\u0131n devam\u0131 i\u00e7in bir gerekliliktir. Mikroskobik ya\u015famdan toplumsal davran\u0131\u015flara, genlerden insan ruhuna uzanan bu anlat\u0131, do\u011fan\u0131n d\u00fcr\u00fcstl\u00fckle de\u011fil, dengeyle i\u015fledi\u011fini hat\u0131rlat\u0131r.\u201cYalanlarla \u00f6r\u00fcl\u00fc bir d\u00fcnyaday\u0131z; Lixing Sun bu ger\u00e7e\u011fi hayvanlar, bitkiler ve aralar\u0131ndaki en usta yalanc\u0131 olan insanlar \u00fczerine yazd\u0131\u011f\u0131 bu \u00e7arp\u0131c\u0131 kitab\u0131nda ustal\u0131kla g\u00f6zler \u00f6n\u00fcne seriyor. Evrimsel biyolojinin ba\u015fyap\u0131t\u0131!\u201d\u2013 Wall Street Journal\u201cAldatmacan\u0131n d\u00fcnyas\u0131na b\u00fcy\u00fcleyici bir giri\u015f.\u201d\u2013 Booklist<\/p>\n","protected":false},"excerpt":{"rendered":"<p>Belki de do\u011fan\u0131n bize f\u0131s\u0131ldad\u0131\u011f\u0131 tek ger\u00e7ek vard\u0131r: Her canl\u0131, hayatta kalmak i\u00e7in biraz yalan s\u00f6ylemek zorundad\u0131r\u2026Do\u011fa, sand\u0131\u011f\u0131m\u0131z kadar masum de\u011fildir. Bir karga sahte bir \u00e7\u0131\u011fl\u0131kla<span class=\"excerpt-hellip\"> [\u2026]<\/span><\/p>\n","protected":false},"featured_media":0,"template":"","meta":{"_monsterinsights_skip_tracking":false,"_monsterinsights_sitenote_active":false,"_monsterinsights_sitenote_note":"","_monsterinsights_sitenote_category":0},"product_brand":[],"product_cat":[13005,13006],"product_tag":[],"class_list":{"0":"post-779677","1":"product","2":"type-product","3":"status-publish","5":"product_cat-bilim-muhendislik","6":"product_cat-populer-bilim","7":"pa_cilt-ciltsiz","8":"pa_tur-kitap","9":"pa_yayinevi-dogan-kitap","10":"pa_yazar-lixing-sun","12":"first","13":"instock","14":"sale","15":"shipping-taxable","16":"purchasable","17":"product-type-simple"},"_links":{"self":[{"href":"https:\/\/roveyayinevi.com.tr\/index.php\/wp-json\/wp\/v2\/product\/779677","targetHints":{"allow":["GET"]}}],"collection":[{"href":"https:\/\/roveyayinevi.com.tr\/index.php\/wp-json\/wp\/v2\/product"}],"about":[{"href":"https:\/\/roveyayinevi.com.tr\/index.php\/wp-json\/wp\/v2\/types\/product"}],"wp:attachment":[{"href":"https:\/\/roveyayinevi.com.tr\/index.php\/wp-json\/wp\/v2\/media?parent=779677"}],"wp:term":[{"taxonomy":"product_brand","embeddable":true,"href":"https:\/\/roveyayinevi.com.tr\/index.php\/wp-json\/wp\/v2\/product_brand?post=779677"},{"taxonomy":"product_cat","embeddable":true,"href":"https:\/\/roveyayinevi.com.tr\/index.php\/wp-json\/wp\/v2\/product_cat?post=779677"},{"taxonomy":"product_tag","embeddable":true,"href":"https:\/\/roveyayinevi.com.tr\/index.php\/wp-json\/wp\/v2\/product_tag?post=779677"}],"curies":[{"name":"wp","href":"https:\/\/api.w.org\/{rel}","templated":true}]}}