{"id":779666,"date":"2025-12-30T12:05:26","date_gmt":"2025-12-30T09:05:26","guid":{"rendered":"https:\/\/roveyayinevi.com.tr\/index.php\/urun\/yapay-zeka-ve-gazeteciligin-yeni-rotasi\/"},"modified":"2026-04-15T03:44:17","modified_gmt":"2026-04-15T00:44:17","slug":"yapay-zeka-ve-gazeteciligin-yeni-rotasi","status":"publish","type":"product","link":"https:\/\/roveyayinevi.com.tr\/index.php\/urun\/yapay-zeka-ve-gazeteciligin-yeni-rotasi\/","title":{"rendered":"Yapay Zeka Ve Gazetecili\u011fin Yeni Rotas\u0131"},"content":{"rendered":"<p>Edit\u00f6rl\u00fc\u011f\u00fcn\u00fc Nabat Garakhanova\u2019n\u0131n yapt\u0131\u011f\u0131 eser, hem bug\u00fcn\u00fcn medya ortam\u0131n\u0131 ele\u015ftirel bir g\u00f6zle anlamak hem de yar\u0131n\u0131n gazetecili\u011fine dair yeni bir bak\u0131\u015f a\u00e7\u0131s\u0131 ve vizyon geli\u015ftirmek isteyenler i\u00e7in e\u015fsiz bir kaynak niteli\u011finde. Dijital \u00e7ag\u0306\u0131n h\u0131zla deg\u0306is\u0327en medya ekosisteminde, gazetecilig\u0306in rol\u00fc ve sorumluluklar\u0131 her zamankinden daha karmas\u0327\u0131k ve bir o kadar da kritik hale geliyor. \u201cYapay Zek\u00e2 ve Gazetecilig\u0306in Yeni Rotas\u0131: Dijital \u00c7ag\u0306da Medya Okuryazarl\u0131g\u0306\u0131\u201d, bu d\u00f6n\u00fcs\u0327\u00fcm\u00fc anlamak ve dog\u0306ru bi\u00e7imde y\u00f6nlendirmek isteyen herkes i\u00e7in kapsaml\u0131 bir rehber nitelig\u0306inde. T\u00fcrkiye\u2019de gazetecilere y\u00f6nelik haz\u0131rlanan ilk Art\u0131r\u0131lm\u0131s\u0327 Ger\u00e7eklik (AR) destekli interaktif yay\u0131n olma \u00f6zellig\u0306ini tas\u0327\u0131yan eser, yaln\u0131zca teorik bilgileri deg\u0306il, ayn\u0131 zamanda etkiles\u0327imli deneyimleri de okurun hizmetine sunuyor. Okuyucular, kitapta yer alan \u00f6zel bag\u0306lant\u0131lar ve kodlar sayesinde dijital i\u00e7eriklere eris\u0327erek gazetecilig\u0306in yeni boyutlar\u0131n\u0131 kes\u0327fedecekler. Akademisyenlerden gazetecilere, \u00f6g\u0306rencilerden aras\u0327t\u0131rmac\u0131lara kadar genis\u0327 bir kitleye hitap eden bu eser; medya okuryazarl\u0131g\u0306\u0131, dijital vatandas\u0327l\u0131k, etik sorumluluklar, yapay zek\u00e2 ve psikoloji gibi konularda farkl\u0131 disiplinlerden deg\u0306erli katk\u0131lar sunuyor. Hem bug\u00fcn\u00fcn medya ortam\u0131n\u0131 eles\u0327tirel bir g\u00f6zle anlamak hem de yar\u0131n\u0131n gazetecilig\u0306ine dair yeni bir bak\u0131s\u0327 a\u00e7\u0131s\u0131 ve vizyon gelis\u0327tirmek isteyenler i\u00e7in es\u0327siz bir kaynak nitelig\u0306inde. <\/p>\n","protected":false},"excerpt":{"rendered":"<p>Edit\u00f6rl\u00fc\u011f\u00fcn\u00fc Nabat Garakhanova\u2019n\u0131n yapt\u0131\u011f\u0131 eser, hem bug\u00fcn\u00fcn medya ortam\u0131n\u0131 ele\u015ftirel bir g\u00f6zle anlamak hem de yar\u0131n\u0131n gazetecili\u011fine dair yeni bir bak\u0131\u015f a\u00e7\u0131s\u0131 ve vizyon geli\u015ftirmek isteyenler<span class=\"excerpt-hellip\"> [\u2026]<\/span><\/p>\n","protected":false},"featured_media":0,"template":"","meta":{"_monsterinsights_skip_tracking":false,"_monsterinsights_sitenote_active":false,"_monsterinsights_sitenote_note":"","_monsterinsights_sitenote_category":0},"product_brand":[],"product_cat":[15983,13488],"product_tag":[],"class_list":{"0":"post-779666","1":"product","2":"type-product","3":"status-publish","5":"product_cat-iletisim-ve-medya","6":"product_cat-toplum-ve-insan","7":"pa_cilt-ciltsiz","8":"pa_tur-kitap","9":"pa_yayinevi-anadolu-ajansi-yayinevi","10":"pa_yazar-kolektif","12":"first","13":"instock","14":"sale","15":"shipping-taxable","16":"purchasable","17":"product-type-simple"},"_links":{"self":[{"href":"https:\/\/roveyayinevi.com.tr\/index.php\/wp-json\/wp\/v2\/product\/779666","targetHints":{"allow":["GET"]}}],"collection":[{"href":"https:\/\/roveyayinevi.com.tr\/index.php\/wp-json\/wp\/v2\/product"}],"about":[{"href":"https:\/\/roveyayinevi.com.tr\/index.php\/wp-json\/wp\/v2\/types\/product"}],"wp:attachment":[{"href":"https:\/\/roveyayinevi.com.tr\/index.php\/wp-json\/wp\/v2\/media?parent=779666"}],"wp:term":[{"taxonomy":"product_brand","embeddable":true,"href":"https:\/\/roveyayinevi.com.tr\/index.php\/wp-json\/wp\/v2\/product_brand?post=779666"},{"taxonomy":"product_cat","embeddable":true,"href":"https:\/\/roveyayinevi.com.tr\/index.php\/wp-json\/wp\/v2\/product_cat?post=779666"},{"taxonomy":"product_tag","embeddable":true,"href":"https:\/\/roveyayinevi.com.tr\/index.php\/wp-json\/wp\/v2\/product_tag?post=779666"}],"curies":[{"name":"wp","href":"https:\/\/api.w.org\/{rel}","templated":true}]}}